{"id":47562,"date":"2026-02-01T20:22:12","date_gmt":"2026-02-01T20:22:12","guid":{"rendered":"https:\/\/cig22.com\/?page_id=47562"},"modified":"2026-02-01T20:37:01","modified_gmt":"2026-02-01T20:37:01","slug":"reuniones-presenciales","status":"publish","type":"page","link":"https:\/\/cig22.com\/zh\/reuniones-presenciales\/","title":{"rendered":"Reuniones presenciales"},"content":{"rendered":"<div data-elementor-type=\"wp-page\" data-elementor-id=\"47562\" class=\"elementor elementor-47562\" data-elementor-post-type=\"page\">\n\t\t\t\t\t\t<section class=\"elementor-section elementor-top-section elementor-element elementor-element-54e14d5 elementor-section-full_width elementor-section-stretched elementor-section-height-default elementor-section-height-default\" data-id=\"54e14d5\" data-element_type=\"section\" data-e-type=\"section\" data-settings=\"{&quot;stretch_section&quot;:&quot;section-stretched&quot;,&quot;background_background&quot;:&quot;classic&quot;}\">\n\t\t\t\t\t\t<div class=\"elementor-container elementor-column-gap-no\">\n\t\t\t\t\t<div class=\"elementor-column elementor-col-100 elementor-top-column elementor-element elementor-element-07f7496\" data-id=\"07f7496\" data-element_type=\"column\" data-e-type=\"column\">\n\t\t\t<div class=\"elementor-widget-wrap elementor-element-populated\">\n\t\t\t\t\t\t<div class=\"elementor-element elementor-element-0e74fa7 elementor-widget elementor-widget-heading\" data-id=\"0e74fa7\" data-element_type=\"widget\" data-e-type=\"widget\" data-widget_type=\"heading.default\">\n\t\t\t\t<div class=\"elementor-widget-container\">\n\t\t\t\t\t<h2 class=\"elementor-heading-title elementor-size-default\">Reuniones presenciales<\/h2>\t\t\t\t<\/div>\n\t\t\t\t<\/div>\n\t\t\t\t\t<\/div>\n\t\t<\/div>\n\t\t\t\t\t<\/div>\n\t\t<\/section>\n\t\t\t\t<section class=\"elementor-section elementor-top-section elementor-element elementor-element-3887a67 elementor-section-boxed elementor-section-height-default elementor-section-height-default\" data-id=\"3887a67\" data-element_type=\"section\" data-e-type=\"section\">\n\t\t\t\t\t\t<div class=\"elementor-container elementor-column-gap-default\">\n\t\t\t\t\t<div class=\"elementor-column elementor-col-100 elementor-top-column elementor-element elementor-element-84c092c\" data-id=\"84c092c\" data-element_type=\"column\" data-e-type=\"column\">\n\t\t\t<div class=\"elementor-widget-wrap elementor-element-populated\">\n\t\t\t\t\t\t<div class=\"elementor-element elementor-element-b0d1e67 elementor-widget elementor-widget-text-editor\" data-id=\"b0d1e67\" data-element_type=\"widget\" data-e-type=\"widget\" data-widget_type=\"text-editor.default\">\n\t\t\t\t<div class=\"elementor-widget-container\">\n\t\t\t\t\t\t\t\t\t<p>Realizamos reuniones presenciales frecuentemente con la participaci\u00f3n de las personas a las que me he acercado repentinamente, explicandoles en que consiste este proyecto y ayudandoles en todo lo que necesiten, en las reunionemos conversamos acerca de los temas de la red de todo y hacemos din\u00e1micas sociales que nos ayudan a conocernos mejor para crecer como comunidad, haciendo que CIG22 continue expandiendose.<\/p><p>Puedes unirte si no nos hemos conocido o nos hemos visto alguna vez, no importa cuanto tiempo haya pasado eres bienvenido, puedes invitar a alguien a la reuni\u00f3n en la que descubrir\u00e1s que es la amistad verdadera, tambi\u00e9n venir solo porque todos son amables.<\/p><p>Si a\u00fan no has profundizado mucho en la red de todo no te preocupes que te ayudaremos entre todos, tambi\u00e9n si tuvieras dudas o razones que dar para aclarar ciertas cosas.\u00a0<\/p><p>Las din\u00e1micas que realizamos son diversas y siempre se prioriza que todos la pasen bien y al mismo tiempo aprender cosas profundas, \u00fanete a nuestras reuniones presenciales, espero conocerte, cuando te contactes conmigo te indicar\u00e9 cuando y donde son las reuniones.<\/p>\t\t\t\t\t\t\t\t<\/div>\n\t\t\t\t<\/div>\n\t\t\t\t\t<\/div>\n\t\t<\/div>\n\t\t\t\t\t<\/div>\n\t\t<\/section>\n\t\t\t\t<section class=\"elementor-section elementor-top-section elementor-element elementor-element-5ce8872 elementor-section-full_width elementor-section-stretched elementor-section-height-default elementor-section-height-default\" data-id=\"5ce8872\" data-element_type=\"section\" data-e-type=\"section\" data-settings=\"{&quot;stretch_section&quot;:&quot;section-stretched&quot;}\">\n\t\t\t\t\t\t<div class=\"elementor-container elementor-column-gap-no\">\n\t\t\t\t\t<div class=\"elementor-column elementor-col-100 elementor-top-column elementor-element elementor-element-b0090ff\" data-id=\"b0090ff\" data-element_type=\"column\" data-e-type=\"column\">\n\t\t\t<div class=\"elementor-widget-wrap elementor-element-populated\">\n\t\t\t\t\t\t<div class=\"elementor-element elementor-element-c1c265f elementor-widget elementor-widget-image\" data-id=\"c1c265f\" data-element_type=\"widget\" data-e-type=\"widget\" data-widget_type=\"image.default\">\n\t\t\t\t<div class=\"elementor-widget-container\">\n\t\t\t\t\t\t\t\t\t\t\t\t\t\t\t<img fetchpriority=\"high\" decoding=\"async\" width=\"964\" height=\"958\" src=\"https:\/\/cig22.com\/wp-content\/uploads\/img.jpg\" class=\"attachment-full size-full wp-image-47545\" alt=\"\" srcset=\"https:\/\/cig22.com\/wp-content\/uploads\/img.jpg 964w, https:\/\/cig22.com\/wp-content\/uploads\/img-300x298.jpg 300w, https:\/\/cig22.com\/wp-content\/uploads\/img-150x150.jpg 150w, https:\/\/cig22.com\/wp-content\/uploads\/img-768x763.jpg 768w, https:\/\/cig22.com\/wp-content\/uploads\/img-12x12.jpg 12w, https:\/\/cig22.com\/wp-content\/uploads\/img-600x596.jpg 600w, https:\/\/cig22.com\/wp-content\/uploads\/img-100x100.jpg 100w\" sizes=\"(max-width: 964px) 100vw, 964px\" \/>\t\t\t\t\t\t\t\t\t\t\t\t\t\t\t<\/div>\n\t\t\t\t<\/div>\n\t\t\t\t<div class=\"elementor-element elementor-element-888f6d0 elementor-widget elementor-widget-image\" data-id=\"888f6d0\" data-element_type=\"widget\" data-e-type=\"widget\" data-widget_type=\"image.default\">\n\t\t\t\t<div class=\"elementor-widget-container\">\n\t\t\t\t\t\t\t\t\t\t\t\t\t\t\t<img decoding=\"async\" width=\"2560\" height=\"1920\" src=\"https:\/\/cig22.com\/wp-content\/uploads\/img3-scaled.jpg\" class=\"attachment-full size-full wp-image-47544\" alt=\"\" srcset=\"https:\/\/cig22.com\/wp-content\/uploads\/img3-scaled.jpg 2560w, https:\/\/cig22.com\/wp-content\/uploads\/img3-300x225.jpg 300w, https:\/\/cig22.com\/wp-content\/uploads\/img3-1024x768.jpg 1024w, https:\/\/cig22.com\/wp-content\/uploads\/img3-768x576.jpg 768w, https:\/\/cig22.com\/wp-content\/uploads\/img3-1536x1152.jpg 1536w, https:\/\/cig22.com\/wp-content\/uploads\/img3-2048x1536.jpg 2048w, https:\/\/cig22.com\/wp-content\/uploads\/img3-16x12.jpg 16w, https:\/\/cig22.com\/wp-content\/uploads\/img3-600x450.jpg 600w\" sizes=\"(max-width: 2560px) 100vw, 2560px\" \/>\t\t\t\t\t\t\t\t\t\t\t\t\t\t\t<\/div>\n\t\t\t\t<\/div>\n\t\t\t\t<div class=\"elementor-element elementor-element-d9aa415 elementor-widget elementor-widget-image\" data-id=\"d9aa415\" data-element_type=\"widget\" data-e-type=\"widget\" data-widget_type=\"image.default\">\n\t\t\t\t<div class=\"elementor-widget-container\">\n\t\t\t\t\t\t\t\t\t\t\t\t\t\t\t<img decoding=\"async\" width=\"2560\" height=\"1920\" src=\"https:\/\/cig22.com\/wp-content\/uploads\/img4-scaled.jpg\" class=\"attachment-full size-full wp-image-47543\" alt=\"\" srcset=\"https:\/\/cig22.com\/wp-content\/uploads\/img4-scaled.jpg 2560w, https:\/\/cig22.com\/wp-content\/uploads\/img4-300x225.jpg 300w, https:\/\/cig22.com\/wp-content\/uploads\/img4-1024x768.jpg 1024w, https:\/\/cig22.com\/wp-content\/uploads\/img4-768x576.jpg 768w, https:\/\/cig22.com\/wp-content\/uploads\/img4-1536x1152.jpg 1536w, https:\/\/cig22.com\/wp-content\/uploads\/img4-2048x1536.jpg 2048w, https:\/\/cig22.com\/wp-content\/uploads\/img4-16x12.jpg 16w, https:\/\/cig22.com\/wp-content\/uploads\/img4-600x450.jpg 600w\" sizes=\"(max-width: 2560px) 100vw, 2560px\" \/>\t\t\t\t\t\t\t\t\t\t\t\t\t\t\t<\/div>\n\t\t\t\t<\/div>\n\t\t\t\t<div class=\"elementor-element elementor-element-eb4e5d0 elementor-widget elementor-widget-image\" data-id=\"eb4e5d0\" data-element_type=\"widget\" data-e-type=\"widget\" data-widget_type=\"image.default\">\n\t\t\t\t<div class=\"elementor-widget-container\">\n\t\t\t\t\t\t\t\t\t\t\t\t\t\t\t<img loading=\"lazy\" decoding=\"async\" width=\"2560\" height=\"1920\" src=\"https:\/\/cig22.com\/wp-content\/uploads\/P1230331-scaled.jpg\" class=\"attachment-full size-full wp-image-47541\" alt=\"\" srcset=\"https:\/\/cig22.com\/wp-content\/uploads\/P1230331-scaled.jpg 2560w, https:\/\/cig22.com\/wp-content\/uploads\/P1230331-300x225.jpg 300w, https:\/\/cig22.com\/wp-content\/uploads\/P1230331-1024x768.jpg 1024w, https:\/\/cig22.com\/wp-content\/uploads\/P1230331-768x576.jpg 768w, https:\/\/cig22.com\/wp-content\/uploads\/P1230331-1536x1152.jpg 1536w, https:\/\/cig22.com\/wp-content\/uploads\/P1230331-2048x1536.jpg 2048w, https:\/\/cig22.com\/wp-content\/uploads\/P1230331-16x12.jpg 16w, https:\/\/cig22.com\/wp-content\/uploads\/P1230331-600x450.jpg 600w\" sizes=\"(max-width: 2560px) 100vw, 2560px\" \/>\t\t\t\t\t\t\t\t\t\t\t\t\t\t\t<\/div>\n\t\t\t\t<\/div>\n\t\t\t\t<div class=\"elementor-element elementor-element-c8180e5 elementor-widget elementor-widget-image\" data-id=\"c8180e5\" data-element_type=\"widget\" data-e-type=\"widget\" data-widget_type=\"image.default\">\n\t\t\t\t<div class=\"elementor-widget-container\">\n\t\t\t\t\t\t\t\t\t\t\t\t\t\t\t<img loading=\"lazy\" decoding=\"async\" width=\"2560\" height=\"1920\" src=\"https:\/\/cig22.com\/wp-content\/uploads\/P1230544-scaled.jpg\" class=\"attachment-full size-full wp-image-47537\" alt=\"\" srcset=\"https:\/\/cig22.com\/wp-content\/uploads\/P1230544-scaled.jpg 2560w, https:\/\/cig22.com\/wp-content\/uploads\/P1230544-300x225.jpg 300w, https:\/\/cig22.com\/wp-content\/uploads\/P1230544-1024x768.jpg 1024w, https:\/\/cig22.com\/wp-content\/uploads\/P1230544-768x576.jpg 768w, https:\/\/cig22.com\/wp-content\/uploads\/P1230544-1536x1152.jpg 1536w, https:\/\/cig22.com\/wp-content\/uploads\/P1230544-2048x1536.jpg 2048w, https:\/\/cig22.com\/wp-content\/uploads\/P1230544-16x12.jpg 16w, https:\/\/cig22.com\/wp-content\/uploads\/P1230544-600x450.jpg 600w\" sizes=\"(max-width: 2560px) 100vw, 2560px\" \/>\t\t\t\t\t\t\t\t\t\t\t\t\t\t\t<\/div>\n\t\t\t\t<\/div>\n\t\t\t\t\t<\/div>\n\t\t<\/div>\n\t\t\t\t\t<\/div>\n\t\t<\/section>\n\t\t\t\t<section class=\"elementor-section elementor-top-section elementor-element elementor-element-b993802 elementor-section-full_width elementor-section-stretched elementor-section-height-default elementor-section-height-default\" data-id=\"b993802\" data-element_type=\"section\" data-e-type=\"section\" data-settings=\"{&quot;stretch_section&quot;:&quot;section-stretched&quot;,&quot;background_background&quot;:&quot;classic&quot;}\">\n\t\t\t\t\t\t<div class=\"elementor-container elementor-column-gap-no\">\n\t\t\t\t\t<div class=\"elementor-column elementor-col-100 elementor-top-column elementor-element elementor-element-f8eb5cb\" data-id=\"f8eb5cb\" data-element_type=\"column\" data-e-type=\"column\">\n\t\t\t<div class=\"elementor-widget-wrap elementor-element-populated\">\n\t\t\t\t\t\t<div class=\"elementor-element elementor-element-7c87a63 elementor-widget elementor-widget-ucaddon_neon_glowing_button_effect\" data-id=\"7c87a63\" data-element_type=\"widget\" data-e-type=\"widget\" data-widget_type=\"ucaddon_neon_glowing_button_effect.default\">\n\t\t\t\t<div class=\"elementor-widget-container\">\n\t\t\t\t\t\n<!-- start Neon Glowing Button Effect -->\n\t\t<link id='font-awesome-css' href='https:\/\/cig22.com\/wp-content\/plugins\/unlimited-elements-for-elementor-premium\/assets_libraries\/font-awesome6\/fontawesome-all.min.css' type='text\/css' rel='stylesheet' >\n\t\t<link id='font-awesome-4-shim-css' href='https:\/\/cig22.com\/wp-content\/plugins\/unlimited-elements-for-elementor-premium\/assets_libraries\/font-awesome6\/fontawesome-v4-shims.min.css' type='text\/css' rel='stylesheet' >\n\n<style>\/* widget: Neon Glowing Button Effect *\/\n\n#uc_neon_glowing_button_effect_elementor_7c87a63 *{\n    margin: 0;\n    box-sizing: border-box;\n}\n\n#uc_neon_glowing_button_effect_elementor_7c87a63 .ue-btn\n{\n  display:flex;\n  align-items:center;\n}\n\n#uc_neon_glowing_button_effect_elementor_7c87a63 .ue-btn svg\n{\n  height:1em;\n  width:1em;\n}\n\n\n#uc_neon_glowing_button_effect_elementor_7c87a63 a{\n    position: relative;\n    display: inline-block;\n    text-decoration: none;\n    transition: 0.5s;\n    overflow: hidden;\n   \n}\n#uc_neon_glowing_button_effect_elementor_7c87a63 a:hover{\n    background: #FFFFFF;\n    box-shadow: 0 0 5px #FFFFFF,\n                0 0 25px #FFFFFF,\n                0 0 50px #FFFFFF,\n                0 0 200px #FFFFFF;\n}\n\n#uc_neon_glowing_button_effect_elementor_7c87a63 a span{\n    position: absolute;\n    display: block;\n}\n#uc_neon_glowing_button_effect_elementor_7c87a63 a span:nth-child(1){\n    top: 0;\n    left: 0;\n    width: 100%;\n    background: linear-gradient(90deg,transparent,#FFFFFF);\n    animation: animate1 1s linear infinite;\n}\n@keyframes animate1{\n    0%{\n        left: -100%;\n    }\n    50%,100%{\n        left: 100%;\n    }\n}\n#uc_neon_glowing_button_effect_elementor_7c87a63 a span:nth-child(2){\n    top: -100%;\n    right: 0;\n    height: 100%;\n    background: linear-gradient(180deg,transparent,#FFFFFF);\n    animation: animate2 1s linear infinite;\n    animation-delay: 0.25s;\n}\n@keyframes animate2{\n    0%{\n        top: -100%;\n    }\n    50%,100%{\n        top: 100%;\n    }\n}\n#uc_neon_glowing_button_effect_elementor_7c87a63 a span:nth-child(3){\n    bottom: 0;\n    right: 0;\n    width: 100%;\n    background: linear-gradient(270deg,transparent,#FFFFFF);\n    animation: animate3 1s linear infinite;\n    animation-delay: 0.50s;\n}\n@keyframes animate3{\n    0%{\n        right: -100%;\n    }\n    50%,100%{\n        right: 100%;\n    }\n}\n\n\n#uc_neon_glowing_button_effect_elementor_7c87a63 a span:nth-child(4){\n    bottom: -100%;\n    left: 0;\n    height: 100%;\n    background: linear-gradient(360deg,transparent,#FFFFFF);\n    animation: animate4 1s linear infinite;\n    animation-delay: 0.75s;\n}\n@keyframes animate4{\n    0%{\n        bottom: -100%;\n    }\n    50%,100%{\n        bottom: 100%;\n    }\n}\n\n<\/style>\n\n<div id=\"uc_neon_glowing_button_effect_elementor_7c87a63\" class=\"neon_glowing_button_effect\">\n<a href=\"https:\/\/web.whatsapp.com\/send\/?phone=51996937150&amp;#038;text&amp;#038;type=phone_number&amp;#038;app_absent=0\" class=\"neon_btn\"  target='_blank'>\n        <span><\/span>\n        <span><\/span>\n        <span><\/span>\n        <span><\/span>\n  \n        <div class=\"ue-btn\">\n\n                    \n          <div class=\"ue-btn-txt\">Unirme<\/div>\n          \n                  <\/div>\n  \n    <\/a>\n<\/div>\n<!-- end Neon Glowing Button Effect -->\t\t\t\t<\/div>\n\t\t\t\t<\/div>\n\t\t\t\t\t<\/div>\n\t\t<\/div>\n\t\t\t\t\t<\/div>\n\t\t<\/section>\n\t\t\t\t<\/div>","protected":false},"excerpt":{"rendered":"<p>Reuniones presenciales Realizamos reuniones presenciales frecuentemente con la participaci\u00f3n de las personas a las que me he acercado repentinamente, explicandoles en que consiste este proyecto y ayudandoles en todo lo que necesiten, en las reunionemos conversamos acerca de los temas de la red de todo y hacemos din\u00e1micas sociales que nos ayudan a conocernos mejor [&hellip;]<\/p>\n","protected":false},"author":1,"featured_media":0,"parent":0,"menu_order":0,"comment_status":"closed","ping_status":"closed","template":"","meta":{"_angie_page":false,"iawp_total_views":1,"footnotes":""},"class_list":["post-47562","page","type-page","status-publish","hentry"],"yoast_head":"<!-- This site is optimized with the Yoast SEO Premium plugin v22.8 (Yoast SEO v27.6) - https:\/\/yoast.com\/product\/yoast-seo-premium-wordpress\/ -->\n<title>Reuniones presenciales - CIG22<\/title>\n<meta name=\"robots\" content=\"index, follow, max-snippet:-1, max-image-preview:large, max-video-preview:-1\" \/>\n<link rel=\"canonical\" href=\"https:\/\/cig22.com\/zh\/reuniones-presenciales\/\" \/>\n<meta property=\"og:locale\" content=\"zh_CN\" \/>\n<meta property=\"og:type\" content=\"article\" \/>\n<meta property=\"og:title\" content=\"Reuniones presenciales\" \/>\n<meta property=\"og:description\" content=\"Reuniones presenciales Realizamos reuniones presenciales frecuentemente con la participaci\u00f3n de las personas a las que me he acercado repentinamente, explicandoles en que consiste este proyecto y ayudandoles en todo lo que necesiten, en las reunionemos conversamos acerca de los temas de la red de todo y hacemos din\u00e1micas sociales que nos ayudan a conocernos mejor [&hellip;]\" \/>\n<meta property=\"og:url\" content=\"https:\/\/cig22.com\/zh\/reuniones-presenciales\/\" \/>\n<meta property=\"og:site_name\" content=\"CIG22\" \/>\n<meta property=\"article:modified_time\" content=\"2026-02-01T20:37:01+00:00\" \/>\n<meta property=\"og:image\" content=\"https:\/\/cig22.com\/wp-content\/uploads\/img.jpg\" \/>\n\t<meta property=\"og:image:width\" content=\"964\" \/>\n\t<meta property=\"og:image:height\" content=\"958\" \/>\n\t<meta property=\"og:image:type\" content=\"image\/jpeg\" \/>\n<meta name=\"twitter:card\" content=\"summary_large_image\" \/>\n<meta name=\"twitter:label1\" content=\"\u9884\u8ba1\u9605\u8bfb\u65f6\u95f4\" \/>\n\t<meta name=\"twitter:data1\" content=\"2 \u5206\" \/>\n<script type=\"application\/ld+json\" class=\"yoast-schema-graph\">{\"@context\":\"https:\\\/\\\/schema.org\",\"@graph\":[{\"@type\":\"WebPage\",\"@id\":\"https:\\\/\\\/cig22.com\\\/reuniones-presenciales\\\/\",\"url\":\"https:\\\/\\\/cig22.com\\\/reuniones-presenciales\\\/\",\"name\":\"Reuniones presenciales - CIG22\",\"isPartOf\":{\"@id\":\"https:\\\/\\\/cig22.com\\\/#website\"},\"primaryImageOfPage\":{\"@id\":\"https:\\\/\\\/cig22.com\\\/reuniones-presenciales\\\/#primaryimage\"},\"image\":{\"@id\":\"https:\\\/\\\/cig22.com\\\/reuniones-presenciales\\\/#primaryimage\"},\"thumbnailUrl\":\"https:\\\/\\\/cig22.com\\\/wp-content\\\/uploads\\\/img.jpg\",\"datePublished\":\"2026-02-01T20:22:12+00:00\",\"dateModified\":\"2026-02-01T20:37:01+00:00\",\"breadcrumb\":{\"@id\":\"https:\\\/\\\/cig22.com\\\/reuniones-presenciales\\\/#breadcrumb\"},\"inLanguage\":\"zh-Hans\",\"potentialAction\":[{\"@type\":\"ReadAction\",\"target\":[\"https:\\\/\\\/cig22.com\\\/reuniones-presenciales\\\/\"]}]},{\"@type\":\"ImageObject\",\"inLanguage\":\"zh-Hans\",\"@id\":\"https:\\\/\\\/cig22.com\\\/reuniones-presenciales\\\/#primaryimage\",\"url\":\"https:\\\/\\\/cig22.com\\\/wp-content\\\/uploads\\\/img.jpg\",\"contentUrl\":\"https:\\\/\\\/cig22.com\\\/wp-content\\\/uploads\\\/img.jpg\"},{\"@type\":\"BreadcrumbList\",\"@id\":\"https:\\\/\\\/cig22.com\\\/reuniones-presenciales\\\/#breadcrumb\",\"itemListElement\":[{\"@type\":\"ListItem\",\"position\":1,\"name\":\"Portada\",\"item\":\"https:\\\/\\\/cig22.com\\\/\"},{\"@type\":\"ListItem\",\"position\":2,\"name\":\"Reuniones presenciales\"}]},{\"@type\":\"WebSite\",\"@id\":\"https:\\\/\\\/cig22.com\\\/#website\",\"url\":\"https:\\\/\\\/cig22.com\\\/\",\"name\":\"Apoyo Mutuo\",\"description\":\"\",\"publisher\":{\"@id\":\"https:\\\/\\\/cig22.com\\\/#organization\"},\"potentialAction\":[{\"@type\":\"SearchAction\",\"target\":{\"@type\":\"EntryPoint\",\"urlTemplate\":\"https:\\\/\\\/cig22.com\\\/?s={search_term_string}\"},\"query-input\":{\"@type\":\"PropertyValueSpecification\",\"valueRequired\":true,\"valueName\":\"search_term_string\"}}],\"inLanguage\":\"zh-Hans\"},{\"@type\":\"Organization\",\"@id\":\"https:\\\/\\\/cig22.com\\\/#organization\",\"name\":\"Apoyo Mutuo\",\"url\":\"https:\\\/\\\/cig22.com\\\/\",\"logo\":{\"@type\":\"ImageObject\",\"inLanguage\":\"zh-Hans\",\"@id\":\"https:\\\/\\\/cig22.com\\\/#\\\/schema\\\/logo\\\/image\\\/\",\"url\":\"https:\\\/\\\/cig22.com\\\/wp-content\\\/uploads\\\/2024\\\/05\\\/logo.png\",\"contentUrl\":\"https:\\\/\\\/cig22.com\\\/wp-content\\\/uploads\\\/2024\\\/05\\\/logo.png\",\"width\":618,\"height\":217,\"caption\":\"Apoyo Mutuo\"},\"image\":{\"@id\":\"https:\\\/\\\/cig22.com\\\/#\\\/schema\\\/logo\\\/image\\\/\"}}]}<\/script>\n<!-- \/ Yoast SEO Premium plugin. -->","yoast_head_json":{"title":"Reuniones presenciales - CIG22","robots":{"index":"index","follow":"follow","max-snippet":"max-snippet:-1","max-image-preview":"max-image-preview:large","max-video-preview":"max-video-preview:-1"},"canonical":"https:\/\/cig22.com\/zh\/reuniones-presenciales\/","og_locale":"zh_CN","og_type":"article","og_title":"Reuniones presenciales","og_description":"Reuniones presenciales Realizamos reuniones presenciales frecuentemente con la participaci\u00f3n de las personas a las que me he acercado repentinamente, explicandoles en que consiste este proyecto y ayudandoles en todo lo que necesiten, en las reunionemos conversamos acerca de los temas de la red de todo y hacemos din\u00e1micas sociales que nos ayudan a conocernos mejor [&hellip;]","og_url":"https:\/\/cig22.com\/zh\/reuniones-presenciales\/","og_site_name":"CIG22","article_modified_time":"2026-02-01T20:37:01+00:00","og_image":[{"width":964,"height":958,"url":"https:\/\/cig22.com\/wp-content\/uploads\/img.jpg","type":"image\/jpeg"}],"twitter_card":"summary_large_image","twitter_misc":{"\u9884\u8ba1\u9605\u8bfb\u65f6\u95f4":"2 \u5206"},"schema":{"@context":"https:\/\/schema.org","@graph":[{"@type":"WebPage","@id":"https:\/\/cig22.com\/reuniones-presenciales\/","url":"https:\/\/cig22.com\/reuniones-presenciales\/","name":"Reuniones presenciales - CIG22","isPartOf":{"@id":"https:\/\/cig22.com\/#website"},"primaryImageOfPage":{"@id":"https:\/\/cig22.com\/reuniones-presenciales\/#primaryimage"},"image":{"@id":"https:\/\/cig22.com\/reuniones-presenciales\/#primaryimage"},"thumbnailUrl":"https:\/\/cig22.com\/wp-content\/uploads\/img.jpg","datePublished":"2026-02-01T20:22:12+00:00","dateModified":"2026-02-01T20:37:01+00:00","breadcrumb":{"@id":"https:\/\/cig22.com\/reuniones-presenciales\/#breadcrumb"},"inLanguage":"zh-Hans","potentialAction":[{"@type":"ReadAction","target":["https:\/\/cig22.com\/reuniones-presenciales\/"]}]},{"@type":"ImageObject","inLanguage":"zh-Hans","@id":"https:\/\/cig22.com\/reuniones-presenciales\/#primaryimage","url":"https:\/\/cig22.com\/wp-content\/uploads\/img.jpg","contentUrl":"https:\/\/cig22.com\/wp-content\/uploads\/img.jpg"},{"@type":"BreadcrumbList","@id":"https:\/\/cig22.com\/reuniones-presenciales\/#breadcrumb","itemListElement":[{"@type":"ListItem","position":1,"name":"Portada","item":"https:\/\/cig22.com\/"},{"@type":"ListItem","position":2,"name":"Reuniones presenciales"}]},{"@type":"WebSite","@id":"https:\/\/cig22.com\/#website","url":"https:\/\/cig22.com\/","name":"Apoyo Mutuo","description":"","publisher":{"@id":"https:\/\/cig22.com\/#organization"},"potentialAction":[{"@type":"SearchAction","target":{"@type":"EntryPoint","urlTemplate":"https:\/\/cig22.com\/?s={search_term_string}"},"query-input":{"@type":"PropertyValueSpecification","valueRequired":true,"valueName":"search_term_string"}}],"inLanguage":"zh-Hans"},{"@type":"Organization","@id":"https:\/\/cig22.com\/#organization","name":"Apoyo Mutuo","url":"https:\/\/cig22.com\/","logo":{"@type":"ImageObject","inLanguage":"zh-Hans","@id":"https:\/\/cig22.com\/#\/schema\/logo\/image\/","url":"https:\/\/cig22.com\/wp-content\/uploads\/2024\/05\/logo.png","contentUrl":"https:\/\/cig22.com\/wp-content\/uploads\/2024\/05\/logo.png","width":618,"height":217,"caption":"Apoyo Mutuo"},"image":{"@id":"https:\/\/cig22.com\/#\/schema\/logo\/image\/"}}]}},"_links":{"self":[{"href":"https:\/\/cig22.com\/zh\/wp-json\/wp\/v2\/pages\/47562","targetHints":{"allow":["GET"]}}],"collection":[{"href":"https:\/\/cig22.com\/zh\/wp-json\/wp\/v2\/pages"}],"about":[{"href":"https:\/\/cig22.com\/zh\/wp-json\/wp\/v2\/types\/page"}],"author":[{"embeddable":true,"href":"https:\/\/cig22.com\/zh\/wp-json\/wp\/v2\/users\/1"}],"replies":[{"embeddable":true,"href":"https:\/\/cig22.com\/zh\/wp-json\/wp\/v2\/comments?post=47562"}],"version-history":[{"count":16,"href":"https:\/\/cig22.com\/zh\/wp-json\/wp\/v2\/pages\/47562\/revisions"}],"predecessor-version":[{"id":47580,"href":"https:\/\/cig22.com\/zh\/wp-json\/wp\/v2\/pages\/47562\/revisions\/47580"}],"wp:attachment":[{"href":"https:\/\/cig22.com\/zh\/wp-json\/wp\/v2\/media?parent=47562"}],"curies":[{"name":"wp","href":"https:\/\/api.w.org\/{rel}","templated":true}]}}