{"id":28843,"date":"2025-09-17T20:30:59","date_gmt":"2025-09-17T20:30:59","guid":{"rendered":"https:\/\/cig22.com\/?page_id=28843"},"modified":"2025-09-17T21:51:06","modified_gmt":"2025-09-17T21:51:06","slug":"soy-bueno","status":"publish","type":"page","link":"https:\/\/cig22.com\/zh\/soy-bueno\/","title":{"rendered":"\u6211\u5f88\u597d"},"content":{"rendered":"<div data-elementor-type=\"wp-page\" data-elementor-id=\"28843\" class=\"elementor elementor-28843\" data-elementor-post-type=\"page\">\n\t\t\t\t\t\t<section class=\"elementor-section elementor-top-section elementor-element elementor-element-acc27f3 elementor-section-full_width elementor-section-stretched elementor-section-height-default elementor-section-height-default\" data-id=\"acc27f3\" data-element_type=\"section\" data-e-type=\"section\" data-settings=\"{&quot;stretch_section&quot;:&quot;section-stretched&quot;,&quot;background_background&quot;:&quot;classic&quot;}\">\n\t\t\t\t\t\t<div class=\"elementor-container elementor-column-gap-no\">\n\t\t\t\t\t<div class=\"elementor-column elementor-col-100 elementor-top-column elementor-element elementor-element-88424d4\" data-id=\"88424d4\" data-element_type=\"column\" data-e-type=\"column\">\n\t\t\t<div class=\"elementor-widget-wrap elementor-element-populated\">\n\t\t\t\t\t\t<div class=\"elementor-element elementor-element-929fc0c elementor-widget elementor-widget-heading\" data-id=\"929fc0c\" data-element_type=\"widget\" data-e-type=\"widget\" data-widget_type=\"heading.default\">\n\t\t\t\t<div class=\"elementor-widget-container\">\n\t\t\t\t\t<h2 class=\"elementor-heading-title elementor-size-default\">\u6211\u5f88\u597d<\/h2>\t\t\t\t<\/div>\n\t\t\t\t<\/div>\n\t\t\t\t\t<\/div>\n\t\t<\/div>\n\t\t\t\t\t<\/div>\n\t\t<\/section>\n\t\t\t\t<section class=\"elementor-section elementor-top-section elementor-element elementor-element-ce03e28 elementor-section-full_width elementor-section-height-default elementor-section-height-default\" data-id=\"ce03e28\" data-element_type=\"section\" data-e-type=\"section\">\n\t\t\t\t\t\t<div class=\"elementor-container elementor-column-gap-no\">\n\t\t\t\t\t<div class=\"elementor-column elementor-col-100 elementor-top-column elementor-element elementor-element-0786ae0\" data-id=\"0786ae0\" data-element_type=\"column\" data-e-type=\"column\">\n\t\t\t<div class=\"elementor-widget-wrap elementor-element-populated\">\n\t\t\t\t\t\t<div class=\"elementor-element elementor-element-49838a0 elementor-widget elementor-widget-text-editor\" data-id=\"49838a0\" data-element_type=\"widget\" data-e-type=\"widget\" data-widget_type=\"text-editor.default\">\n\t\t\t\t<div class=\"elementor-widget-container\">\n\t\t\t\t\t\t\t\t\t<p>Considerando el contexto que ya conocemos podemos saber que es lo que significa ser bueno realmente, la forma en la que todos los sabemos inclu\u00eddos los ADLR es por medio de la consciencia, nuestro creador puso en nuestro interior el conocimiento del bien y del mal, de modo que todos podamos saber cuando estemos haciendo algo malo.\u00a0<\/p><p>Esto quiere decir que todas las personas conocemos lo bueno y lo malo por medio de nuestra consciencia, tambi\u00e9n significa que seremos juzgados por ello a\u00fan cuando estuvieramos enga\u00f1ados en otros aspectos, lo supieran o no, no es posible estarlo cuando la consciencia as\u00ed nos lo indica, m\u00e1s nuestro creador conoce nuestro coraz\u00f3n y tambi\u00e9n nosotros mismos.\u00a0<\/p><p>Ser buena persona se centra en que los ADLR consideran que ser personas con valores es suficiente o inclusive lo ideal, lo cual puede parecer que no hay nada malo en esto ya que ense\u00f1an la sinceridad, ayudar a los dem\u00e1s, etc, el real problema est\u00e1 en considerar la siguiente la pregunta, y como saben que es bueno, en que se basan.<\/p><p>Aqu\u00ed es cuando podr\u00e1n decir que desde luego que en el sentido com\u00fan o la consciencia colectiva, pero esto siempre ser\u00e1 relativo y algo sujeto a perspectivas y preferencias, en las que nuestra consciencia nos puede decir que est\u00e1n promoviendo algo malo pero para ellos no, lo cual no ser\u00e1 cierto, si no que m\u00e1s bien han preferido negar la misma consciencia que todos tenemos.\u00a0<\/p><p>Sabemos entonces que la consciencia es innegable y que si alguien pudiera escuchar nuestros pensamientos y sentir lo que sentimos, saber cada segundo lo que hacemos, sabr\u00e1 cuando la hemos negado para llevar a cabo malas acciones.<\/p><p><strong>La consciencia nos permite conocer el bien y el mal pero tiene sus limitaciones.<\/strong><\/p><p>Porque no podemos conocer en todo que est\u00e1 bien o mal, pues se necesita que aquello sea especificado, por qui\u00e9n esa es la pregunta, ser\u00e1 que otro ser humano nos ense\u00f1ar\u00e1 que es lo bueno o malo m\u00e1s de las limitaciones de la propia consciencia, la respuesta inclusive sensata es que no, ya que solamente quien nos ha creado es que puede ense\u00f1arnos que esta mal o bien por completo, adem\u00e1s de haber impregnado en nuestro ser por medio de la consciencia el modo de saberlo a cierto nivel.<\/p><p>Un ejemplo de esto es maltratar a los dem\u00e1s, sabemos que est\u00e1 mal cuando vemos su sufrimiento aunque las personas malas se complazcan de ello pero al igual que las personas que no, ellos en su interior saben que est\u00e1 mal porque nosotros lo sentimos pero no podemos saber si ser id\u00f3latra est\u00e1 mal por medio de nuestra consciencia, a menos de que el propio creador as\u00ed lo especifique.<\/p><p>El prop\u00f3sito de esta secci\u00f3n es que ser bueno realmente no es algo completamente cierto, si alguien sigue lo que su consciencia le dice que esta bien sinceramente, esa persona ser\u00e1 buena por definici\u00f3n pero no en el sentido completo, mencionar\u00e9 lo siguiente para una mejor comprensi\u00f3n, una de las cualidades de las buenas personas es la sinceridad, si est\u00e1 persona que ha seguido su consciencia y hace puras buenas acciones por efecto de la consciencia, quiere decir que cuando alguien le mencione de la ra\u00edz de todo lo aceptar\u00e1 porque no ver\u00e1 que haya problemas (aferraciones ADLR) en hacerlo porque de todos modos hace cosas buenas.<\/p><p>M\u00e1s si no lo acepta\u00a0 quiere decir que era mala persona porque las razones son demasiadas poderosas, y suponiendo que esta persona haya sido enga\u00f1ada con respecto a la ra\u00edz de todo y sinceramente creyera que no hay un creador porque eso le han ense\u00f1ado, y si continuara haciendo el bien siguiendo su consciencia, te aseguro que el creador lo guiar\u00e1 hasta la verdad donde podr\u00e1 reconocer su existencia y dejar ese enga\u00f1o, que tambi\u00e9n se aplica para creer que el tallo no existe o estar en una secta.\u00a0<\/p><p>El creador conoce profundamente a todos y las personas de este ejemplo son muy pocas, que aun siendo enga\u00f1ados hacen el bien siguiendo su consciencia, porque la gran parte de las personas antepone sus preferencias del mal para no aceptar ni el tallo ni la ra\u00edz, asi mismo no dejar de lado su pertenencia a sectas por la sensaci\u00f3n confiable con falta de raz\u00f3n y contacto verdadero.<\/p><p>Todas las personas conocen cuales son sus preferencias con respecto a lo bueno y lo malo, por tanto esto demuestra que <strong>nadie es enga\u00f1ado<\/strong> con respecto al conocimiento del bien y del mal, y no ser\u00e1n juzgados por haber sido enga\u00f1ados con negar la ra\u00edz o el tallo, si no por sus acciones.\u00a0<\/p><p>Quiere decir que los ADLR y todos ya conocemos la verdad del bien y del mal al menos en gran medida en las situaciones y acciones m\u00e1s importantes, y es por eso que seremos juzgados, decirle a un ADLR no hagas esto porque es malo a veces tiene que ser especificado si es malo porque as\u00ed nos lo indica la consciencia o porque ha sido especificado por Dios mismo en su mensaje escrito.\u00a0<\/p><p>Desde luego que el ADLR podr\u00e1 decir no hay ra\u00edz ni tallo, hago lo que quiero, pero en su consciencia sabr\u00e1 que la raz\u00f3n no est\u00e1 de su lado porque la verdad y la raz\u00f3n es de Dios, por tanto ese ADLR habr\u00e1 preferido sus deseos por hacer lo malo antes que permitirse saber que la raz\u00f3n no estaba de su lado pero que de todos modos no ser\u00e1 juzgado por estar enga\u00f1ado si no por negar la consciencia, que singifica con-conocimiento (del bien y del mal) tal cual fue la promesa que se le hizo al ser humano en cuanto dejara de ser puro.\u00a0<\/p><p>Por tanto solamente es bueno alguien que cumple las siguientes condicionales, quien sigue su consciencia y quien sigue el mensaje de Dios donde ha especificado que es bueno y malo por completo y que la consciencia lo confirma.<\/p><p>No se puede ser bueno sin cumplir esas condicionales, quien no lo haga aunque parezca ser bueno no lo es, aunque fuera buena persona, Dios dice que de nada sirve serlo pero que si ser\u00e1n juzgados por sus acciones porque como ya se mencion\u00f3 las personas que tienen buenas predisposiciones para hacer lo bueno por medio de la consciencia, son encaminadas por Dios para llegar a conocer su mensaje verdadero que les hace falta, y no siempre estas personas que hac\u00edan el bien querr\u00e1n aceptarlo porque en lo que cre\u00edan que estaban haciendo el bien y que sus consciencias no les dec\u00eda que estaba mal, resultaba que Dios si lo hab\u00eda especificado como algo malo pero que estas personas no quisieron reconocerlo.\u00a0<\/p><p>De manera que sentirse que somos buenas personas no es suficiente ni nos exhime de ser culpables, solamente los infantes son buenos sin conocer lo especificado por el creador porque a\u00fan en la ignorancia de ese conocimiento, todos sus actos son buenos hasta que son corrompidos pero que de todas maneras ellos tambi\u00e9n decidieron en alg\u00fan momento negar esa consciencia que tienen.\u00a0<\/p><p>Ser buenas personas desde luego que est\u00e1 bien pero el prop\u00f3sito de esta secci\u00f3n es que sepas que no es suficiente, necesitas seguir tambi\u00e9n lo especificado y reci\u00e9n es que ser\u00e1s alguien bueno y dejar de ser ADLR.\u00a0<\/p><p>Si realmente has seguido tu consciencia se puede decir que eres alguien bueno en gran medida pero que te hace falta tambi\u00e9n seguir lo espeficicado, la pr\u00f3xima secci\u00f3n trata acerca de ello.\u00a0<\/p><p>Es m\u00e1s improbable que las personas malas hayan llegado hasta esta secci\u00f3n con todo el contexto que ya conoces, por ello quisiera decirte que lo est\u00e1s haciendo muy bien y que la esencia de existir ser\u00e1 para ti.<\/p><p>Porque al infierno tambi\u00e9n van las buenas personas y ahora es que puedes comprenderlo.\u00a0<\/p><p>Ahora bien consideremos algo muy importante tambi\u00e9n, esto es lo siguiente, como sabemos casi toda la poblaci\u00f3n mundial est\u00e1 aferrada a alguna secta, lo que quiere decir que estos ADLR siguen las ense\u00f1anzas de sus religiones y muchas veces all\u00ed hay ense\u00f1anzas buenas que coinciden con la conciencia pero tambi\u00e9n est\u00e1n las que contradicen lo que el real mensaje divino nos ense\u00f1a, de manera que estas personas confiando en la sensaci\u00f3n confiable, creer\u00e1n que hacen lo bueno porque prefieren solamente confiar en lo que sienten aunque la raz\u00f3n no este del lado de sus creencias y raices de sus ense\u00f1anzas, es as\u00ed como algunos entre ellos que realmente crean en el enga\u00f1o de sus sectas y se esfuerzan por hacerlo bien, recibir\u00e1n alguna manera de que puedan conocer la verdad del tallo y es cuando decidir\u00e1n si negarlo o no, alguno lo hacen y otros reconocen que estaban enga\u00f1ados, por tanto ser bueno en esencia consiste en eso, que sin importar si estuvieramos enga\u00f1ados, amemos la verdad sea cual sea y que apliquemos nuestra consiencia, porque si nos dec\u00eda eso est\u00e1 mal, ya sabes que no tienes raz\u00f3n, considera profundizar no seas cerrado, pues por ello es que ser\u00e1s juzgado por haber negado la consciencia prefiriendo seguir tus propios deseos y conveniencias, solamente nuestro creador nos conoce profundamente y es momento de que seas sincero contigo mismo.\u00a0<\/p><p>Este proyecto existe para darte a conocer razones que no sab\u00edas y que tienes que considerar, que son aliados del criterio de verdad, para que realmente seas alguien bueno.\u00a0<\/p><p>\u00a0<\/p>\t\t\t\t\t\t\t\t<\/div>\n\t\t\t\t<\/div>\n\t\t\t\t\t<\/div>\n\t\t<\/div>\n\t\t\t\t\t<\/div>\n\t\t<\/section>\n\t\t\t\t<\/div>","protected":false},"excerpt":{"rendered":"<p>Soy bueno Considerando el contexto que ya conocemos podemos saber que es lo que significa ser bueno realmente, la forma en la que todos los sabemos inclu\u00eddos los ADLR es por medio de la consciencia, nuestro creador puso en nuestro interior el conocimiento del bien y del mal, de modo que todos podamos saber cuando [&hellip;]<\/p>\n","protected":false},"author":1,"featured_media":0,"parent":0,"menu_order":0,"comment_status":"closed","ping_status":"closed","template":"","meta":{"_angie_page":false,"iawp_total_views":1,"footnotes":""},"class_list":["post-28843","page","type-page","status-publish","hentry"],"yoast_head":"<!-- This site is optimized with the Yoast SEO Premium plugin v22.8 (Yoast SEO v27.6) - https:\/\/yoast.com\/product\/yoast-seo-premium-wordpress\/ -->\n<title>Soy bueno - CIG22<\/title>\n<meta name=\"robots\" content=\"index, follow, max-snippet:-1, max-image-preview:large, max-video-preview:-1\" \/>\n<link rel=\"canonical\" href=\"https:\/\/cig22.com\/zh\/soy-bueno\/\" \/>\n<meta property=\"og:locale\" content=\"zh_CN\" \/>\n<meta property=\"og:type\" content=\"article\" \/>\n<meta property=\"og:title\" content=\"Soy bueno\" \/>\n<meta property=\"og:description\" content=\"Soy bueno Considerando el contexto que ya conocemos podemos saber que es lo que significa ser bueno realmente, la forma en la que todos los sabemos inclu\u00eddos los ADLR es por medio de la consciencia, nuestro creador puso en nuestro interior el conocimiento del bien y del mal, de modo que todos podamos saber cuando [&hellip;]\" \/>\n<meta property=\"og:url\" content=\"https:\/\/cig22.com\/zh\/soy-bueno\/\" \/>\n<meta property=\"og:site_name\" content=\"CIG22\" \/>\n<meta property=\"article:modified_time\" content=\"2025-09-17T21:51:06+00:00\" \/>\n<meta name=\"twitter:card\" content=\"summary_large_image\" \/>\n<meta name=\"twitter:label1\" content=\"\u9884\u8ba1\u9605\u8bfb\u65f6\u95f4\" \/>\n\t<meta name=\"twitter:data1\" content=\"8 \u5206\" \/>\n<script type=\"application\/ld+json\" class=\"yoast-schema-graph\">{\"@context\":\"https:\\\/\\\/schema.org\",\"@graph\":[{\"@type\":\"WebPage\",\"@id\":\"https:\\\/\\\/cig22.com\\\/soy-bueno\\\/\",\"url\":\"https:\\\/\\\/cig22.com\\\/soy-bueno\\\/\",\"name\":\"Soy bueno - CIG22\",\"isPartOf\":{\"@id\":\"https:\\\/\\\/cig22.com\\\/#website\"},\"datePublished\":\"2025-09-17T20:30:59+00:00\",\"dateModified\":\"2025-09-17T21:51:06+00:00\",\"breadcrumb\":{\"@id\":\"https:\\\/\\\/cig22.com\\\/soy-bueno\\\/#breadcrumb\"},\"inLanguage\":\"zh-Hans\",\"potentialAction\":[{\"@type\":\"ReadAction\",\"target\":[\"https:\\\/\\\/cig22.com\\\/soy-bueno\\\/\"]}]},{\"@type\":\"BreadcrumbList\",\"@id\":\"https:\\\/\\\/cig22.com\\\/soy-bueno\\\/#breadcrumb\",\"itemListElement\":[{\"@type\":\"ListItem\",\"position\":1,\"name\":\"Portada\",\"item\":\"https:\\\/\\\/cig22.com\\\/\"},{\"@type\":\"ListItem\",\"position\":2,\"name\":\"Soy bueno\"}]},{\"@type\":\"WebSite\",\"@id\":\"https:\\\/\\\/cig22.com\\\/#website\",\"url\":\"https:\\\/\\\/cig22.com\\\/\",\"name\":\"Apoyo Mutuo\",\"description\":\"\",\"publisher\":{\"@id\":\"https:\\\/\\\/cig22.com\\\/#organization\"},\"potentialAction\":[{\"@type\":\"SearchAction\",\"target\":{\"@type\":\"EntryPoint\",\"urlTemplate\":\"https:\\\/\\\/cig22.com\\\/?s={search_term_string}\"},\"query-input\":{\"@type\":\"PropertyValueSpecification\",\"valueRequired\":true,\"valueName\":\"search_term_string\"}}],\"inLanguage\":\"zh-Hans\"},{\"@type\":\"Organization\",\"@id\":\"https:\\\/\\\/cig22.com\\\/#organization\",\"name\":\"Apoyo Mutuo\",\"url\":\"https:\\\/\\\/cig22.com\\\/\",\"logo\":{\"@type\":\"ImageObject\",\"inLanguage\":\"zh-Hans\",\"@id\":\"https:\\\/\\\/cig22.com\\\/#\\\/schema\\\/logo\\\/image\\\/\",\"url\":\"https:\\\/\\\/cig22.com\\\/wp-content\\\/uploads\\\/2024\\\/05\\\/logo.png\",\"contentUrl\":\"https:\\\/\\\/cig22.com\\\/wp-content\\\/uploads\\\/2024\\\/05\\\/logo.png\",\"width\":618,\"height\":217,\"caption\":\"Apoyo Mutuo\"},\"image\":{\"@id\":\"https:\\\/\\\/cig22.com\\\/#\\\/schema\\\/logo\\\/image\\\/\"}}]}<\/script>\n<!-- \/ Yoast SEO Premium plugin. -->","yoast_head_json":{"title":"Soy bueno - CIG22","robots":{"index":"index","follow":"follow","max-snippet":"max-snippet:-1","max-image-preview":"max-image-preview:large","max-video-preview":"max-video-preview:-1"},"canonical":"https:\/\/cig22.com\/zh\/soy-bueno\/","og_locale":"zh_CN","og_type":"article","og_title":"Soy bueno","og_description":"Soy bueno Considerando el contexto que ya conocemos podemos saber que es lo que significa ser bueno realmente, la forma en la que todos los sabemos inclu\u00eddos los ADLR es por medio de la consciencia, nuestro creador puso en nuestro interior el conocimiento del bien y del mal, de modo que todos podamos saber cuando [&hellip;]","og_url":"https:\/\/cig22.com\/zh\/soy-bueno\/","og_site_name":"CIG22","article_modified_time":"2025-09-17T21:51:06+00:00","twitter_card":"summary_large_image","twitter_misc":{"\u9884\u8ba1\u9605\u8bfb\u65f6\u95f4":"8 \u5206"},"schema":{"@context":"https:\/\/schema.org","@graph":[{"@type":"WebPage","@id":"https:\/\/cig22.com\/soy-bueno\/","url":"https:\/\/cig22.com\/soy-bueno\/","name":"Soy bueno - CIG22","isPartOf":{"@id":"https:\/\/cig22.com\/#website"},"datePublished":"2025-09-17T20:30:59+00:00","dateModified":"2025-09-17T21:51:06+00:00","breadcrumb":{"@id":"https:\/\/cig22.com\/soy-bueno\/#breadcrumb"},"inLanguage":"zh-Hans","potentialAction":[{"@type":"ReadAction","target":["https:\/\/cig22.com\/soy-bueno\/"]}]},{"@type":"BreadcrumbList","@id":"https:\/\/cig22.com\/soy-bueno\/#breadcrumb","itemListElement":[{"@type":"ListItem","position":1,"name":"Portada","item":"https:\/\/cig22.com\/"},{"@type":"ListItem","position":2,"name":"Soy bueno"}]},{"@type":"WebSite","@id":"https:\/\/cig22.com\/#website","url":"https:\/\/cig22.com\/","name":"Apoyo Mutuo","description":"","publisher":{"@id":"https:\/\/cig22.com\/#organization"},"potentialAction":[{"@type":"SearchAction","target":{"@type":"EntryPoint","urlTemplate":"https:\/\/cig22.com\/?s={search_term_string}"},"query-input":{"@type":"PropertyValueSpecification","valueRequired":true,"valueName":"search_term_string"}}],"inLanguage":"zh-Hans"},{"@type":"Organization","@id":"https:\/\/cig22.com\/#organization","name":"Apoyo Mutuo","url":"https:\/\/cig22.com\/","logo":{"@type":"ImageObject","inLanguage":"zh-Hans","@id":"https:\/\/cig22.com\/#\/schema\/logo\/image\/","url":"https:\/\/cig22.com\/wp-content\/uploads\/2024\/05\/logo.png","contentUrl":"https:\/\/cig22.com\/wp-content\/uploads\/2024\/05\/logo.png","width":618,"height":217,"caption":"Apoyo Mutuo"},"image":{"@id":"https:\/\/cig22.com\/#\/schema\/logo\/image\/"}}]}},"_links":{"self":[{"href":"https:\/\/cig22.com\/zh\/wp-json\/wp\/v2\/pages\/28843","targetHints":{"allow":["GET"]}}],"collection":[{"href":"https:\/\/cig22.com\/zh\/wp-json\/wp\/v2\/pages"}],"about":[{"href":"https:\/\/cig22.com\/zh\/wp-json\/wp\/v2\/types\/page"}],"author":[{"embeddable":true,"href":"https:\/\/cig22.com\/zh\/wp-json\/wp\/v2\/users\/1"}],"replies":[{"embeddable":true,"href":"https:\/\/cig22.com\/zh\/wp-json\/wp\/v2\/comments?post=28843"}],"version-history":[{"count":46,"href":"https:\/\/cig22.com\/zh\/wp-json\/wp\/v2\/pages\/28843\/revisions"}],"predecessor-version":[{"id":28899,"href":"https:\/\/cig22.com\/zh\/wp-json\/wp\/v2\/pages\/28843\/revisions\/28899"}],"wp:attachment":[{"href":"https:\/\/cig22.com\/zh\/wp-json\/wp\/v2\/media?parent=28843"}],"curies":[{"name":"wp","href":"https:\/\/api.w.org\/{rel}","templated":true}]}}