{"id":57153,"date":"2026-04-30T15:21:31","date_gmt":"2026-04-30T15:21:31","guid":{"rendered":"https:\/\/cig22.com\/?page_id=57153"},"modified":"2026-04-30T15:53:06","modified_gmt":"2026-04-30T15:53:06","slug":"red-de-mensajes","status":"publish","type":"page","link":"https:\/\/cig22.com\/ru\/red-de-mensajes\/","title":{"rendered":"\u0421\u0435\u0442\u044c \u043e\u0431\u043c\u0435\u043d\u0430 \u0441\u043e\u043e\u0431\u0449\u0435\u043d\u0438\u044f\u043c\u0438"},"content":{"rendered":"<div data-elementor-type=\"wp-page\" data-elementor-id=\"57153\" class=\"elementor elementor-57153\" data-elementor-post-type=\"page\">\n\t\t\t\t\t\t<section class=\"elementor-section elementor-top-section elementor-element elementor-element-c71acff elementor-section-full_width elementor-section-stretched elementor-section-height-default elementor-section-height-default\" data-id=\"c71acff\" data-element_type=\"section\" data-e-type=\"section\" data-settings=\"{&quot;stretch_section&quot;:&quot;section-stretched&quot;,&quot;background_background&quot;:&quot;classic&quot;}\">\n\t\t\t\t\t\t<div class=\"elementor-container elementor-column-gap-no\">\n\t\t\t\t\t<div class=\"elementor-column elementor-col-100 elementor-top-column elementor-element elementor-element-64aea74\" data-id=\"64aea74\" data-element_type=\"column\" data-e-type=\"column\">\n\t\t\t<div class=\"elementor-widget-wrap elementor-element-populated\">\n\t\t\t\t\t\t<div class=\"elementor-element elementor-element-de854ae elementor-widget elementor-widget-heading\" data-id=\"de854ae\" data-element_type=\"widget\" data-e-type=\"widget\" data-widget_type=\"heading.default\">\n\t\t\t\t<div class=\"elementor-widget-container\">\n\t\t\t\t\t<h2 class=\"elementor-heading-title elementor-size-default\">\u0421\u0435\u0442\u044c \u043e\u0431\u043c\u0435\u043d\u0430 \u0441\u043e\u043e\u0431\u0449\u0435\u043d\u0438\u044f\u043c\u0438<\/h2>\t\t\t\t<\/div>\n\t\t\t\t<\/div>\n\t\t\t\t\t<\/div>\n\t\t<\/div>\n\t\t\t\t\t<\/div>\n\t\t<\/section>\n\t\t\t\t<section class=\"elementor-section elementor-top-section elementor-element elementor-element-e3f9f36 elementor-section-full_width elementor-section-stretched elementor-section-height-default elementor-section-height-default\" data-id=\"e3f9f36\" data-element_type=\"section\" data-e-type=\"section\" data-settings=\"{&quot;stretch_section&quot;:&quot;section-stretched&quot;}\">\n\t\t\t\t\t\t<div class=\"elementor-container elementor-column-gap-default\">\n\t\t\t\t\t<div class=\"elementor-column elementor-col-100 elementor-top-column elementor-element elementor-element-b043295\" data-id=\"b043295\" data-element_type=\"column\" data-e-type=\"column\">\n\t\t\t<div class=\"elementor-widget-wrap elementor-element-populated\">\n\t\t\t\t\t\t<div class=\"elementor-element elementor-element-f284c4a elementor-widget elementor-widget-text-editor\" data-id=\"f284c4a\" data-element_type=\"widget\" data-e-type=\"widget\" data-widget_type=\"text-editor.default\">\n\t\t\t\t<div class=\"elementor-widget-container\">\n\t\t\t\t\t\t\t\t\t<p>Mensajes dirijidos hacia todo tipo de personas c\u00f3mo ladrones, mafiosos, presidentes, prostitutas, drogadictos, etc, con un mensaje contundente exclusivo para ellos en base a lo que ellos viven, pasan y pasaron, un mensaje profundo que jam\u00e1s olvidar\u00e1n.<\/p>\t\t\t\t\t\t\t\t<\/div>\n\t\t\t\t<\/div>\n\t\t\t\t<div class=\"elementor-element elementor-element-d71177d elementor-widget elementor-widget-image\" data-id=\"d71177d\" data-element_type=\"widget\" data-e-type=\"widget\" data-widget_type=\"image.default\">\n\t\t\t\t<div class=\"elementor-widget-container\">\n\t\t\t\t\t\t\t\t\t\t\t\t\t\t\t<img fetchpriority=\"high\" decoding=\"async\" width=\"644\" height=\"544\" src=\"https:\/\/cig22.com\/wp-content\/uploads\/CIG-22.png\" class=\"attachment-full size-full wp-image-18527\" alt=\"\" srcset=\"https:\/\/cig22.com\/wp-content\/uploads\/CIG-22.png 644w, https:\/\/cig22.com\/wp-content\/uploads\/CIG-22-300x253.png 300w, https:\/\/cig22.com\/wp-content\/uploads\/CIG-22-600x507.png 600w\" sizes=\"(max-width: 644px) 100vw, 644px\" \/>\t\t\t\t\t\t\t\t\t\t\t\t\t\t\t<\/div>\n\t\t\t\t<\/div>\n\t\t\t\t\t<\/div>\n\t\t<\/div>\n\t\t\t\t\t<\/div>\n\t\t<\/section>\n\t\t\t\t<section class=\"elementor-section elementor-top-section elementor-element elementor-element-91bd0f6 elementor-section-full_width elementor-section-stretched elementor-section-height-default elementor-section-height-default\" data-id=\"91bd0f6\" data-element_type=\"section\" data-e-type=\"section\" data-settings=\"{&quot;stretch_section&quot;:&quot;section-stretched&quot;,&quot;background_background&quot;:&quot;classic&quot;}\">\n\t\t\t\t\t\t<div class=\"elementor-container elementor-column-gap-no\">\n\t\t\t\t\t<div class=\"elementor-column elementor-col-100 elementor-top-column elementor-element elementor-element-62e50f8\" data-id=\"62e50f8\" data-element_type=\"column\" data-e-type=\"column\">\n\t\t\t<div class=\"elementor-widget-wrap elementor-element-populated\">\n\t\t\t\t\t\t<div class=\"elementor-element elementor-element-251f2a2 elementor-widget elementor-widget-ucaddon_text_rotator\" data-id=\"251f2a2\" data-element_type=\"widget\" data-e-type=\"widget\" data-widget_type=\"ucaddon_text_rotator.default\">\n\t\t\t\t<div class=\"elementor-widget-container\">\n\t\t\t\t\t\n<!-- start Text Rotator -->\n\t\t<link id='uc_ac_assets_file_morphext_css_52-css' href='https:\/\/cig22.com\/wp-content\/uploads\/ac_assets\/Text Rotator\/morphext.css' type='text\/css' rel='stylesheet' >\n\t\t<link id='uc_ac_assets_file_animate_css_77907-css' href='https:\/\/cig22.com\/wp-content\/uploads\/ac_assets\/Text Rotator\/animate.css' type='text\/css' rel='stylesheet' >\n\n<style>\/* widget: Text Rotator *\/\n\n#uc_text_rotator_elementor_251f2a2 span.string\n{\n  display:inline;\n} \n\n\n\n<\/style>\n\n<div style=\"text-align:center;\" id=\"uc_text_rotator_elementor_251f2a2\">\n  <span class=\"string beginning_text_typography\" ><\/span> \n  <span class=\"string\">\n    <span class=\"js-rotating middle_text_typography\">\n                     En construcci\u00f3n\n\n<span style=\"display: none;\">, Muy pronto<\/span>\n\n<span style=\"display: none;\">, En proceso<\/span>\n\n  \n            <\/span>\n  <\/span> \n  <span class=\"string ending_text_typography\"><\/span>\n<\/div>\n<!-- end Text Rotator -->\t\t\t\t<\/div>\n\t\t\t\t<\/div>\n\t\t\t\t\t<\/div>\n\t\t<\/div>\n\t\t\t\t\t<\/div>\n\t\t<\/section>\n\t\t\t\t<\/div>","protected":false},"excerpt":{"rendered":"<p>Mensajes dirijidos hacia todo tipo de personas c\u00f3mo ladrones, mafiosos, presidentes, prostitutas, drogadictos, etc, con un mensaje contundente exclusivo para ellos en base a lo que ellos viven, pasan y pasaron, un mensaje profundo que jam\u00e1s olvidar\u00e1n. En construcci\u00f3n , Muy pronto , En proceso<\/p>","protected":false},"author":1,"featured_media":0,"parent":0,"menu_order":0,"comment_status":"closed","ping_status":"closed","template":"","meta":{"iawp_total_views":0,"footnotes":""},"class_list":["post-57153","page","type-page","status-publish","hentry"],"yoast_head":"<!-- This site is optimized with the Yoast SEO Premium plugin v22.8 (Yoast SEO v27.5) - https:\/\/yoast.com\/product\/yoast-seo-premium-wordpress\/ -->\n<title>Red de mensajes - CIG22<\/title>\n<meta name=\"robots\" content=\"index, follow, max-snippet:-1, max-image-preview:large, max-video-preview:-1\" \/>\n<link rel=\"canonical\" href=\"https:\/\/cig22.com\/ru\/red-de-mensajes\/\" \/>\n<meta property=\"og:locale\" content=\"ru_RU\" \/>\n<meta property=\"og:type\" content=\"article\" \/>\n<meta property=\"og:title\" content=\"Red de mensajes\" \/>\n<meta property=\"og:description\" content=\"Mensajes dirijidos hacia todo tipo de personas c\u00f3mo ladrones, mafiosos, presidentes, prostitutas, drogadictos, etc, con un mensaje contundente exclusivo para ellos en base a lo que ellos viven, pasan y pasaron, un mensaje profundo que jam\u00e1s olvidar\u00e1n. En construcci\u00f3n , Muy pronto , En proceso\" \/>\n<meta property=\"og:url\" content=\"https:\/\/cig22.com\/ru\/red-de-mensajes\/\" \/>\n<meta property=\"og:site_name\" content=\"CIG22\" \/>\n<meta property=\"article:modified_time\" content=\"2026-04-30T15:53:06+00:00\" \/>\n<meta property=\"og:image\" content=\"https:\/\/cig22.com\/wp-content\/uploads\/CIG-22.png\" \/>\n\t<meta property=\"og:image:width\" content=\"644\" \/>\n\t<meta property=\"og:image:height\" content=\"544\" \/>\n\t<meta property=\"og:image:type\" content=\"image\/png\" \/>\n<meta name=\"twitter:card\" content=\"summary_large_image\" \/>\n<meta name=\"twitter:label1\" content=\"Est. reading time\" \/>\n\t<meta name=\"twitter:data1\" content=\"1 minute\" \/>\n<script type=\"application\/ld+json\" class=\"yoast-schema-graph\">{\"@context\":\"https:\\\/\\\/schema.org\",\"@graph\":[{\"@type\":\"WebPage\",\"@id\":\"https:\\\/\\\/cig22.com\\\/red-de-mensajes\\\/\",\"url\":\"https:\\\/\\\/cig22.com\\\/red-de-mensajes\\\/\",\"name\":\"Red de mensajes - CIG22\",\"isPartOf\":{\"@id\":\"https:\\\/\\\/cig22.com\\\/#website\"},\"primaryImageOfPage\":{\"@id\":\"https:\\\/\\\/cig22.com\\\/red-de-mensajes\\\/#primaryimage\"},\"image\":{\"@id\":\"https:\\\/\\\/cig22.com\\\/red-de-mensajes\\\/#primaryimage\"},\"thumbnailUrl\":\"https:\\\/\\\/cig22.com\\\/wp-content\\\/uploads\\\/CIG-22.png\",\"datePublished\":\"2026-04-30T15:21:31+00:00\",\"dateModified\":\"2026-04-30T15:53:06+00:00\",\"breadcrumb\":{\"@id\":\"https:\\\/\\\/cig22.com\\\/red-de-mensajes\\\/#breadcrumb\"},\"inLanguage\":\"ru-RU\",\"potentialAction\":[{\"@type\":\"ReadAction\",\"target\":[\"https:\\\/\\\/cig22.com\\\/red-de-mensajes\\\/\"]}]},{\"@type\":\"ImageObject\",\"inLanguage\":\"ru-RU\",\"@id\":\"https:\\\/\\\/cig22.com\\\/red-de-mensajes\\\/#primaryimage\",\"url\":\"https:\\\/\\\/cig22.com\\\/wp-content\\\/uploads\\\/CIG-22.png\",\"contentUrl\":\"https:\\\/\\\/cig22.com\\\/wp-content\\\/uploads\\\/CIG-22.png\"},{\"@type\":\"BreadcrumbList\",\"@id\":\"https:\\\/\\\/cig22.com\\\/red-de-mensajes\\\/#breadcrumb\",\"itemListElement\":[{\"@type\":\"ListItem\",\"position\":1,\"name\":\"Portada\",\"item\":\"https:\\\/\\\/cig22.com\\\/\"},{\"@type\":\"ListItem\",\"position\":2,\"name\":\"Red de mensajes\"}]},{\"@type\":\"WebSite\",\"@id\":\"https:\\\/\\\/cig22.com\\\/#website\",\"url\":\"https:\\\/\\\/cig22.com\\\/\",\"name\":\"Apoyo Mutuo\",\"description\":\"\",\"publisher\":{\"@id\":\"https:\\\/\\\/cig22.com\\\/#organization\"},\"potentialAction\":[{\"@type\":\"SearchAction\",\"target\":{\"@type\":\"EntryPoint\",\"urlTemplate\":\"https:\\\/\\\/cig22.com\\\/?s={search_term_string}\"},\"query-input\":{\"@type\":\"PropertyValueSpecification\",\"valueRequired\":true,\"valueName\":\"search_term_string\"}}],\"inLanguage\":\"ru-RU\"},{\"@type\":\"Organization\",\"@id\":\"https:\\\/\\\/cig22.com\\\/#organization\",\"name\":\"Apoyo Mutuo\",\"url\":\"https:\\\/\\\/cig22.com\\\/\",\"logo\":{\"@type\":\"ImageObject\",\"inLanguage\":\"ru-RU\",\"@id\":\"https:\\\/\\\/cig22.com\\\/#\\\/schema\\\/logo\\\/image\\\/\",\"url\":\"https:\\\/\\\/cig22.com\\\/wp-content\\\/uploads\\\/2024\\\/05\\\/logo.png\",\"contentUrl\":\"https:\\\/\\\/cig22.com\\\/wp-content\\\/uploads\\\/2024\\\/05\\\/logo.png\",\"width\":618,\"height\":217,\"caption\":\"Apoyo Mutuo\"},\"image\":{\"@id\":\"https:\\\/\\\/cig22.com\\\/#\\\/schema\\\/logo\\\/image\\\/\"}}]}<\/script>\n<!-- \/ Yoast SEO Premium plugin. -->","yoast_head_json":{"title":"Red de mensajes - CIG22","robots":{"index":"index","follow":"follow","max-snippet":"max-snippet:-1","max-image-preview":"max-image-preview:large","max-video-preview":"max-video-preview:-1"},"canonical":"https:\/\/cig22.com\/ru\/red-de-mensajes\/","og_locale":"ru_RU","og_type":"article","og_title":"Red de mensajes","og_description":"Mensajes dirijidos hacia todo tipo de personas c\u00f3mo ladrones, mafiosos, presidentes, prostitutas, drogadictos, etc, con un mensaje contundente exclusivo para ellos en base a lo que ellos viven, pasan y pasaron, un mensaje profundo que jam\u00e1s olvidar\u00e1n. En construcci\u00f3n , Muy pronto , En proceso","og_url":"https:\/\/cig22.com\/ru\/red-de-mensajes\/","og_site_name":"CIG22","article_modified_time":"2026-04-30T15:53:06+00:00","og_image":[{"width":644,"height":544,"url":"https:\/\/cig22.com\/wp-content\/uploads\/CIG-22.png","type":"image\/png"}],"twitter_card":"summary_large_image","twitter_misc":{"Est. reading time":"1 minute"},"schema":{"@context":"https:\/\/schema.org","@graph":[{"@type":"WebPage","@id":"https:\/\/cig22.com\/red-de-mensajes\/","url":"https:\/\/cig22.com\/red-de-mensajes\/","name":"Red de mensajes - CIG22","isPartOf":{"@id":"https:\/\/cig22.com\/#website"},"primaryImageOfPage":{"@id":"https:\/\/cig22.com\/red-de-mensajes\/#primaryimage"},"image":{"@id":"https:\/\/cig22.com\/red-de-mensajes\/#primaryimage"},"thumbnailUrl":"https:\/\/cig22.com\/wp-content\/uploads\/CIG-22.png","datePublished":"2026-04-30T15:21:31+00:00","dateModified":"2026-04-30T15:53:06+00:00","breadcrumb":{"@id":"https:\/\/cig22.com\/red-de-mensajes\/#breadcrumb"},"inLanguage":"ru-RU","potentialAction":[{"@type":"ReadAction","target":["https:\/\/cig22.com\/red-de-mensajes\/"]}]},{"@type":"ImageObject","inLanguage":"ru-RU","@id":"https:\/\/cig22.com\/red-de-mensajes\/#primaryimage","url":"https:\/\/cig22.com\/wp-content\/uploads\/CIG-22.png","contentUrl":"https:\/\/cig22.com\/wp-content\/uploads\/CIG-22.png"},{"@type":"BreadcrumbList","@id":"https:\/\/cig22.com\/red-de-mensajes\/#breadcrumb","itemListElement":[{"@type":"ListItem","position":1,"name":"Portada","item":"https:\/\/cig22.com\/"},{"@type":"ListItem","position":2,"name":"Red de mensajes"}]},{"@type":"WebSite","@id":"https:\/\/cig22.com\/#website","url":"https:\/\/cig22.com\/","name":"\u0412\u0437\u0430\u0438\u043c\u043d\u0430\u044f \u043f\u043e\u0434\u0434\u0435\u0440\u0436\u043a\u0430","description":"","publisher":{"@id":"https:\/\/cig22.com\/#organization"},"potentialAction":[{"@type":"SearchAction","target":{"@type":"EntryPoint","urlTemplate":"https:\/\/cig22.com\/?s={search_term_string}"},"query-input":{"@type":"PropertyValueSpecification","valueRequired":true,"valueName":"search_term_string"}}],"inLanguage":"ru-RU"},{"@type":"Organization","@id":"https:\/\/cig22.com\/#organization","name":"\u0412\u0437\u0430\u0438\u043c\u043d\u0430\u044f \u043f\u043e\u0434\u0434\u0435\u0440\u0436\u043a\u0430","url":"https:\/\/cig22.com\/","logo":{"@type":"ImageObject","inLanguage":"ru-RU","@id":"https:\/\/cig22.com\/#\/schema\/logo\/image\/","url":"https:\/\/cig22.com\/wp-content\/uploads\/2024\/05\/logo.png","contentUrl":"https:\/\/cig22.com\/wp-content\/uploads\/2024\/05\/logo.png","width":618,"height":217,"caption":"Apoyo Mutuo"},"image":{"@id":"https:\/\/cig22.com\/#\/schema\/logo\/image\/"}}]}},"_links":{"self":[{"href":"https:\/\/cig22.com\/ru\/wp-json\/wp\/v2\/pages\/57153","targetHints":{"allow":["GET"]}}],"collection":[{"href":"https:\/\/cig22.com\/ru\/wp-json\/wp\/v2\/pages"}],"about":[{"href":"https:\/\/cig22.com\/ru\/wp-json\/wp\/v2\/types\/page"}],"author":[{"embeddable":true,"href":"https:\/\/cig22.com\/ru\/wp-json\/wp\/v2\/users\/1"}],"replies":[{"embeddable":true,"href":"https:\/\/cig22.com\/ru\/wp-json\/wp\/v2\/comments?post=57153"}],"version-history":[{"count":10,"href":"https:\/\/cig22.com\/ru\/wp-json\/wp\/v2\/pages\/57153\/revisions"}],"predecessor-version":[{"id":57223,"href":"https:\/\/cig22.com\/ru\/wp-json\/wp\/v2\/pages\/57153\/revisions\/57223"}],"wp:attachment":[{"href":"https:\/\/cig22.com\/ru\/wp-json\/wp\/v2\/media?parent=57153"}],"curies":[{"name":"wp","href":"https:\/\/api.w.org\/{rel}","templated":true}]}}