{"id":489,"date":"2018-11-20T09:10:23","date_gmt":"2018-11-20T09:10:23","guid":{"rendered":"https:\/\/jmtcenchapados.com\/\/?page_id=489"},"modified":"2025-01-30T22:22:14","modified_gmt":"2025-01-30T22:22:14","slug":"nosotros","status":"publish","type":"page","link":"https:\/\/cig22.com\/he\/nosotros\/","title":{"rendered":"Nosotros"},"content":{"rendered":"<div data-elementor-type=\"wp-page\" data-elementor-id=\"489\" class=\"elementor elementor-489\" data-elementor-post-type=\"page\">\n\t\t\t\t\t\t<section class=\"elementor-section elementor-top-section elementor-element elementor-element-61d402d001cf6 elementor-section-boxed elementor-section-height-default elementor-section-height-default\" data-id=\"61d402d001cf6\" data-element_type=\"section\" data-e-type=\"section\" data-settings=\"{&quot;background_background&quot;:&quot;classic&quot;}\">\n\t\t\t\t\t\t<div class=\"elementor-container elementor-column-gap-default\">\n\t\t\t\t\t<div class=\"elementor-column elementor-col-100 elementor-top-column elementor-element elementor-element-85986c5\" data-id=\"85986c5\" data-element_type=\"column\" data-e-type=\"column\">\n\t\t\t<div class=\"elementor-widget-wrap elementor-element-populated\">\n\t\t\t\t\t\t<div class=\"elementor-element elementor-element-e1fe56b elementor-widget elementor-widget-heading\" data-id=\"e1fe56b\" data-element_type=\"widget\" data-e-type=\"widget\" data-widget_type=\"heading.default\">\n\t\t\t\t<div class=\"elementor-widget-container\">\n\t\t\t\t\t<h2 class=\"elementor-heading-title elementor-size-default\">Acerca de nosotros<\/h2>\t\t\t\t<\/div>\n\t\t\t\t<\/div>\n\t\t\t\t\t<\/div>\n\t\t<\/div>\n\t\t\t\t\t<\/div>\n\t\t<\/section>\n\t\t\t\t<section class=\"elementor-section elementor-top-section elementor-element elementor-element-4324c15 elementor-section-boxed elementor-section-height-default elementor-section-height-default\" data-id=\"4324c15\" data-element_type=\"section\" data-e-type=\"section\">\n\t\t\t\t\t\t<div class=\"elementor-container elementor-column-gap-default\">\n\t\t\t\t\t<div class=\"elementor-column elementor-col-100 elementor-top-column elementor-element elementor-element-ddfa9ad\" data-id=\"ddfa9ad\" data-element_type=\"column\" data-e-type=\"column\">\n\t\t\t<div class=\"elementor-widget-wrap elementor-element-populated\">\n\t\t\t\t\t\t<div class=\"elementor-element elementor-element-5cbc574 elementor-widget elementor-widget-image\" data-id=\"5cbc574\" data-element_type=\"widget\" data-e-type=\"widget\" data-widget_type=\"image.default\">\n\t\t\t\t<div class=\"elementor-widget-container\">\n\t\t\t\t\t\t\t\t\t\t\t\t\t\t\t<img fetchpriority=\"high\" decoding=\"async\" width=\"849\" height=\"356\" src=\"https:\/\/cig22.com\/wp-content\/uploads\/2024\/02\/hdsakjdhaskfh.png\" class=\"attachment-large size-large wp-image-3627\" alt=\"\" srcset=\"https:\/\/cig22.com\/wp-content\/uploads\/2024\/02\/hdsakjdhaskfh.png 849w, https:\/\/cig22.com\/wp-content\/uploads\/2024\/02\/hdsakjdhaskfh-600x252.png 600w, https:\/\/cig22.com\/wp-content\/uploads\/2024\/02\/hdsakjdhaskfh-300x126.png 300w, https:\/\/cig22.com\/wp-content\/uploads\/2024\/02\/hdsakjdhaskfh-768x322.png 768w\" sizes=\"(max-width: 849px) 100vw, 849px\" \/>\t\t\t\t\t\t\t\t\t\t\t\t\t\t\t<\/div>\n\t\t\t\t<\/div>\n\t\t\t\t<div class=\"elementor-element elementor-element-31a6dc4 elementor-align-center elementor-widget elementor-widget-ube-heading\" data-id=\"31a6dc4\" data-element_type=\"widget\" data-e-type=\"widget\" data-widget_type=\"ube-heading.default\">\n\t\t\t\t<div class=\"elementor-widget-container\">\n\t\t\t\t\t<div class=\"ube-heading\">\n\t<h2 class=\"ube-heading-title\">Deseamos cambiar los mundos de las personas<\/h2><div class=\"ube-heading-description\"><p>CIG22<\/p><\/div><\/div>\t\t\t\t<\/div>\n\t\t\t\t<\/div>\n\t\t\t\t<div class=\"elementor-element elementor-element-a14d404 elementor-widget elementor-widget-text-editor\" data-id=\"a14d404\" data-element_type=\"widget\" data-e-type=\"widget\" data-widget_type=\"text-editor.default\">\n\t\t\t\t<div class=\"elementor-widget-container\">\n\t\t\t\t\t\t\t\t\t<p>Este proyecto se origina a ra\u00edz de la culminaci\u00f3n de las historias <strong>CIG22 y La Tierra Contra El Cielo\u00a0<\/strong>en la que se narra de que forma las personas estamos condicionadas a pensar de un modo sin poder salir de la red de su control, hasta que descubrimos la ra\u00edz de todo el conocimiento, nuestro proyecto desea exponer todo lo que el mal hace para que no podamos conocer la <strong>esencia de existir.\u00a0<\/strong><\/p><p>Creemos firmemente en que podemos expandir nuestros planes en todo el mundo y hacer que muchos m\u00e1s puedan conocernos para decir basta de mentiras, porque amamos la verdad sea cual sea y al hacer tuya este gran conocimiento, comprobar\u00e1s que en el <strong>ahora\u00a0<\/strong>es que puedes llegar a experimentar todos los beneficios que nos han ocultado a fin de no conocer nuestro prop\u00f3sito.\u00a0<\/p>\t\t\t\t\t\t\t\t<\/div>\n\t\t\t\t<\/div>\n\t\t\t\t\t<\/div>\n\t\t<\/div>\n\t\t\t\t\t<\/div>\n\t\t<\/section>\n\t\t\t\t<section class=\"elementor-section elementor-top-section elementor-element elementor-element-61d402e961ede elementor-section-content-middle g5__el-width-1730 elementor-section-boxed elementor-section-height-default elementor-section-height-default\" data-id=\"61d402e961ede\" data-element_type=\"section\" data-e-type=\"section\" data-settings=\"{&quot;background_background&quot;:&quot;classic&quot;}\">\n\t\t\t\t\t\t<div class=\"elementor-container elementor-column-gap-default\">\n\t\t\t\t\t<div class=\"elementor-column elementor-col-50 elementor-top-column elementor-element elementor-element-70700e4\" data-id=\"70700e4\" data-element_type=\"column\" data-e-type=\"column\">\n\t\t\t<div class=\"elementor-widget-wrap elementor-element-populated\">\n\t\t\t\t\t\t<div class=\"elementor-element elementor-element-d4eb55d elementor-widget elementor-widget-image\" data-id=\"d4eb55d\" data-element_type=\"widget\" data-e-type=\"widget\" data-widget_type=\"image.default\">\n\t\t\t\t<div class=\"elementor-widget-container\">\n\t\t\t\t\t\t\t\t\t\t\t\t\t\t\t<img decoding=\"async\" width=\"303\" height=\"520\" src=\"https:\/\/cig22.com\/wp-content\/uploads\/cig22.png\" class=\"attachment-full size-full wp-image-13500\" alt=\"\" srcset=\"https:\/\/cig22.com\/wp-content\/uploads\/cig22.png 303w, https:\/\/cig22.com\/wp-content\/uploads\/cig22-175x300.png 175w\" sizes=\"(max-width: 303px) 100vw, 303px\" \/>\t\t\t\t\t\t\t\t\t\t\t\t\t\t\t<\/div>\n\t\t\t\t<\/div>\n\t\t\t\t\t<\/div>\n\t\t<\/div>\n\t\t\t\t<div class=\"elementor-column elementor-col-50 elementor-top-column elementor-element elementor-element-ca3bc64\" data-id=\"ca3bc64\" data-element_type=\"column\" data-e-type=\"column\">\n\t\t\t<div class=\"elementor-widget-wrap elementor-element-populated\">\n\t\t\t\t\t\t<div class=\"elementor-element elementor-element-15aaed0 elementor-widget elementor-widget-image\" data-id=\"15aaed0\" data-element_type=\"widget\" data-e-type=\"widget\" data-widget_type=\"image.default\">\n\t\t\t\t<div class=\"elementor-widget-container\">\n\t\t\t\t\t\t\t\t\t\t\t\t\t\t\t<img decoding=\"async\" width=\"352\" height=\"486\" src=\"https:\/\/cig22.com\/wp-content\/uploads\/la-tierra-contra-el-cielo.png\" class=\"attachment-full size-full wp-image-13501\" alt=\"\" srcset=\"https:\/\/cig22.com\/wp-content\/uploads\/la-tierra-contra-el-cielo.png 352w, https:\/\/cig22.com\/wp-content\/uploads\/la-tierra-contra-el-cielo-217x300.png 217w\" sizes=\"(max-width: 352px) 100vw, 352px\" \/>\t\t\t\t\t\t\t\t\t\t\t\t\t\t\t<\/div>\n\t\t\t\t<\/div>\n\t\t\t\t\t<\/div>\n\t\t<\/div>\n\t\t\t\t\t<\/div>\n\t\t<\/section>\n\t\t\t\t<section class=\"elementor-section elementor-top-section elementor-element elementor-element-7153616 elementor-section-boxed elementor-section-height-default elementor-section-height-default\" data-id=\"7153616\" data-element_type=\"section\" data-e-type=\"section\">\n\t\t\t\t\t\t<div class=\"elementor-container elementor-column-gap-default\">\n\t\t\t\t\t<div class=\"elementor-column elementor-col-100 elementor-top-column elementor-element elementor-element-6e80f4c\" data-id=\"6e80f4c\" data-element_type=\"column\" data-e-type=\"column\">\n\t\t\t<div class=\"elementor-widget-wrap elementor-element-populated\">\n\t\t\t\t\t\t<div class=\"elementor-element elementor-element-ae45d21 elementor-align-center elementor-widget elementor-widget-ube-heading\" data-id=\"ae45d21\" data-element_type=\"widget\" data-e-type=\"widget\" data-widget_type=\"ube-heading.default\">\n\t\t\t\t<div class=\"elementor-widget-container\">\n\t\t\t\t\t<div class=\"ube-heading\">\n\t<h6 class=\"ube-heading-sub-title\" >Y tambi\u00e9n podremos hacerlo en donde est\u00e9s<\/h6><h2 class=\"ube-heading-title\">Nos reunimos presencialmente<\/h2><div class=\"ube-heading-description\"><p>En el que compartimos din\u00e1micas y conversamos de los temas que est\u00e1n en la web, adem\u00e1s de nuevas m\u00e1s formas de lograr estar en pleno contexto, resolviendo dilemas y escuchando todas las perspectivas.\u00a0<\/p><\/div><\/div>\t\t\t\t<\/div>\n\t\t\t\t<\/div>\n\t\t\t\t\t<\/div>\n\t\t<\/div>\n\t\t\t\t\t<\/div>\n\t\t<\/section>\n\t\t\t\t<\/div>","protected":false},"excerpt":{"rendered":"<p>Acerca de nosotros Deseamos cambiar los mundos de las personas CIG22 Este proyecto se origina a ra\u00edz de la culminaci\u00f3n de las historias CIG22 y La Tierra Contra El Cielo\u00a0en la que se narra de que forma las personas estamos condicionadas a pensar de un modo sin poder salir de la red de su control, [&hellip;]<\/p>\n","protected":false},"author":1,"featured_media":0,"parent":0,"menu_order":0,"comment_status":"closed","ping_status":"closed","template":"elementor_header_footer","meta":{"_angie_page":false,"iawp_total_views":9,"footnotes":""},"class_list":["post-489","page","type-page","status-publish","hentry"],"yoast_head":"<!-- This site is optimized with the Yoast SEO Premium plugin v22.8 (Yoast SEO v27.6) - https:\/\/yoast.com\/product\/yoast-seo-premium-wordpress\/ -->\n<title>Nosotros - CIG22<\/title>\n<meta name=\"robots\" content=\"index, follow, max-snippet:-1, max-image-preview:large, max-video-preview:-1\" \/>\n<link rel=\"canonical\" href=\"https:\/\/cig22.com\/he\/nosotros\/\" \/>\n<meta property=\"og:locale\" content=\"he_IL\" \/>\n<meta property=\"og:type\" content=\"article\" \/>\n<meta property=\"og:title\" content=\"Nosotros\" \/>\n<meta property=\"og:description\" content=\"Acerca de nosotros Deseamos cambiar los mundos de las personas CIG22 Este proyecto se origina a ra\u00edz de la culminaci\u00f3n de las historias CIG22 y La Tierra Contra El Cielo\u00a0en la que se narra de que forma las personas estamos condicionadas a pensar de un modo sin poder salir de la red de su control, [&hellip;]\" \/>\n<meta property=\"og:url\" content=\"https:\/\/cig22.com\/he\/nosotros\/\" \/>\n<meta property=\"og:site_name\" content=\"CIG22\" \/>\n<meta property=\"article:modified_time\" content=\"2025-01-30T22:22:14+00:00\" \/>\n<meta property=\"og:image\" content=\"https:\/\/cig22.com\/wp-content\/uploads\/2024\/02\/hdsakjdhaskfh.png\" \/>\n<meta name=\"twitter:card\" content=\"summary_large_image\" \/>\n<meta name=\"twitter:label1\" content=\"\u05d6\u05de\u05df \u05e7\u05e8\u05d9\u05d0\u05d4 \u05de\u05d5\u05e2\u05e8\u05da\" \/>\n\t<meta name=\"twitter:data1\" content=\"2 \u05d3\u05e7\u05d5\u05ea\" \/>\n<script type=\"application\/ld+json\" class=\"yoast-schema-graph\">{\"@context\":\"https:\\\/\\\/schema.org\",\"@graph\":[{\"@type\":\"WebPage\",\"@id\":\"https:\\\/\\\/cig22.com\\\/nosotros\\\/\",\"url\":\"https:\\\/\\\/cig22.com\\\/nosotros\\\/\",\"name\":\"Nosotros - CIG22\",\"isPartOf\":{\"@id\":\"https:\\\/\\\/cig22.com\\\/#website\"},\"primaryImageOfPage\":{\"@id\":\"https:\\\/\\\/cig22.com\\\/nosotros\\\/#primaryimage\"},\"image\":{\"@id\":\"https:\\\/\\\/cig22.com\\\/nosotros\\\/#primaryimage\"},\"thumbnailUrl\":\"https:\\\/\\\/cig22.com\\\/wp-content\\\/uploads\\\/2024\\\/02\\\/hdsakjdhaskfh.png\",\"datePublished\":\"2018-11-20T09:10:23+00:00\",\"dateModified\":\"2025-01-30T22:22:14+00:00\",\"breadcrumb\":{\"@id\":\"https:\\\/\\\/cig22.com\\\/nosotros\\\/#breadcrumb\"},\"inLanguage\":\"he-IL\",\"potentialAction\":[{\"@type\":\"ReadAction\",\"target\":[\"https:\\\/\\\/cig22.com\\\/nosotros\\\/\"]}]},{\"@type\":\"ImageObject\",\"inLanguage\":\"he-IL\",\"@id\":\"https:\\\/\\\/cig22.com\\\/nosotros\\\/#primaryimage\",\"url\":\"https:\\\/\\\/cig22.com\\\/wp-content\\\/uploads\\\/2024\\\/02\\\/hdsakjdhaskfh.png\",\"contentUrl\":\"https:\\\/\\\/cig22.com\\\/wp-content\\\/uploads\\\/2024\\\/02\\\/hdsakjdhaskfh.png\"},{\"@type\":\"BreadcrumbList\",\"@id\":\"https:\\\/\\\/cig22.com\\\/nosotros\\\/#breadcrumb\",\"itemListElement\":[{\"@type\":\"ListItem\",\"position\":1,\"name\":\"Portada\",\"item\":\"https:\\\/\\\/cig22.com\\\/\"},{\"@type\":\"ListItem\",\"position\":2,\"name\":\"Nosotros\"}]},{\"@type\":\"WebSite\",\"@id\":\"https:\\\/\\\/cig22.com\\\/#website\",\"url\":\"https:\\\/\\\/cig22.com\\\/\",\"name\":\"Apoyo Mutuo\",\"description\":\"\",\"publisher\":{\"@id\":\"https:\\\/\\\/cig22.com\\\/#organization\"},\"potentialAction\":[{\"@type\":\"SearchAction\",\"target\":{\"@type\":\"EntryPoint\",\"urlTemplate\":\"https:\\\/\\\/cig22.com\\\/?s={search_term_string}\"},\"query-input\":{\"@type\":\"PropertyValueSpecification\",\"valueRequired\":true,\"valueName\":\"search_term_string\"}}],\"inLanguage\":\"he-IL\"},{\"@type\":\"Organization\",\"@id\":\"https:\\\/\\\/cig22.com\\\/#organization\",\"name\":\"Apoyo Mutuo\",\"url\":\"https:\\\/\\\/cig22.com\\\/\",\"logo\":{\"@type\":\"ImageObject\",\"inLanguage\":\"he-IL\",\"@id\":\"https:\\\/\\\/cig22.com\\\/#\\\/schema\\\/logo\\\/image\\\/\",\"url\":\"https:\\\/\\\/cig22.com\\\/wp-content\\\/uploads\\\/2024\\\/05\\\/logo.png\",\"contentUrl\":\"https:\\\/\\\/cig22.com\\\/wp-content\\\/uploads\\\/2024\\\/05\\\/logo.png\",\"width\":618,\"height\":217,\"caption\":\"Apoyo Mutuo\"},\"image\":{\"@id\":\"https:\\\/\\\/cig22.com\\\/#\\\/schema\\\/logo\\\/image\\\/\"}}]}<\/script>\n<!-- \/ Yoast SEO Premium plugin. -->","yoast_head_json":{"title":"Nosotros - CIG22","robots":{"index":"index","follow":"follow","max-snippet":"max-snippet:-1","max-image-preview":"max-image-preview:large","max-video-preview":"max-video-preview:-1"},"canonical":"https:\/\/cig22.com\/he\/nosotros\/","og_locale":"he_IL","og_type":"article","og_title":"Nosotros","og_description":"Acerca de nosotros Deseamos cambiar los mundos de las personas CIG22 Este proyecto se origina a ra\u00edz de la culminaci\u00f3n de las historias CIG22 y La Tierra Contra El Cielo\u00a0en la que se narra de que forma las personas estamos condicionadas a pensar de un modo sin poder salir de la red de su control, [&hellip;]","og_url":"https:\/\/cig22.com\/he\/nosotros\/","og_site_name":"CIG22","article_modified_time":"2025-01-30T22:22:14+00:00","og_image":[{"url":"https:\/\/cig22.com\/wp-content\/uploads\/2024\/02\/hdsakjdhaskfh.png","type":"","width":"","height":""}],"twitter_card":"summary_large_image","twitter_misc":{"\u05d6\u05de\u05df \u05e7\u05e8\u05d9\u05d0\u05d4 \u05de\u05d5\u05e2\u05e8\u05da":"2 \u05d3\u05e7\u05d5\u05ea"},"schema":{"@context":"https:\/\/schema.org","@graph":[{"@type":"WebPage","@id":"https:\/\/cig22.com\/nosotros\/","url":"https:\/\/cig22.com\/nosotros\/","name":"Nosotros - CIG22","isPartOf":{"@id":"https:\/\/cig22.com\/#website"},"primaryImageOfPage":{"@id":"https:\/\/cig22.com\/nosotros\/#primaryimage"},"image":{"@id":"https:\/\/cig22.com\/nosotros\/#primaryimage"},"thumbnailUrl":"https:\/\/cig22.com\/wp-content\/uploads\/2024\/02\/hdsakjdhaskfh.png","datePublished":"2018-11-20T09:10:23+00:00","dateModified":"2025-01-30T22:22:14+00:00","breadcrumb":{"@id":"https:\/\/cig22.com\/nosotros\/#breadcrumb"},"inLanguage":"he-IL","potentialAction":[{"@type":"ReadAction","target":["https:\/\/cig22.com\/nosotros\/"]}]},{"@type":"ImageObject","inLanguage":"he-IL","@id":"https:\/\/cig22.com\/nosotros\/#primaryimage","url":"https:\/\/cig22.com\/wp-content\/uploads\/2024\/02\/hdsakjdhaskfh.png","contentUrl":"https:\/\/cig22.com\/wp-content\/uploads\/2024\/02\/hdsakjdhaskfh.png"},{"@type":"BreadcrumbList","@id":"https:\/\/cig22.com\/nosotros\/#breadcrumb","itemListElement":[{"@type":"ListItem","position":1,"name":"Portada","item":"https:\/\/cig22.com\/"},{"@type":"ListItem","position":2,"name":"Nosotros"}]},{"@type":"WebSite","@id":"https:\/\/cig22.com\/#website","url":"https:\/\/cig22.com\/","name":"Apoyo Mutuo","description":"","publisher":{"@id":"https:\/\/cig22.com\/#organization"},"potentialAction":[{"@type":"SearchAction","target":{"@type":"EntryPoint","urlTemplate":"https:\/\/cig22.com\/?s={search_term_string}"},"query-input":{"@type":"PropertyValueSpecification","valueRequired":true,"valueName":"search_term_string"}}],"inLanguage":"he-IL"},{"@type":"Organization","@id":"https:\/\/cig22.com\/#organization","name":"Apoyo Mutuo","url":"https:\/\/cig22.com\/","logo":{"@type":"ImageObject","inLanguage":"he-IL","@id":"https:\/\/cig22.com\/#\/schema\/logo\/image\/","url":"https:\/\/cig22.com\/wp-content\/uploads\/2024\/05\/logo.png","contentUrl":"https:\/\/cig22.com\/wp-content\/uploads\/2024\/05\/logo.png","width":618,"height":217,"caption":"Apoyo Mutuo"},"image":{"@id":"https:\/\/cig22.com\/#\/schema\/logo\/image\/"}}]}},"_links":{"self":[{"href":"https:\/\/cig22.com\/he\/wp-json\/wp\/v2\/pages\/489","targetHints":{"allow":["GET"]}}],"collection":[{"href":"https:\/\/cig22.com\/he\/wp-json\/wp\/v2\/pages"}],"about":[{"href":"https:\/\/cig22.com\/he\/wp-json\/wp\/v2\/types\/page"}],"author":[{"embeddable":true,"href":"https:\/\/cig22.com\/he\/wp-json\/wp\/v2\/users\/1"}],"replies":[{"embeddable":true,"href":"https:\/\/cig22.com\/he\/wp-json\/wp\/v2\/comments?post=489"}],"version-history":[{"count":76,"href":"https:\/\/cig22.com\/he\/wp-json\/wp\/v2\/pages\/489\/revisions"}],"predecessor-version":[{"id":13513,"href":"https:\/\/cig22.com\/he\/wp-json\/wp\/v2\/pages\/489\/revisions\/13513"}],"wp:attachment":[{"href":"https:\/\/cig22.com\/he\/wp-json\/wp\/v2\/media?parent=489"}],"curies":[{"name":"wp","href":"https:\/\/api.w.org\/{rel}","templated":true}]}}