{"id":27714,"date":"2025-08-18T20:57:32","date_gmt":"2025-08-18T20:57:32","guid":{"rendered":"https:\/\/cig22.com\/?page_id=27714"},"modified":"2025-08-18T21:31:52","modified_gmt":"2025-08-18T21:31:52","slug":"ultra-contacto","status":"publish","type":"page","link":"https:\/\/cig22.com\/he\/ultra-contacto\/","title":{"rendered":"Ultra contacto"},"content":{"rendered":"<div data-elementor-type=\"wp-page\" data-elementor-id=\"27714\" class=\"elementor elementor-27714\" data-elementor-post-type=\"page\">\n\t\t\t\t\t\t<section class=\"elementor-section elementor-top-section elementor-element elementor-element-ba3dd04 elementor-section-full_width elementor-section-stretched elementor-section-height-default elementor-section-height-default\" data-id=\"ba3dd04\" data-element_type=\"section\" data-e-type=\"section\" data-settings=\"{&quot;background_background&quot;:&quot;classic&quot;,&quot;stretch_section&quot;:&quot;section-stretched&quot;}\">\n\t\t\t\t\t\t<div class=\"elementor-container elementor-column-gap-default\">\n\t\t\t\t\t<div class=\"elementor-column elementor-col-100 elementor-top-column elementor-element elementor-element-4baeeda\" data-id=\"4baeeda\" data-element_type=\"column\" data-e-type=\"column\">\n\t\t\t<div class=\"elementor-widget-wrap elementor-element-populated\">\n\t\t\t\t\t\t<div class=\"elementor-element elementor-element-1ea541e elementor-widget elementor-widget-heading\" data-id=\"1ea541e\" data-element_type=\"widget\" data-e-type=\"widget\" data-widget_type=\"heading.default\">\n\t\t\t\t<div class=\"elementor-widget-container\">\n\t\t\t\t\t<h2 class=\"elementor-heading-title elementor-size-default\">Contacto<\/h2>\t\t\t\t<\/div>\n\t\t\t\t<\/div>\n\t\t\t\t\t<\/div>\n\t\t<\/div>\n\t\t\t\t\t<\/div>\n\t\t<\/section>\n\t\t\t\t<section class=\"elementor-section elementor-top-section elementor-element elementor-element-2a3b75c elementor-section-full_width elementor-section-stretched elementor-section-height-default elementor-section-height-default\" data-id=\"2a3b75c\" data-element_type=\"section\" data-e-type=\"section\" data-settings=\"{&quot;stretch_section&quot;:&quot;section-stretched&quot;}\">\n\t\t\t\t\t\t<div class=\"elementor-container elementor-column-gap-no\">\n\t\t\t\t\t<div class=\"elementor-column elementor-col-100 elementor-top-column elementor-element elementor-element-8ba3bd2\" data-id=\"8ba3bd2\" data-element_type=\"column\" data-e-type=\"column\">\n\t\t\t<div class=\"elementor-widget-wrap elementor-element-populated\">\n\t\t\t\t\t\t<div class=\"elementor-element elementor-element-a088301 elementor-widget elementor-widget-image\" data-id=\"a088301\" data-element_type=\"widget\" data-e-type=\"widget\" data-widget_type=\"image.default\">\n\t\t\t\t<div class=\"elementor-widget-container\">\n\t\t\t\t\t\t\t\t\t\t\t\t\t\t\t<img fetchpriority=\"high\" decoding=\"async\" width=\"300\" height=\"253\" src=\"https:\/\/cig22.com\/wp-content\/uploads\/CIG-22-300x253.png\" class=\"attachment-medium size-medium wp-image-18527\" alt=\"\" srcset=\"https:\/\/cig22.com\/wp-content\/uploads\/CIG-22-300x253.png 300w, https:\/\/cig22.com\/wp-content\/uploads\/CIG-22-600x507.png 600w, https:\/\/cig22.com\/wp-content\/uploads\/CIG-22.png 644w\" sizes=\"(max-width: 300px) 100vw, 300px\" \/>\t\t\t\t\t\t\t\t\t\t\t\t\t\t\t<\/div>\n\t\t\t\t<\/div>\n\t\t\t\t<div class=\"elementor-element elementor-element-576436e elementor-widget elementor-widget-text-editor\" data-id=\"576436e\" data-element_type=\"widget\" data-e-type=\"widget\" data-widget_type=\"text-editor.default\">\n\t\t\t\t<div class=\"elementor-widget-container\">\n\t\t\t\t\t\t\t\t\t<p>Cuando supimos de la existencia de nuestro creador a\u00fan cuando el mundo dec\u00eda que no, sabemos es verdad no porque lo creemos si no porque esa es la realidad y el resultado de un contexto profundo que ya conoces, y esto que mencionar\u00e9 es esencial para que comprendas el prop\u00f3sito de esta secci\u00f3n, si nos han mentido desde la ra\u00edz \u00bftenemos que confiar en lo que oficialmente nos dicen es cierto? la respuesta es no, ya no hay que confiar en ning\u00fan conocimiento humano porque la posbilidad de que sea mentira estar\u00e1 presente y en medio de un mundo que desde la ra\u00edz enga\u00f1a a la gente, querer priorizar el conocimiento humano para comprender el mundo es un grave error.\u00a0<\/p><p>\u00bfEntonces c\u00f3mo se supone que tengo que hacerlo? es cuando m\u00e1s bien tienes que hacerte la pregunta \u00bfDios tienes un mensaje para la humanidad? siendo nuestro creador y por definici\u00f3n un ser eterno con un conocimiento infinito tal cual podemos apreciar en su creaci\u00f3n, es la fuente fiable y perfecta para encontrar todas las respuestas.\u00a0<\/p><p>Si queremos saber \u00bfc\u00f3mo es que nos creaste? \u00bfpor qu\u00e9 tu creaci\u00f3n yace imperfecta? \u00bfpor qu\u00e9 estamos sufriendo? \u00bfdeseas que todo continue como est\u00e1 por siempre? entre muchas m\u00e1s preguntas que solamente el creador puede responder.\u00a0<\/p><p>La pregunta es que suceder\u00eda si no pudieramos saber esas respuestas, sus implicancias han sido mencionadas en la secci\u00f3n el origen, la realidad es que si es posible saber esas respuestas porque ante la pregunta \u00bftienes un mensaje para la humanidad? la respuesta es si, y ese mensaje es la biblia.<\/p><p>Si conoces <strong>la red del tallo<\/strong> desde luego que sabr\u00e1s que ning\u00fan otro texto llamado sagrado se le puede comparar, y que si tambi\u00e9n conoces la secci\u00f3n <strong>supremac\u00eda<\/strong>, con mucha m\u00e1s raz\u00f3n.\u00a0<\/p><p>Es importante mencionar que la existencia de un creador no es algo opcional y creer que es verdad, si no que conforma nuestra pura realidad y toda la creaci\u00f3n es prueba de ello, en este contexto la pregunta se convierte en v\u00e1lida y muy esencial de hacernosla, donde no podemos presuponer que no hay respuesta, negando la red del tallo y tambi\u00e9n por qu\u00e9 los otros textos sagrados entre comillas no son la respuesta.<\/p><p>Usando puramente la l\u00f3gica podemos tambi\u00e9n saber aunque de manera no emp\u00edrica que tiene que haber un mensaje del creador hacia la humanidad donde nos explique por qu\u00e9 nos ha creado y que suceder\u00e1 con nuestro mundo.\u00a0<\/p><p>As\u00ed tambi\u00e9n conocer el real pasado, presente y el futuro, saber que hacer o no y c\u00f3mo aplicar la verdad expresada en tu texto sagrado para no ser enga\u00f1ado por quienes se opongan a lo que se afirme all\u00ed.\u00a0<\/p><p>Es cuando ya al saber que es el criterio de verdad podemos recibir informaci\u00f3n secular de explicacioes quiz\u00e1s del pasado del mundo y si mencionan afirmaciones opuestas a lo expresado en el tallo, ser\u00e1 mentira por definici\u00f3n porque representa la palabra de Dios y su supremac\u00eda lo respalda, as\u00ed como su contenido y poder de ser un ser supremo existente.\u00a0<\/p><p>Algunos para evitar profundizar en por qu\u00e9 no puede ser verdad lo que se afirme contrariamente a lo que se expresa en la biblia no lo hacen y eso esta bien llegado a este punto porque ante tantos ataques que recibe es tedioso tener que demostrarles porque la biblia tiene raz\u00f3n usando sus propias afirmaciones e informaci\u00f3n secular que as\u00ed lo confirmar\u00e1.\u00a0<\/p><p>Pero alguien m\u00e1s experto tal cual tienen que hacer es no caer en ese camino de enfrentamientos con los ADLR que piensan de antemano que la biblia simplemente es un texto como los dem\u00e1s, si se pretende destruir ese pensamiento lo que tienes que hacer es hacerle conocer cual es la ra\u00edz de todo y por qu\u00e9 la biblia cumple con todos los requisitos para ser el mensaje del creador, sabes que no es extenso poder hacer lo anteriormente mencionado con alguien y depender\u00e1 de cuanto contexto necesite, es cuando tienes que aplicar tu discernimiento porque la raz\u00f3n est\u00e1 de tu lado.<\/p><p>As\u00ed podemos conclu\u00edr que existe un contacto emp\u00edrico del creador con el ser humano expresado en su mensaje, el cual tiene milenios de antiguedad y cumple con todas las condicionales, y siendo el libro m\u00e1s importante del mundo es tambi\u00e9n el m\u00e1s influyente por las sectas mundiales, lo cual es un efecto coherente si se pretende no pudiendo negarles la ra\u00edz de todo, negarles el tallo, e inclusive aceptarlo pero parcialmente entre muchas m\u00e1s formas que las sectas aplican.\u00a0<\/p><p>El mensaje real ya fue entregado y todo lo que est\u00e1 escrito all\u00ed se ha cumplido y se cumplir\u00e1, si alguien quiere comprender el funcionamiento del mundo solamente necesitaba leer la biblia pero hacer esto no siempre resulta sencillo si antes cuentas con aferraciones ADLR, es por ello que mediante la red de todo se hace un proceso donde la meta es que llegues a hacerlo, para que puedas aplicar el criterio de verdad.\u00a0<\/p><p>Ahora bien existe otro tipo de contacto adem\u00e1s del escrito, y este tiene que ver con una presencia divina, el cual es la perfecta seguridad de que el criterio de verdad es real pero no siempre los origenes de esa sensaci\u00f3n son confiables y acerca de ello veremos en la pr\u00f3xima secci\u00f3n.<\/p><p>\u00a0<\/p>\t\t\t\t\t\t\t\t<\/div>\n\t\t\t\t<\/div>\n\t\t\t\t\t<\/div>\n\t\t<\/div>\n\t\t\t\t\t<\/div>\n\t\t<\/section>\n\t\t\t\t<\/div>","protected":false},"excerpt":{"rendered":"<p>Contacto Cuando supimos de la existencia de nuestro creador a\u00fan cuando el mundo dec\u00eda que no, sabemos es verdad no porque lo creemos si no porque esa es la realidad y el resultado de un contexto profundo que ya conoces, y esto que mencionar\u00e9 es esencial para que comprendas el prop\u00f3sito de esta secci\u00f3n, si [&hellip;]<\/p>\n","protected":false},"author":1,"featured_media":0,"parent":0,"menu_order":0,"comment_status":"closed","ping_status":"closed","template":"","meta":{"_angie_page":false,"iawp_total_views":0,"footnotes":""},"class_list":["post-27714","page","type-page","status-publish","hentry"],"yoast_head":"<!-- This site is optimized with the Yoast SEO Premium plugin v22.8 (Yoast SEO v27.6) - https:\/\/yoast.com\/product\/yoast-seo-premium-wordpress\/ -->\n<title>Ultra contacto - CIG22<\/title>\n<meta name=\"robots\" content=\"index, follow, max-snippet:-1, max-image-preview:large, max-video-preview:-1\" \/>\n<link rel=\"canonical\" href=\"https:\/\/cig22.com\/he\/ultra-contacto\/\" \/>\n<meta property=\"og:locale\" content=\"he_IL\" \/>\n<meta property=\"og:type\" content=\"article\" \/>\n<meta property=\"og:title\" content=\"Ultra contacto\" \/>\n<meta property=\"og:description\" content=\"Contacto Cuando supimos de la existencia de nuestro creador a\u00fan cuando el mundo dec\u00eda que no, sabemos es verdad no porque lo creemos si no porque esa es la realidad y el resultado de un contexto profundo que ya conoces, y esto que mencionar\u00e9 es esencial para que comprendas el prop\u00f3sito de esta secci\u00f3n, si [&hellip;]\" \/>\n<meta property=\"og:url\" content=\"https:\/\/cig22.com\/he\/ultra-contacto\/\" \/>\n<meta property=\"og:site_name\" content=\"CIG22\" \/>\n<meta property=\"article:modified_time\" content=\"2025-08-18T21:31:52+00:00\" \/>\n<meta property=\"og:image\" content=\"https:\/\/cig22.com\/wp-content\/uploads\/CIG-22.png\" \/>\n\t<meta property=\"og:image:width\" content=\"644\" \/>\n\t<meta property=\"og:image:height\" content=\"544\" \/>\n\t<meta property=\"og:image:type\" content=\"image\/png\" \/>\n<meta name=\"twitter:card\" content=\"summary_large_image\" \/>\n<meta name=\"twitter:label1\" content=\"\u05d6\u05de\u05df \u05e7\u05e8\u05d9\u05d0\u05d4 \u05de\u05d5\u05e2\u05e8\u05da\" \/>\n\t<meta name=\"twitter:data1\" content=\"5 \u05d3\u05e7\u05d5\u05ea\" \/>\n<script type=\"application\/ld+json\" class=\"yoast-schema-graph\">{\"@context\":\"https:\\\/\\\/schema.org\",\"@graph\":[{\"@type\":\"WebPage\",\"@id\":\"https:\\\/\\\/cig22.com\\\/ultra-contacto\\\/\",\"url\":\"https:\\\/\\\/cig22.com\\\/ultra-contacto\\\/\",\"name\":\"Ultra contacto - CIG22\",\"isPartOf\":{\"@id\":\"https:\\\/\\\/cig22.com\\\/#website\"},\"primaryImageOfPage\":{\"@id\":\"https:\\\/\\\/cig22.com\\\/ultra-contacto\\\/#primaryimage\"},\"image\":{\"@id\":\"https:\\\/\\\/cig22.com\\\/ultra-contacto\\\/#primaryimage\"},\"thumbnailUrl\":\"https:\\\/\\\/cig22.com\\\/wp-content\\\/uploads\\\/CIG-22-300x253.png\",\"datePublished\":\"2025-08-18T20:57:32+00:00\",\"dateModified\":\"2025-08-18T21:31:52+00:00\",\"breadcrumb\":{\"@id\":\"https:\\\/\\\/cig22.com\\\/ultra-contacto\\\/#breadcrumb\"},\"inLanguage\":\"he-IL\",\"potentialAction\":[{\"@type\":\"ReadAction\",\"target\":[\"https:\\\/\\\/cig22.com\\\/ultra-contacto\\\/\"]}]},{\"@type\":\"ImageObject\",\"inLanguage\":\"he-IL\",\"@id\":\"https:\\\/\\\/cig22.com\\\/ultra-contacto\\\/#primaryimage\",\"url\":\"https:\\\/\\\/cig22.com\\\/wp-content\\\/uploads\\\/CIG-22-300x253.png\",\"contentUrl\":\"https:\\\/\\\/cig22.com\\\/wp-content\\\/uploads\\\/CIG-22-300x253.png\"},{\"@type\":\"BreadcrumbList\",\"@id\":\"https:\\\/\\\/cig22.com\\\/ultra-contacto\\\/#breadcrumb\",\"itemListElement\":[{\"@type\":\"ListItem\",\"position\":1,\"name\":\"Portada\",\"item\":\"https:\\\/\\\/cig22.com\\\/\"},{\"@type\":\"ListItem\",\"position\":2,\"name\":\"Ultra contacto\"}]},{\"@type\":\"WebSite\",\"@id\":\"https:\\\/\\\/cig22.com\\\/#website\",\"url\":\"https:\\\/\\\/cig22.com\\\/\",\"name\":\"Apoyo Mutuo\",\"description\":\"\",\"publisher\":{\"@id\":\"https:\\\/\\\/cig22.com\\\/#organization\"},\"potentialAction\":[{\"@type\":\"SearchAction\",\"target\":{\"@type\":\"EntryPoint\",\"urlTemplate\":\"https:\\\/\\\/cig22.com\\\/?s={search_term_string}\"},\"query-input\":{\"@type\":\"PropertyValueSpecification\",\"valueRequired\":true,\"valueName\":\"search_term_string\"}}],\"inLanguage\":\"he-IL\"},{\"@type\":\"Organization\",\"@id\":\"https:\\\/\\\/cig22.com\\\/#organization\",\"name\":\"Apoyo Mutuo\",\"url\":\"https:\\\/\\\/cig22.com\\\/\",\"logo\":{\"@type\":\"ImageObject\",\"inLanguage\":\"he-IL\",\"@id\":\"https:\\\/\\\/cig22.com\\\/#\\\/schema\\\/logo\\\/image\\\/\",\"url\":\"https:\\\/\\\/cig22.com\\\/wp-content\\\/uploads\\\/2024\\\/05\\\/logo.png\",\"contentUrl\":\"https:\\\/\\\/cig22.com\\\/wp-content\\\/uploads\\\/2024\\\/05\\\/logo.png\",\"width\":618,\"height\":217,\"caption\":\"Apoyo Mutuo\"},\"image\":{\"@id\":\"https:\\\/\\\/cig22.com\\\/#\\\/schema\\\/logo\\\/image\\\/\"}}]}<\/script>\n<!-- \/ Yoast SEO Premium plugin. -->","yoast_head_json":{"title":"Ultra contacto - CIG22","robots":{"index":"index","follow":"follow","max-snippet":"max-snippet:-1","max-image-preview":"max-image-preview:large","max-video-preview":"max-video-preview:-1"},"canonical":"https:\/\/cig22.com\/he\/ultra-contacto\/","og_locale":"he_IL","og_type":"article","og_title":"Ultra contacto","og_description":"Contacto Cuando supimos de la existencia de nuestro creador a\u00fan cuando el mundo dec\u00eda que no, sabemos es verdad no porque lo creemos si no porque esa es la realidad y el resultado de un contexto profundo que ya conoces, y esto que mencionar\u00e9 es esencial para que comprendas el prop\u00f3sito de esta secci\u00f3n, si [&hellip;]","og_url":"https:\/\/cig22.com\/he\/ultra-contacto\/","og_site_name":"CIG22","article_modified_time":"2025-08-18T21:31:52+00:00","og_image":[{"width":644,"height":544,"url":"https:\/\/cig22.com\/wp-content\/uploads\/CIG-22.png","type":"image\/png"}],"twitter_card":"summary_large_image","twitter_misc":{"\u05d6\u05de\u05df \u05e7\u05e8\u05d9\u05d0\u05d4 \u05de\u05d5\u05e2\u05e8\u05da":"5 \u05d3\u05e7\u05d5\u05ea"},"schema":{"@context":"https:\/\/schema.org","@graph":[{"@type":"WebPage","@id":"https:\/\/cig22.com\/ultra-contacto\/","url":"https:\/\/cig22.com\/ultra-contacto\/","name":"Ultra contacto - CIG22","isPartOf":{"@id":"https:\/\/cig22.com\/#website"},"primaryImageOfPage":{"@id":"https:\/\/cig22.com\/ultra-contacto\/#primaryimage"},"image":{"@id":"https:\/\/cig22.com\/ultra-contacto\/#primaryimage"},"thumbnailUrl":"https:\/\/cig22.com\/wp-content\/uploads\/CIG-22-300x253.png","datePublished":"2025-08-18T20:57:32+00:00","dateModified":"2025-08-18T21:31:52+00:00","breadcrumb":{"@id":"https:\/\/cig22.com\/ultra-contacto\/#breadcrumb"},"inLanguage":"he-IL","potentialAction":[{"@type":"ReadAction","target":["https:\/\/cig22.com\/ultra-contacto\/"]}]},{"@type":"ImageObject","inLanguage":"he-IL","@id":"https:\/\/cig22.com\/ultra-contacto\/#primaryimage","url":"https:\/\/cig22.com\/wp-content\/uploads\/CIG-22-300x253.png","contentUrl":"https:\/\/cig22.com\/wp-content\/uploads\/CIG-22-300x253.png"},{"@type":"BreadcrumbList","@id":"https:\/\/cig22.com\/ultra-contacto\/#breadcrumb","itemListElement":[{"@type":"ListItem","position":1,"name":"Portada","item":"https:\/\/cig22.com\/"},{"@type":"ListItem","position":2,"name":"Ultra contacto"}]},{"@type":"WebSite","@id":"https:\/\/cig22.com\/#website","url":"https:\/\/cig22.com\/","name":"Apoyo Mutuo","description":"","publisher":{"@id":"https:\/\/cig22.com\/#organization"},"potentialAction":[{"@type":"SearchAction","target":{"@type":"EntryPoint","urlTemplate":"https:\/\/cig22.com\/?s={search_term_string}"},"query-input":{"@type":"PropertyValueSpecification","valueRequired":true,"valueName":"search_term_string"}}],"inLanguage":"he-IL"},{"@type":"Organization","@id":"https:\/\/cig22.com\/#organization","name":"Apoyo Mutuo","url":"https:\/\/cig22.com\/","logo":{"@type":"ImageObject","inLanguage":"he-IL","@id":"https:\/\/cig22.com\/#\/schema\/logo\/image\/","url":"https:\/\/cig22.com\/wp-content\/uploads\/2024\/05\/logo.png","contentUrl":"https:\/\/cig22.com\/wp-content\/uploads\/2024\/05\/logo.png","width":618,"height":217,"caption":"Apoyo Mutuo"},"image":{"@id":"https:\/\/cig22.com\/#\/schema\/logo\/image\/"}}]}},"_links":{"self":[{"href":"https:\/\/cig22.com\/he\/wp-json\/wp\/v2\/pages\/27714","targetHints":{"allow":["GET"]}}],"collection":[{"href":"https:\/\/cig22.com\/he\/wp-json\/wp\/v2\/pages"}],"about":[{"href":"https:\/\/cig22.com\/he\/wp-json\/wp\/v2\/types\/page"}],"author":[{"embeddable":true,"href":"https:\/\/cig22.com\/he\/wp-json\/wp\/v2\/users\/1"}],"replies":[{"embeddable":true,"href":"https:\/\/cig22.com\/he\/wp-json\/wp\/v2\/comments?post=27714"}],"version-history":[{"count":16,"href":"https:\/\/cig22.com\/he\/wp-json\/wp\/v2\/pages\/27714\/revisions"}],"predecessor-version":[{"id":27763,"href":"https:\/\/cig22.com\/he\/wp-json\/wp\/v2\/pages\/27714\/revisions\/27763"}],"wp:attachment":[{"href":"https:\/\/cig22.com\/he\/wp-json\/wp\/v2\/media?parent=27714"}],"curies":[{"name":"wp","href":"https:\/\/api.w.org\/{rel}","templated":true}]}}