{"id":18686,"date":"2025-04-22T14:08:24","date_gmt":"2025-04-22T14:08:24","guid":{"rendered":"https:\/\/cig22.com\/?page_id=18686"},"modified":"2025-08-05T20:49:52","modified_gmt":"2025-08-05T20:49:52","slug":"la-red-del-diluvio","status":"publish","type":"page","link":"https:\/\/cig22.com\/he\/la-red-del-diluvio\/","title":{"rendered":"La red del diluvio"},"content":{"rendered":"<div data-elementor-type=\"wp-page\" data-elementor-id=\"18686\" class=\"elementor elementor-18686\" data-elementor-post-type=\"page\">\n\t\t\t\t\t\t<section class=\"elementor-section elementor-top-section elementor-element elementor-element-dc8bfd4 elementor-section-full_width elementor-section-stretched elementor-section-height-default elementor-section-height-default\" data-id=\"dc8bfd4\" data-element_type=\"section\" data-e-type=\"section\" data-settings=\"{&quot;stretch_section&quot;:&quot;section-stretched&quot;,&quot;background_background&quot;:&quot;classic&quot;}\">\n\t\t\t\t\t\t<div class=\"elementor-container elementor-column-gap-no\">\n\t\t\t\t\t<div class=\"elementor-column elementor-col-100 elementor-top-column elementor-element elementor-element-c9909ce\" data-id=\"c9909ce\" data-element_type=\"column\" data-e-type=\"column\">\n\t\t\t<div class=\"elementor-widget-wrap elementor-element-populated\">\n\t\t\t\t\t\t<div class=\"elementor-element elementor-element-5b92dcd elementor-widget elementor-widget-heading\" data-id=\"5b92dcd\" data-element_type=\"widget\" data-e-type=\"widget\" data-widget_type=\"heading.default\">\n\t\t\t\t<div class=\"elementor-widget-container\">\n\t\t\t\t\t<h2 class=\"elementor-heading-title elementor-size-default\">La red del diluvio<\/h2>\t\t\t\t<\/div>\n\t\t\t\t<\/div>\n\t\t\t\t\t<\/div>\n\t\t<\/div>\n\t\t\t\t\t<\/div>\n\t\t<\/section>\n\t\t\t\t<section class=\"elementor-section elementor-top-section elementor-element elementor-element-7e98e16 elementor-section-boxed elementor-section-height-default elementor-section-height-default\" data-id=\"7e98e16\" data-element_type=\"section\" data-e-type=\"section\">\n\t\t\t\t\t\t<div class=\"elementor-container elementor-column-gap-default\">\n\t\t\t\t\t<div class=\"elementor-column elementor-col-100 elementor-top-column elementor-element elementor-element-274ca86\" data-id=\"274ca86\" data-element_type=\"column\" data-e-type=\"column\">\n\t\t\t<div class=\"elementor-widget-wrap elementor-element-populated\">\n\t\t\t\t\t\t<div class=\"elementor-element elementor-element-9570bf0 elementor-widget elementor-widget-ucaddon_text_rotator\" data-id=\"9570bf0\" data-element_type=\"widget\" data-e-type=\"widget\" data-widget_type=\"ucaddon_text_rotator.default\">\n\t\t\t\t<div class=\"elementor-widget-container\">\n\t\t\t\t\t\n<!-- start Text Rotator -->\n\t\t<link id='uc_ac_assets_file_morphext_css_52-css' href='https:\/\/cig22.com\/wp-content\/uploads\/ac_assets\/Text Rotator\/morphext.css' type='text\/css' rel='stylesheet' >\n\t\t<link id='uc_ac_assets_file_animate_css_77907-css' href='https:\/\/cig22.com\/wp-content\/uploads\/ac_assets\/Text Rotator\/animate.css' type='text\/css' rel='stylesheet' >\n\n<style>\/* widget: Text Rotator *\/\n\n#uc_text_rotator_elementor_9570bf0 span.string\n{\n  display:inline;\n} \n\n\n\n<\/style>\n\n<div style=\"text-align:center;\" id=\"uc_text_rotator_elementor_9570bf0\">\n  <span class=\"string beginning_text_typography\" ><\/span> \n  <span class=\"string\">\n    <span class=\"js-rotating middle_text_typography\">\n                     Requisitos\n\n  \n            <\/span>\n  <\/span> \n  <span class=\"string ending_text_typography\"><\/span>\n<\/div>\n<!-- end Text Rotator -->\t\t\t\t<\/div>\n\t\t\t\t<\/div>\n\t\t\t\t\t<\/div>\n\t\t<\/div>\n\t\t\t\t\t<\/div>\n\t\t<\/section>\n\t\t\t\t<section class=\"elementor-section elementor-top-section elementor-element elementor-element-ee3c200 elementor-section-boxed elementor-section-height-default elementor-section-height-default\" data-id=\"ee3c200\" data-element_type=\"section\" data-e-type=\"section\">\n\t\t\t\t\t\t<div class=\"elementor-container elementor-column-gap-default\">\n\t\t\t\t\t<div class=\"elementor-column elementor-col-100 elementor-top-column elementor-element elementor-element-be531a3\" data-id=\"be531a3\" data-element_type=\"column\" data-e-type=\"column\">\n\t\t\t<div class=\"elementor-widget-wrap elementor-element-populated\">\n\t\t\t\t\t\t<div class=\"elementor-element elementor-element-a8e8833 elementor-widget elementor-widget-text-editor\" data-id=\"a8e8833\" data-element_type=\"widget\" data-e-type=\"widget\" data-widget_type=\"text-editor.default\">\n\t\t\t\t<div class=\"elementor-widget-container\">\n\t\t\t\t\t\t\t\t\t<p>Para conocer el realismo del diluvio necesitas estar en contexto con las secciones acontinuaci\u00f3n, al saber que fue un suceso real descubrir\u00e1s muchas respuestas por a\u00f1adidura en la red y ra\u00edz de todo.<\/p>\n<p><strong>Requisitos:<\/strong><\/p><p><b>&#8211; Secci\u00f3n el prop\u00f3sito y recomendaciones<\/b><\/p>\n<p><strong>&#8211; Red de todo \/ nivel respuesta esencial<\/strong><\/p>\n<p><strong>&#8211; Ra\u00edz de todo nivel avanzado<\/strong><\/p>\n<p><strong>&#8211; Red de la dataci\u00f3n<\/strong><\/p>\n<p><strong>&#8211; Contexto abiog\u00e9nesis, azar y tiempo<\/strong><\/p>\n<p>Si ya cumples con los requisitos puedes acceder a descubrir la red del diluvio.<\/p>\t\t\t\t\t\t\t\t<\/div>\n\t\t\t\t<\/div>\n\t\t\t\t\t<\/div>\n\t\t<\/div>\n\t\t\t\t\t<\/div>\n\t\t<\/section>\n\t\t\t\t<section class=\"elementor-section elementor-top-section elementor-element elementor-element-9a87cea elementor-section-boxed elementor-section-height-default elementor-section-height-default\" data-id=\"9a87cea\" data-element_type=\"section\" data-e-type=\"section\">\n\t\t\t\t\t\t<div class=\"elementor-container elementor-column-gap-default\">\n\t\t\t\t\t<div class=\"elementor-column elementor-col-33 elementor-top-column elementor-element elementor-element-fb5da07\" data-id=\"fb5da07\" data-element_type=\"column\" data-e-type=\"column\">\n\t\t\t<div class=\"elementor-widget-wrap elementor-element-populated\">\n\t\t\t\t\t\t<div class=\"elementor-element elementor-element-cebb111 elementor-widget-divider--view-line elementor-widget elementor-widget-divider\" data-id=\"cebb111\" data-element_type=\"widget\" data-e-type=\"widget\" data-widget_type=\"divider.default\">\n\t\t\t\t<div class=\"elementor-widget-container\">\n\t\t\t\t\t\t\t<div class=\"elementor-divider\">\n\t\t\t<span class=\"elementor-divider-separator\">\n\t\t\t\t\t\t<\/span>\n\t\t<\/div>\n\t\t\t\t\t\t<\/div>\n\t\t\t\t<\/div>\n\t\t\t\t\t<\/div>\n\t\t<\/div>\n\t\t\t\t<div class=\"elementor-column elementor-col-33 elementor-top-column elementor-element elementor-element-dd6624d\" data-id=\"dd6624d\" data-element_type=\"column\" data-e-type=\"column\">\n\t\t\t<div class=\"elementor-widget-wrap elementor-element-populated\">\n\t\t\t\t\t\t<div class=\"elementor-element elementor-element-104e0ae elementor-widget elementor-widget-heading\" data-id=\"104e0ae\" data-element_type=\"widget\" data-e-type=\"widget\" data-widget_type=\"heading.default\">\n\t\t\t\t<div class=\"elementor-widget-container\">\n\t\t\t\t\t<h2 class=\"elementor-heading-title elementor-size-default\"><a href=\"https:\/\/cig22.com\/he\/diluvio\/la-red\/\" target=\"_blank\">Red del diluvio<\/a><\/h2>\t\t\t\t<\/div>\n\t\t\t\t<\/div>\n\t\t\t\t\t<\/div>\n\t\t<\/div>\n\t\t\t\t<div class=\"elementor-column elementor-col-33 elementor-top-column elementor-element elementor-element-0b8b8c6\" data-id=\"0b8b8c6\" data-element_type=\"column\" data-e-type=\"column\">\n\t\t\t<div class=\"elementor-widget-wrap elementor-element-populated\">\n\t\t\t\t\t\t<div class=\"elementor-element elementor-element-3386177 elementor-widget-divider--view-line elementor-widget elementor-widget-divider\" data-id=\"3386177\" data-element_type=\"widget\" data-e-type=\"widget\" data-widget_type=\"divider.default\">\n\t\t\t\t<div class=\"elementor-widget-container\">\n\t\t\t\t\t\t\t<div class=\"elementor-divider\">\n\t\t\t<span class=\"elementor-divider-separator\">\n\t\t\t\t\t\t<\/span>\n\t\t<\/div>\n\t\t\t\t\t\t<\/div>\n\t\t\t\t<\/div>\n\t\t\t\t\t<\/div>\n\t\t<\/div>\n\t\t\t\t\t<\/div>\n\t\t<\/section>\n\t\t\t\t<section class=\"elementor-section elementor-top-section elementor-element elementor-element-ab3a1c1 elementor-section-boxed elementor-section-height-default elementor-section-height-default\" data-id=\"ab3a1c1\" data-element_type=\"section\" data-e-type=\"section\">\n\t\t\t\t\t\t<div class=\"elementor-container elementor-column-gap-default\">\n\t\t\t\t\t<div class=\"elementor-column elementor-col-25 elementor-top-column elementor-element elementor-element-6234cec\" data-id=\"6234cec\" data-element_type=\"column\" data-e-type=\"column\">\n\t\t\t<div class=\"elementor-widget-wrap elementor-element-populated\">\n\t\t\t\t\t\t<div class=\"elementor-element elementor-element-a1556fc elementor-widget elementor-widget-button\" data-id=\"a1556fc\" data-element_type=\"widget\" data-e-type=\"widget\" data-widget_type=\"button.default\">\n\t\t\t\t<div class=\"elementor-widget-container\">\n\t\t\t\t\t\t\t\t\t<div class=\"elementor-button-wrapper\">\n\t\t\t\t\t<a class=\"elementor-button elementor-button-link elementor-size-sm\" href=\"https:\/\/cig22.com\/he\/la-red-de-todo\/\" target=\"_blank\">\n\t\t\t\t\t\t<span class=\"elementor-button-content-wrapper\">\n\t\t\t\t\t\t\t\t\t<span class=\"elementor-button-text\">La red de todo<\/span>\n\t\t\t\t\t<\/span>\n\t\t\t\t\t<\/a>\n\t\t\t\t<\/div>\n\t\t\t\t\t\t\t\t<\/div>\n\t\t\t\t<\/div>\n\t\t\t\t\t<\/div>\n\t\t<\/div>\n\t\t\t\t<div class=\"elementor-column elementor-col-25 elementor-top-column elementor-element elementor-element-11d183a\" data-id=\"11d183a\" data-element_type=\"column\" data-e-type=\"column\">\n\t\t\t<div class=\"elementor-widget-wrap elementor-element-populated\">\n\t\t\t\t\t\t<div class=\"elementor-element elementor-element-a73cff1 elementor-widget elementor-widget-button\" data-id=\"a73cff1\" data-element_type=\"widget\" data-e-type=\"widget\" data-widget_type=\"button.default\">\n\t\t\t\t<div class=\"elementor-widget-container\">\n\t\t\t\t\t\t\t\t\t<div class=\"elementor-button-wrapper\">\n\t\t\t\t\t<a class=\"elementor-button elementor-button-link elementor-size-sm\" href=\"https:\/\/cig22.com\/he\/la-raiz-de-todo\/\" target=\"_blank\">\n\t\t\t\t\t\t<span class=\"elementor-button-content-wrapper\">\n\t\t\t\t\t\t\t\t\t<span class=\"elementor-button-text\">La ra\u00edz de todo<\/span>\n\t\t\t\t\t<\/span>\n\t\t\t\t\t<\/a>\n\t\t\t\t<\/div>\n\t\t\t\t\t\t\t\t<\/div>\n\t\t\t\t<\/div>\n\t\t\t\t\t<\/div>\n\t\t<\/div>\n\t\t\t\t<div class=\"elementor-column elementor-col-25 elementor-top-column elementor-element elementor-element-c29b7e5\" data-id=\"c29b7e5\" data-element_type=\"column\" data-e-type=\"column\">\n\t\t\t<div class=\"elementor-widget-wrap elementor-element-populated\">\n\t\t\t\t\t\t<div class=\"elementor-element elementor-element-4f36e23 elementor-widget elementor-widget-button\" data-id=\"4f36e23\" data-element_type=\"widget\" data-e-type=\"widget\" data-widget_type=\"button.default\">\n\t\t\t\t<div class=\"elementor-widget-container\">\n\t\t\t\t\t\t\t\t\t<div class=\"elementor-button-wrapper\">\n\t\t\t\t\t<a class=\"elementor-button elementor-button-link elementor-size-sm\" href=\"https:\/\/cig22.com\/he\/datacion\/red-de-la-datacion\/\" target=\"_blank\">\n\t\t\t\t\t\t<span class=\"elementor-button-content-wrapper\">\n\t\t\t\t\t\t\t\t\t<span class=\"elementor-button-text\">Red de la dataci\u00f3n<\/span>\n\t\t\t\t\t<\/span>\n\t\t\t\t\t<\/a>\n\t\t\t\t<\/div>\n\t\t\t\t\t\t\t\t<\/div>\n\t\t\t\t<\/div>\n\t\t\t\t\t<\/div>\n\t\t<\/div>\n\t\t\t\t<div class=\"elementor-column elementor-col-25 elementor-top-column elementor-element elementor-element-64aad08\" data-id=\"64aad08\" data-element_type=\"column\" data-e-type=\"column\">\n\t\t\t<div class=\"elementor-widget-wrap elementor-element-populated\">\n\t\t\t\t\t\t<div class=\"elementor-element elementor-element-5332da3 elementor-widget elementor-widget-button\" data-id=\"5332da3\" data-element_type=\"widget\" data-e-type=\"widget\" data-widget_type=\"button.default\">\n\t\t\t\t<div class=\"elementor-widget-container\">\n\t\t\t\t\t\t\t\t\t<div class=\"elementor-button-wrapper\">\n\t\t\t\t\t<a class=\"elementor-button elementor-button-link elementor-size-sm\" href=\"https:\/\/cig22.com\/he\/el-proposito\/\">\n\t\t\t\t\t\t<span class=\"elementor-button-content-wrapper\">\n\t\t\t\t\t\t\t\t\t<span class=\"elementor-button-text\">Prop\u00f3sito<\/span>\n\t\t\t\t\t<\/span>\n\t\t\t\t\t<\/a>\n\t\t\t\t<\/div>\n\t\t\t\t\t\t\t\t<\/div>\n\t\t\t\t<\/div>\n\t\t\t\t\t<\/div>\n\t\t<\/div>\n\t\t\t\t\t<\/div>\n\t\t<\/section>\n\t\t\t\t<\/div>","protected":false},"excerpt":{"rendered":"<p>La red del diluvio Requisitos Para conocer el realismo del diluvio necesitas estar en contexto con las secciones acontinuaci\u00f3n, al saber que fue un suceso real descubrir\u00e1s muchas respuestas por a\u00f1adidura en la red y ra\u00edz de todo. Requisitos: &#8211; Secci\u00f3n el prop\u00f3sito y recomendaciones &#8211; Red de todo \/ nivel respuesta esencial &#8211; Ra\u00edz [&hellip;]<\/p>\n","protected":false},"author":1,"featured_media":0,"parent":0,"menu_order":0,"comment_status":"closed","ping_status":"closed","template":"","meta":{"_angie_page":false,"iawp_total_views":5,"footnotes":""},"class_list":["post-18686","page","type-page","status-publish","hentry"],"yoast_head":"<!-- This site is optimized with the Yoast SEO Premium plugin v22.8 (Yoast SEO v27.6) - https:\/\/yoast.com\/product\/yoast-seo-premium-wordpress\/ -->\n<title>La red del diluvio - CIG22<\/title>\n<meta name=\"robots\" content=\"index, follow, max-snippet:-1, max-image-preview:large, max-video-preview:-1\" \/>\n<link rel=\"canonical\" href=\"https:\/\/cig22.com\/he\/la-red-del-diluvio\/\" \/>\n<meta property=\"og:locale\" content=\"he_IL\" \/>\n<meta property=\"og:type\" content=\"article\" \/>\n<meta property=\"og:title\" content=\"La red del diluvio\" \/>\n<meta property=\"og:description\" content=\"La red del diluvio Requisitos Para conocer el realismo del diluvio necesitas estar en contexto con las secciones acontinuaci\u00f3n, al saber que fue un suceso real descubrir\u00e1s muchas respuestas por a\u00f1adidura en la red y ra\u00edz de todo. Requisitos: &#8211; Secci\u00f3n el prop\u00f3sito y recomendaciones &#8211; Red de todo \/ nivel respuesta esencial &#8211; Ra\u00edz [&hellip;]\" \/>\n<meta property=\"og:url\" content=\"https:\/\/cig22.com\/he\/la-red-del-diluvio\/\" \/>\n<meta property=\"og:site_name\" content=\"CIG22\" \/>\n<meta property=\"article:modified_time\" content=\"2025-08-05T20:49:52+00:00\" \/>\n<meta name=\"twitter:card\" content=\"summary_large_image\" \/>\n<meta name=\"twitter:label1\" content=\"\u05d6\u05de\u05df \u05e7\u05e8\u05d9\u05d0\u05d4 \u05de\u05d5\u05e2\u05e8\u05da\" \/>\n\t<meta name=\"twitter:data1\" content=\"\u05d3\u05e7\u05d41\" \/>\n<script type=\"application\/ld+json\" class=\"yoast-schema-graph\">{\"@context\":\"https:\\\/\\\/schema.org\",\"@graph\":[{\"@type\":\"WebPage\",\"@id\":\"https:\\\/\\\/cig22.com\\\/la-red-del-diluvio\\\/\",\"url\":\"https:\\\/\\\/cig22.com\\\/la-red-del-diluvio\\\/\",\"name\":\"La red del diluvio - CIG22\",\"isPartOf\":{\"@id\":\"https:\\\/\\\/cig22.com\\\/#website\"},\"datePublished\":\"2025-04-22T14:08:24+00:00\",\"dateModified\":\"2025-08-05T20:49:52+00:00\",\"breadcrumb\":{\"@id\":\"https:\\\/\\\/cig22.com\\\/la-red-del-diluvio\\\/#breadcrumb\"},\"inLanguage\":\"he-IL\",\"potentialAction\":[{\"@type\":\"ReadAction\",\"target\":[\"https:\\\/\\\/cig22.com\\\/la-red-del-diluvio\\\/\"]}]},{\"@type\":\"BreadcrumbList\",\"@id\":\"https:\\\/\\\/cig22.com\\\/la-red-del-diluvio\\\/#breadcrumb\",\"itemListElement\":[{\"@type\":\"ListItem\",\"position\":1,\"name\":\"Portada\",\"item\":\"https:\\\/\\\/cig22.com\\\/\"},{\"@type\":\"ListItem\",\"position\":2,\"name\":\"La red del diluvio\"}]},{\"@type\":\"WebSite\",\"@id\":\"https:\\\/\\\/cig22.com\\\/#website\",\"url\":\"https:\\\/\\\/cig22.com\\\/\",\"name\":\"Apoyo Mutuo\",\"description\":\"\",\"publisher\":{\"@id\":\"https:\\\/\\\/cig22.com\\\/#organization\"},\"potentialAction\":[{\"@type\":\"SearchAction\",\"target\":{\"@type\":\"EntryPoint\",\"urlTemplate\":\"https:\\\/\\\/cig22.com\\\/?s={search_term_string}\"},\"query-input\":{\"@type\":\"PropertyValueSpecification\",\"valueRequired\":true,\"valueName\":\"search_term_string\"}}],\"inLanguage\":\"he-IL\"},{\"@type\":\"Organization\",\"@id\":\"https:\\\/\\\/cig22.com\\\/#organization\",\"name\":\"Apoyo Mutuo\",\"url\":\"https:\\\/\\\/cig22.com\\\/\",\"logo\":{\"@type\":\"ImageObject\",\"inLanguage\":\"he-IL\",\"@id\":\"https:\\\/\\\/cig22.com\\\/#\\\/schema\\\/logo\\\/image\\\/\",\"url\":\"https:\\\/\\\/cig22.com\\\/wp-content\\\/uploads\\\/2024\\\/05\\\/logo.png\",\"contentUrl\":\"https:\\\/\\\/cig22.com\\\/wp-content\\\/uploads\\\/2024\\\/05\\\/logo.png\",\"width\":618,\"height\":217,\"caption\":\"Apoyo Mutuo\"},\"image\":{\"@id\":\"https:\\\/\\\/cig22.com\\\/#\\\/schema\\\/logo\\\/image\\\/\"}}]}<\/script>\n<!-- \/ Yoast SEO Premium plugin. -->","yoast_head_json":{"title":"La red del diluvio - CIG22","robots":{"index":"index","follow":"follow","max-snippet":"max-snippet:-1","max-image-preview":"max-image-preview:large","max-video-preview":"max-video-preview:-1"},"canonical":"https:\/\/cig22.com\/he\/la-red-del-diluvio\/","og_locale":"he_IL","og_type":"article","og_title":"La red del diluvio","og_description":"La red del diluvio Requisitos Para conocer el realismo del diluvio necesitas estar en contexto con las secciones acontinuaci\u00f3n, al saber que fue un suceso real descubrir\u00e1s muchas respuestas por a\u00f1adidura en la red y ra\u00edz de todo. Requisitos: &#8211; Secci\u00f3n el prop\u00f3sito y recomendaciones &#8211; Red de todo \/ nivel respuesta esencial &#8211; Ra\u00edz [&hellip;]","og_url":"https:\/\/cig22.com\/he\/la-red-del-diluvio\/","og_site_name":"CIG22","article_modified_time":"2025-08-05T20:49:52+00:00","twitter_card":"summary_large_image","twitter_misc":{"\u05d6\u05de\u05df \u05e7\u05e8\u05d9\u05d0\u05d4 \u05de\u05d5\u05e2\u05e8\u05da":"\u05d3\u05e7\u05d41"},"schema":{"@context":"https:\/\/schema.org","@graph":[{"@type":"WebPage","@id":"https:\/\/cig22.com\/la-red-del-diluvio\/","url":"https:\/\/cig22.com\/la-red-del-diluvio\/","name":"La red del diluvio - CIG22","isPartOf":{"@id":"https:\/\/cig22.com\/#website"},"datePublished":"2025-04-22T14:08:24+00:00","dateModified":"2025-08-05T20:49:52+00:00","breadcrumb":{"@id":"https:\/\/cig22.com\/la-red-del-diluvio\/#breadcrumb"},"inLanguage":"he-IL","potentialAction":[{"@type":"ReadAction","target":["https:\/\/cig22.com\/la-red-del-diluvio\/"]}]},{"@type":"BreadcrumbList","@id":"https:\/\/cig22.com\/la-red-del-diluvio\/#breadcrumb","itemListElement":[{"@type":"ListItem","position":1,"name":"Portada","item":"https:\/\/cig22.com\/"},{"@type":"ListItem","position":2,"name":"La red del diluvio"}]},{"@type":"WebSite","@id":"https:\/\/cig22.com\/#website","url":"https:\/\/cig22.com\/","name":"Apoyo Mutuo","description":"","publisher":{"@id":"https:\/\/cig22.com\/#organization"},"potentialAction":[{"@type":"SearchAction","target":{"@type":"EntryPoint","urlTemplate":"https:\/\/cig22.com\/?s={search_term_string}"},"query-input":{"@type":"PropertyValueSpecification","valueRequired":true,"valueName":"search_term_string"}}],"inLanguage":"he-IL"},{"@type":"Organization","@id":"https:\/\/cig22.com\/#organization","name":"Apoyo Mutuo","url":"https:\/\/cig22.com\/","logo":{"@type":"ImageObject","inLanguage":"he-IL","@id":"https:\/\/cig22.com\/#\/schema\/logo\/image\/","url":"https:\/\/cig22.com\/wp-content\/uploads\/2024\/05\/logo.png","contentUrl":"https:\/\/cig22.com\/wp-content\/uploads\/2024\/05\/logo.png","width":618,"height":217,"caption":"Apoyo Mutuo"},"image":{"@id":"https:\/\/cig22.com\/#\/schema\/logo\/image\/"}}]}},"_links":{"self":[{"href":"https:\/\/cig22.com\/he\/wp-json\/wp\/v2\/pages\/18686","targetHints":{"allow":["GET"]}}],"collection":[{"href":"https:\/\/cig22.com\/he\/wp-json\/wp\/v2\/pages"}],"about":[{"href":"https:\/\/cig22.com\/he\/wp-json\/wp\/v2\/types\/page"}],"author":[{"embeddable":true,"href":"https:\/\/cig22.com\/he\/wp-json\/wp\/v2\/users\/1"}],"replies":[{"embeddable":true,"href":"https:\/\/cig22.com\/he\/wp-json\/wp\/v2\/comments?post=18686"}],"version-history":[{"count":10,"href":"https:\/\/cig22.com\/he\/wp-json\/wp\/v2\/pages\/18686\/revisions"}],"predecessor-version":[{"id":27406,"href":"https:\/\/cig22.com\/he\/wp-json\/wp\/v2\/pages\/18686\/revisions\/27406"}],"wp:attachment":[{"href":"https:\/\/cig22.com\/he\/wp-json\/wp\/v2\/media?parent=18686"}],"curies":[{"name":"wp","href":"https:\/\/api.w.org\/{rel}","templated":true}]}}