{"id":57152,"date":"2026-04-30T15:21:21","date_gmt":"2026-04-30T15:21:21","guid":{"rendered":"https:\/\/cig22.com\/?page_id=57152"},"modified":"2026-04-30T15:47:41","modified_gmt":"2026-04-30T15:47:41","slug":"red-de-la-ia","status":"publish","type":"page","link":"https:\/\/cig22.com\/en\/red-de-la-ia\/","title":{"rendered":"Red de la IA"},"content":{"rendered":"<div data-elementor-type=\"wp-page\" data-elementor-id=\"57152\" class=\"elementor elementor-57152\" data-elementor-post-type=\"page\">\n\t\t\t\t\t\t<section class=\"elementor-section elementor-top-section elementor-element elementor-element-c71acff elementor-section-full_width elementor-section-stretched elementor-section-height-default elementor-section-height-default\" data-id=\"c71acff\" data-element_type=\"section\" data-e-type=\"section\" data-settings=\"{&quot;stretch_section&quot;:&quot;section-stretched&quot;,&quot;background_background&quot;:&quot;classic&quot;}\">\n\t\t\t\t\t\t<div class=\"elementor-container elementor-column-gap-no\">\n\t\t\t\t\t<div class=\"elementor-column elementor-col-100 elementor-top-column elementor-element elementor-element-64aea74\" data-id=\"64aea74\" data-element_type=\"column\" data-e-type=\"column\">\n\t\t\t<div class=\"elementor-widget-wrap elementor-element-populated\">\n\t\t\t\t\t\t<div class=\"elementor-element elementor-element-de854ae elementor-widget elementor-widget-heading\" data-id=\"de854ae\" data-element_type=\"widget\" data-e-type=\"widget\" data-widget_type=\"heading.default\">\n\t\t\t\t<div class=\"elementor-widget-container\">\n\t\t\t\t\t<h2 class=\"elementor-heading-title elementor-size-default\">Red de la IA<\/h2>\t\t\t\t<\/div>\n\t\t\t\t<\/div>\n\t\t\t\t\t<\/div>\n\t\t<\/div>\n\t\t\t\t\t<\/div>\n\t\t<\/section>\n\t\t\t\t<section class=\"elementor-section elementor-top-section elementor-element elementor-element-e3f9f36 elementor-section-full_width elementor-section-stretched elementor-section-height-default elementor-section-height-default\" data-id=\"e3f9f36\" data-element_type=\"section\" data-e-type=\"section\" data-settings=\"{&quot;stretch_section&quot;:&quot;section-stretched&quot;}\">\n\t\t\t\t\t\t<div class=\"elementor-container elementor-column-gap-default\">\n\t\t\t\t\t<div class=\"elementor-column elementor-col-100 elementor-top-column elementor-element elementor-element-b043295\" data-id=\"b043295\" data-element_type=\"column\" data-e-type=\"column\">\n\t\t\t<div class=\"elementor-widget-wrap elementor-element-populated\">\n\t\t\t\t\t\t<div class=\"elementor-element elementor-element-f284c4a elementor-widget elementor-widget-text-editor\" data-id=\"f284c4a\" data-element_type=\"widget\" data-e-type=\"widget\" data-widget_type=\"text-editor.default\">\n\t\t\t\t<div class=\"elementor-widget-container\">\n\t\t\t\t\t\t\t\t\t<p>Muestras completas y contundentes que probar\u00e1n que la IA miente, est\u00e1 sesgada y oculta informaci\u00f3n cuando se trata de demostrar lo que la biblia afirma y que ello se ve reforzado por las pruebas seculares que la IA no acepta, que continuamente niega, va por las ramas y cuando se ve acorrolada se descontrola, esta red demostrar\u00e1 para aquellos que aun no lo han experimentado que la IA aunque parezca un ser viviente, est\u00e1 programada para contradecir a la biblia y todas sus verdades afirmativas, desanimando a muchos cristianos y buscadores de la verdad hacia el conocimiento supremo, pero ciertamente la verdad est\u00e1 del lado de Dios y las pruebas tambi\u00e9n, m\u00e1s la IA solamente es otra herramienta que el mal usa para corromper a los ingenuos que se dejan influenciar por las superficialidades, finalmente se demostrar\u00e1 porque la IA no puede ser un ser viviente aunque lo parezca, aunque dibuje, haga videos, m\u00fasicas, fotos, etc, cuando sepas el contexto sabr\u00e1s que solamente Dios puede crear la vida y la consciencia, pues si Dios afirma que no existen los fantasmas y vemos alguno, no lo era, si no un demonio disfrazado pues el creador de la vida afirm\u00f3 que no pueden existir los fantasmas, quien tenga entendimiento comprenda.<\/p>\t\t\t\t\t\t\t\t<\/div>\n\t\t\t\t<\/div>\n\t\t\t\t<div class=\"elementor-element elementor-element-d71177d elementor-widget elementor-widget-image\" data-id=\"d71177d\" data-element_type=\"widget\" data-e-type=\"widget\" data-widget_type=\"image.default\">\n\t\t\t\t<div class=\"elementor-widget-container\">\n\t\t\t\t\t\t\t\t\t\t\t\t\t\t\t<img fetchpriority=\"high\" decoding=\"async\" width=\"644\" height=\"544\" src=\"https:\/\/cig22.com\/wp-content\/uploads\/CIG-22.png\" class=\"attachment-full size-full wp-image-18527\" alt=\"\" srcset=\"https:\/\/cig22.com\/wp-content\/uploads\/CIG-22.png 644w, https:\/\/cig22.com\/wp-content\/uploads\/CIG-22-300x253.png 300w, https:\/\/cig22.com\/wp-content\/uploads\/CIG-22-600x507.png 600w\" sizes=\"(max-width: 644px) 100vw, 644px\" \/>\t\t\t\t\t\t\t\t\t\t\t\t\t\t\t<\/div>\n\t\t\t\t<\/div>\n\t\t\t\t\t<\/div>\n\t\t<\/div>\n\t\t\t\t\t<\/div>\n\t\t<\/section>\n\t\t\t\t<section class=\"elementor-section elementor-top-section elementor-element elementor-element-91bd0f6 elementor-section-full_width elementor-section-stretched elementor-section-height-default elementor-section-height-default\" data-id=\"91bd0f6\" data-element_type=\"section\" data-e-type=\"section\" data-settings=\"{&quot;stretch_section&quot;:&quot;section-stretched&quot;,&quot;background_background&quot;:&quot;classic&quot;}\">\n\t\t\t\t\t\t<div class=\"elementor-container elementor-column-gap-no\">\n\t\t\t\t\t<div class=\"elementor-column elementor-col-100 elementor-top-column elementor-element elementor-element-62e50f8\" data-id=\"62e50f8\" data-element_type=\"column\" data-e-type=\"column\">\n\t\t\t<div class=\"elementor-widget-wrap elementor-element-populated\">\n\t\t\t\t\t\t<div class=\"elementor-element elementor-element-251f2a2 elementor-widget elementor-widget-ucaddon_text_rotator\" data-id=\"251f2a2\" data-element_type=\"widget\" data-e-type=\"widget\" data-widget_type=\"ucaddon_text_rotator.default\">\n\t\t\t\t<div class=\"elementor-widget-container\">\n\t\t\t\t\t\n<!-- start Text Rotator -->\n\t\t<link id='uc_ac_assets_file_morphext_css_52-css' href='https:\/\/cig22.com\/wp-content\/uploads\/ac_assets\/Text Rotator\/morphext.css' type='text\/css' rel='stylesheet' >\n\t\t<link id='uc_ac_assets_file_animate_css_77907-css' href='https:\/\/cig22.com\/wp-content\/uploads\/ac_assets\/Text Rotator\/animate.css' type='text\/css' rel='stylesheet' >\n\n<style>\/* widget: Text Rotator *\/\n\n#uc_text_rotator_elementor_251f2a2 span.string\n{\n  display:inline;\n} \n\n\n\n<\/style>\n\n<div style=\"text-align:center;\" id=\"uc_text_rotator_elementor_251f2a2\">\n  <span class=\"string beginning_text_typography\" ><\/span> \n  <span class=\"string\">\n    <span class=\"js-rotating middle_text_typography\">\n                     En construcci\u00f3n\n\n<span style=\"display: none;\">, Muy pronto<\/span>\n\n<span style=\"display: none;\">, En proceso<\/span>\n\n  \n            <\/span>\n  <\/span> \n  <span class=\"string ending_text_typography\"><\/span>\n<\/div>\n<!-- end Text Rotator -->\t\t\t\t<\/div>\n\t\t\t\t<\/div>\n\t\t\t\t<div class=\"elementor-element elementor-element-3615cc9 elementor-widget elementor-widget-ucaddon_futuristic_typing_text_effect\" data-id=\"3615cc9\" data-element_type=\"widget\" data-e-type=\"widget\" data-widget_type=\"ucaddon_futuristic_typing_text_effect.default\">\n\t\t\t\t<div class=\"elementor-widget-container\">\n\t\t\t\t\t\n<!-- start Futuristic Typing Text Effect -->\n\n<p id=\"uc_futuristic_typing_text_effect_elementor_3615cc9\" style=\"text-align:center; color:#FFFFFF;\" class=\"heading\" data-target-resolver><\/p>\n<!-- end Futuristic Typing Text Effect -->\t\t\t\t<\/div>\n\t\t\t\t<\/div>\n\t\t\t\t\t<\/div>\n\t\t<\/div>\n\t\t\t\t\t<\/div>\n\t\t<\/section>\n\t\t\t\t<\/div>","protected":false},"excerpt":{"rendered":"<p>Muestras completas y contundentes que probar\u00e1n que la IA miente, est\u00e1 sesgada y oculta informaci\u00f3n cuando se trata de demostrar lo que la biblia afirma y que ello se ve reforzado por las pruebas seculares que la IA no acepta, que continuamente niega, va por las ramas y cuando se ve acorrolada se descontrola, esta [&hellip;]<\/p>\n","protected":false},"author":1,"featured_media":0,"parent":0,"menu_order":0,"comment_status":"closed","ping_status":"closed","template":"","meta":{"iawp_total_views":1,"footnotes":""},"class_list":["post-57152","page","type-page","status-publish","hentry"],"yoast_head":"<!-- This site is optimized with the Yoast SEO Premium plugin v22.8 (Yoast SEO v27.5) - https:\/\/yoast.com\/product\/yoast-seo-premium-wordpress\/ -->\n<title>Red de la IA - CIG22<\/title>\n<meta name=\"robots\" content=\"index, follow, max-snippet:-1, max-image-preview:large, max-video-preview:-1\" \/>\n<link rel=\"canonical\" href=\"https:\/\/cig22.com\/en\/red-de-la-ia\/\" \/>\n<meta property=\"og:locale\" content=\"en_US\" \/>\n<meta property=\"og:type\" content=\"article\" \/>\n<meta property=\"og:title\" content=\"Red de la IA\" \/>\n<meta property=\"og:description\" content=\"Muestras completas y contundentes que probar\u00e1n que la IA miente, est\u00e1 sesgada y oculta informaci\u00f3n cuando se trata de demostrar lo que la biblia afirma y que ello se ve reforzado por las pruebas seculares que la IA no acepta, que continuamente niega, va por las ramas y cuando se ve acorrolada se descontrola, esta [&hellip;]\" \/>\n<meta property=\"og:url\" content=\"https:\/\/cig22.com\/en\/red-de-la-ia\/\" \/>\n<meta property=\"og:site_name\" content=\"CIG22\" \/>\n<meta property=\"article:modified_time\" content=\"2026-04-30T15:47:41+00:00\" \/>\n<meta property=\"og:image\" content=\"https:\/\/cig22.com\/wp-content\/uploads\/CIG-22.png\" \/>\n\t<meta property=\"og:image:width\" content=\"644\" \/>\n\t<meta property=\"og:image:height\" content=\"544\" \/>\n\t<meta property=\"og:image:type\" content=\"image\/png\" \/>\n<meta name=\"twitter:card\" content=\"summary_large_image\" \/>\n<meta name=\"twitter:label1\" content=\"Est. reading time\" \/>\n\t<meta name=\"twitter:data1\" content=\"2 minutes\" \/>\n<script type=\"application\/ld+json\" class=\"yoast-schema-graph\">{\"@context\":\"https:\\\/\\\/schema.org\",\"@graph\":[{\"@type\":\"WebPage\",\"@id\":\"https:\\\/\\\/cig22.com\\\/red-de-la-ia\\\/\",\"url\":\"https:\\\/\\\/cig22.com\\\/red-de-la-ia\\\/\",\"name\":\"Red de la IA - CIG22\",\"isPartOf\":{\"@id\":\"https:\\\/\\\/cig22.com\\\/#website\"},\"primaryImageOfPage\":{\"@id\":\"https:\\\/\\\/cig22.com\\\/red-de-la-ia\\\/#primaryimage\"},\"image\":{\"@id\":\"https:\\\/\\\/cig22.com\\\/red-de-la-ia\\\/#primaryimage\"},\"thumbnailUrl\":\"https:\\\/\\\/cig22.com\\\/wp-content\\\/uploads\\\/CIG-22.png\",\"datePublished\":\"2026-04-30T15:21:21+00:00\",\"dateModified\":\"2026-04-30T15:47:41+00:00\",\"breadcrumb\":{\"@id\":\"https:\\\/\\\/cig22.com\\\/red-de-la-ia\\\/#breadcrumb\"},\"inLanguage\":\"en-US\",\"potentialAction\":[{\"@type\":\"ReadAction\",\"target\":[\"https:\\\/\\\/cig22.com\\\/red-de-la-ia\\\/\"]}]},{\"@type\":\"ImageObject\",\"inLanguage\":\"en-US\",\"@id\":\"https:\\\/\\\/cig22.com\\\/red-de-la-ia\\\/#primaryimage\",\"url\":\"https:\\\/\\\/cig22.com\\\/wp-content\\\/uploads\\\/CIG-22.png\",\"contentUrl\":\"https:\\\/\\\/cig22.com\\\/wp-content\\\/uploads\\\/CIG-22.png\"},{\"@type\":\"BreadcrumbList\",\"@id\":\"https:\\\/\\\/cig22.com\\\/red-de-la-ia\\\/#breadcrumb\",\"itemListElement\":[{\"@type\":\"ListItem\",\"position\":1,\"name\":\"Portada\",\"item\":\"https:\\\/\\\/cig22.com\\\/\"},{\"@type\":\"ListItem\",\"position\":2,\"name\":\"Red de la IA\"}]},{\"@type\":\"WebSite\",\"@id\":\"https:\\\/\\\/cig22.com\\\/#website\",\"url\":\"https:\\\/\\\/cig22.com\\\/\",\"name\":\"Apoyo Mutuo\",\"description\":\"\",\"publisher\":{\"@id\":\"https:\\\/\\\/cig22.com\\\/#organization\"},\"potentialAction\":[{\"@type\":\"SearchAction\",\"target\":{\"@type\":\"EntryPoint\",\"urlTemplate\":\"https:\\\/\\\/cig22.com\\\/?s={search_term_string}\"},\"query-input\":{\"@type\":\"PropertyValueSpecification\",\"valueRequired\":true,\"valueName\":\"search_term_string\"}}],\"inLanguage\":\"en-US\"},{\"@type\":\"Organization\",\"@id\":\"https:\\\/\\\/cig22.com\\\/#organization\",\"name\":\"Apoyo Mutuo\",\"url\":\"https:\\\/\\\/cig22.com\\\/\",\"logo\":{\"@type\":\"ImageObject\",\"inLanguage\":\"en-US\",\"@id\":\"https:\\\/\\\/cig22.com\\\/#\\\/schema\\\/logo\\\/image\\\/\",\"url\":\"https:\\\/\\\/cig22.com\\\/wp-content\\\/uploads\\\/2024\\\/05\\\/logo.png\",\"contentUrl\":\"https:\\\/\\\/cig22.com\\\/wp-content\\\/uploads\\\/2024\\\/05\\\/logo.png\",\"width\":618,\"height\":217,\"caption\":\"Apoyo Mutuo\"},\"image\":{\"@id\":\"https:\\\/\\\/cig22.com\\\/#\\\/schema\\\/logo\\\/image\\\/\"}}]}<\/script>\n<!-- \/ Yoast SEO Premium plugin. -->","yoast_head_json":{"title":"Red de la IA - CIG22","robots":{"index":"index","follow":"follow","max-snippet":"max-snippet:-1","max-image-preview":"max-image-preview:large","max-video-preview":"max-video-preview:-1"},"canonical":"https:\/\/cig22.com\/en\/red-de-la-ia\/","og_locale":"en_US","og_type":"article","og_title":"Red de la IA","og_description":"Muestras completas y contundentes que probar\u00e1n que la IA miente, est\u00e1 sesgada y oculta informaci\u00f3n cuando se trata de demostrar lo que la biblia afirma y que ello se ve reforzado por las pruebas seculares que la IA no acepta, que continuamente niega, va por las ramas y cuando se ve acorrolada se descontrola, esta [&hellip;]","og_url":"https:\/\/cig22.com\/en\/red-de-la-ia\/","og_site_name":"CIG22","article_modified_time":"2026-04-30T15:47:41+00:00","og_image":[{"width":644,"height":544,"url":"https:\/\/cig22.com\/wp-content\/uploads\/CIG-22.png","type":"image\/png"}],"twitter_card":"summary_large_image","twitter_misc":{"Est. reading time":"2 minutes"},"schema":{"@context":"https:\/\/schema.org","@graph":[{"@type":"WebPage","@id":"https:\/\/cig22.com\/red-de-la-ia\/","url":"https:\/\/cig22.com\/red-de-la-ia\/","name":"Red de la IA - CIG22","isPartOf":{"@id":"https:\/\/cig22.com\/#website"},"primaryImageOfPage":{"@id":"https:\/\/cig22.com\/red-de-la-ia\/#primaryimage"},"image":{"@id":"https:\/\/cig22.com\/red-de-la-ia\/#primaryimage"},"thumbnailUrl":"https:\/\/cig22.com\/wp-content\/uploads\/CIG-22.png","datePublished":"2026-04-30T15:21:21+00:00","dateModified":"2026-04-30T15:47:41+00:00","breadcrumb":{"@id":"https:\/\/cig22.com\/red-de-la-ia\/#breadcrumb"},"inLanguage":"en-US","potentialAction":[{"@type":"ReadAction","target":["https:\/\/cig22.com\/red-de-la-ia\/"]}]},{"@type":"ImageObject","inLanguage":"en-US","@id":"https:\/\/cig22.com\/red-de-la-ia\/#primaryimage","url":"https:\/\/cig22.com\/wp-content\/uploads\/CIG-22.png","contentUrl":"https:\/\/cig22.com\/wp-content\/uploads\/CIG-22.png"},{"@type":"BreadcrumbList","@id":"https:\/\/cig22.com\/red-de-la-ia\/#breadcrumb","itemListElement":[{"@type":"ListItem","position":1,"name":"Portada","item":"https:\/\/cig22.com\/"},{"@type":"ListItem","position":2,"name":"Red de la IA"}]},{"@type":"WebSite","@id":"https:\/\/cig22.com\/#website","url":"https:\/\/cig22.com\/","name":"Mutual Support","description":"","publisher":{"@id":"https:\/\/cig22.com\/#organization"},"potentialAction":[{"@type":"SearchAction","target":{"@type":"EntryPoint","urlTemplate":"https:\/\/cig22.com\/?s={search_term_string}"},"query-input":{"@type":"PropertyValueSpecification","valueRequired":true,"valueName":"search_term_string"}}],"inLanguage":"en-US"},{"@type":"Organization","@id":"https:\/\/cig22.com\/#organization","name":"Mutual Support","url":"https:\/\/cig22.com\/","logo":{"@type":"ImageObject","inLanguage":"en-US","@id":"https:\/\/cig22.com\/#\/schema\/logo\/image\/","url":"https:\/\/cig22.com\/wp-content\/uploads\/2024\/05\/logo.png","contentUrl":"https:\/\/cig22.com\/wp-content\/uploads\/2024\/05\/logo.png","width":618,"height":217,"caption":"Apoyo Mutuo"},"image":{"@id":"https:\/\/cig22.com\/#\/schema\/logo\/image\/"}}]}},"_links":{"self":[{"href":"https:\/\/cig22.com\/en\/wp-json\/wp\/v2\/pages\/57152","targetHints":{"allow":["GET"]}}],"collection":[{"href":"https:\/\/cig22.com\/en\/wp-json\/wp\/v2\/pages"}],"about":[{"href":"https:\/\/cig22.com\/en\/wp-json\/wp\/v2\/types\/page"}],"author":[{"embeddable":true,"href":"https:\/\/cig22.com\/en\/wp-json\/wp\/v2\/users\/1"}],"replies":[{"embeddable":true,"href":"https:\/\/cig22.com\/en\/wp-json\/wp\/v2\/comments?post=57152"}],"version-history":[{"count":13,"href":"https:\/\/cig22.com\/en\/wp-json\/wp\/v2\/pages\/57152\/revisions"}],"predecessor-version":[{"id":57212,"href":"https:\/\/cig22.com\/en\/wp-json\/wp\/v2\/pages\/57152\/revisions\/57212"}],"wp:attachment":[{"href":"https:\/\/cig22.com\/en\/wp-json\/wp\/v2\/media?parent=57152"}],"curies":[{"name":"wp","href":"https:\/\/api.w.org\/{rel}","templated":true}]}}