{"id":57095,"date":"2026-04-30T14:49:42","date_gmt":"2026-04-30T14:49:42","guid":{"rendered":"https:\/\/cig22.com\/?page_id=57095"},"modified":"2026-04-30T15:11:24","modified_gmt":"2026-04-30T15:11:24","slug":"red-de-evangelismo","status":"publish","type":"page","link":"https:\/\/cig22.com\/en\/red-de-evangelismo\/","title":{"rendered":"Evangelism Network"},"content":{"rendered":"<div data-elementor-type=\"wp-page\" data-elementor-id=\"57095\" class=\"elementor elementor-57095\" data-elementor-post-type=\"page\">\n\t\t\t\t\t\t<section class=\"elementor-section elementor-top-section elementor-element elementor-element-c71acff elementor-section-full_width elementor-section-stretched elementor-section-height-default elementor-section-height-default\" data-id=\"c71acff\" data-element_type=\"section\" data-e-type=\"section\" data-settings=\"{&quot;stretch_section&quot;:&quot;section-stretched&quot;,&quot;background_background&quot;:&quot;classic&quot;}\">\n\t\t\t\t\t\t<div class=\"elementor-container elementor-column-gap-no\">\n\t\t\t\t\t<div class=\"elementor-column elementor-col-100 elementor-top-column elementor-element elementor-element-64aea74\" data-id=\"64aea74\" data-element_type=\"column\" data-e-type=\"column\">\n\t\t\t<div class=\"elementor-widget-wrap elementor-element-populated\">\n\t\t\t\t\t\t<div class=\"elementor-element elementor-element-de854ae elementor-widget elementor-widget-heading\" data-id=\"de854ae\" data-element_type=\"widget\" data-e-type=\"widget\" data-widget_type=\"heading.default\">\n\t\t\t\t<div class=\"elementor-widget-container\">\n\t\t\t\t\t<h2 class=\"elementor-heading-title elementor-size-default\">Evangelism Network<\/h2>\t\t\t\t<\/div>\n\t\t\t\t<\/div>\n\t\t\t\t\t<\/div>\n\t\t<\/div>\n\t\t\t\t\t<\/div>\n\t\t<\/section>\n\t\t\t\t<section class=\"elementor-section elementor-top-section elementor-element elementor-element-e3f9f36 elementor-section-full_width elementor-section-stretched elementor-section-height-default elementor-section-height-default\" data-id=\"e3f9f36\" data-element_type=\"section\" data-e-type=\"section\" data-settings=\"{&quot;stretch_section&quot;:&quot;section-stretched&quot;}\">\n\t\t\t\t\t\t<div class=\"elementor-container elementor-column-gap-default\">\n\t\t\t\t\t<div class=\"elementor-column elementor-col-100 elementor-top-column elementor-element elementor-element-b043295\" data-id=\"b043295\" data-element_type=\"column\" data-e-type=\"column\">\n\t\t\t<div class=\"elementor-widget-wrap elementor-element-populated\">\n\t\t\t\t\t\t<div class=\"elementor-element elementor-element-f284c4a elementor-widget elementor-widget-text-editor\" data-id=\"f284c4a\" data-element_type=\"widget\" data-e-type=\"widget\" data-widget_type=\"text-editor.default\">\n\t\t\t\t<div class=\"elementor-widget-container\">\n\t\t\t\t\t\t\t\t\t<p>Red completa de evangelismo con secciones contundentes acerca de la evangelizaci\u00f3n, todo lo que necesitas saber, c\u00f3mo evangelizar, modos de reacci\u00f3n y mucho m\u00e1s, en el cumplimiento con el mandato de Jes\u00fas, id por todo el mundo y anunciar el evangelio a toda criatura, predicar la verdad los hijos de la verdad.<\/p>\t\t\t\t\t\t\t\t<\/div>\n\t\t\t\t<\/div>\n\t\t\t\t<div class=\"elementor-element elementor-element-d71177d elementor-widget elementor-widget-image\" data-id=\"d71177d\" data-element_type=\"widget\" data-e-type=\"widget\" data-widget_type=\"image.default\">\n\t\t\t\t<div class=\"elementor-widget-container\">\n\t\t\t\t\t\t\t\t\t\t\t\t\t\t\t<img fetchpriority=\"high\" decoding=\"async\" width=\"644\" height=\"544\" src=\"https:\/\/cig22.com\/wp-content\/uploads\/CIG-22.png\" class=\"attachment-full size-full wp-image-18527\" alt=\"\" srcset=\"https:\/\/cig22.com\/wp-content\/uploads\/CIG-22.png 644w, https:\/\/cig22.com\/wp-content\/uploads\/CIG-22-300x253.png 300w, https:\/\/cig22.com\/wp-content\/uploads\/CIG-22-600x507.png 600w\" sizes=\"(max-width: 644px) 100vw, 644px\" \/>\t\t\t\t\t\t\t\t\t\t\t\t\t\t\t<\/div>\n\t\t\t\t<\/div>\n\t\t\t\t\t<\/div>\n\t\t<\/div>\n\t\t\t\t\t<\/div>\n\t\t<\/section>\n\t\t\t\t<section class=\"elementor-section elementor-top-section elementor-element elementor-element-91bd0f6 elementor-section-full_width elementor-section-stretched elementor-section-height-default elementor-section-height-default\" data-id=\"91bd0f6\" data-element_type=\"section\" data-e-type=\"section\" data-settings=\"{&quot;stretch_section&quot;:&quot;section-stretched&quot;,&quot;background_background&quot;:&quot;classic&quot;}\">\n\t\t\t\t\t\t<div class=\"elementor-container elementor-column-gap-no\">\n\t\t\t\t\t<div class=\"elementor-column elementor-col-100 elementor-top-column elementor-element elementor-element-62e50f8\" data-id=\"62e50f8\" data-element_type=\"column\" data-e-type=\"column\">\n\t\t\t<div class=\"elementor-widget-wrap elementor-element-populated\">\n\t\t\t\t\t\t<div class=\"elementor-element elementor-element-251f2a2 elementor-widget elementor-widget-ucaddon_text_rotator\" data-id=\"251f2a2\" data-element_type=\"widget\" data-e-type=\"widget\" data-widget_type=\"ucaddon_text_rotator.default\">\n\t\t\t\t<div class=\"elementor-widget-container\">\n\t\t\t\t\t\n<!-- start Text Rotator -->\n\t\t<link id='uc_ac_assets_file_morphext_css_52-css' href='https:\/\/cig22.com\/wp-content\/uploads\/ac_assets\/Text Rotator\/morphext.css' type='text\/css' rel='stylesheet' >\n\t\t<link id='uc_ac_assets_file_animate_css_77907-css' href='https:\/\/cig22.com\/wp-content\/uploads\/ac_assets\/Text Rotator\/animate.css' type='text\/css' rel='stylesheet' >\n\n<style>\/* widget: Text Rotator *\/\n\n#uc_text_rotator_elementor_251f2a2 span.string\n{\n  display:inline;\n} \n\n\n\n<\/style>\n\n<div style=\"text-align:center;\" id=\"uc_text_rotator_elementor_251f2a2\">\n  <span class=\"string beginning_text_typography\" ><\/span> \n  <span class=\"string\">\n    <span class=\"js-rotating middle_text_typography\">\n                     En construcci\u00f3n\n\n<span style=\"display: none;\">, Muy pronto<\/span>\n\n<span style=\"display: none;\">, En proceso<\/span>\n\n  \n            <\/span>\n  <\/span> \n  <span class=\"string ending_text_typography\"><\/span>\n<\/div>\n<!-- end Text Rotator -->\t\t\t\t<\/div>\n\t\t\t\t<\/div>\n\t\t\t\t\t<\/div>\n\t\t<\/div>\n\t\t\t\t\t<\/div>\n\t\t<\/section>\n\t\t\t\t<\/div>","protected":false},"excerpt":{"rendered":"<p>Red de evangelismo Red completa de evangelismo con secciones contundentes acerca de la evangelizaci\u00f3n, todo lo que necesitas saber, c\u00f3mo evangelizar, modos de reacci\u00f3n y mucho m\u00e1s, en el cumplimiento con el mandato de Jes\u00fas, id por todo el mundo y anunciar el evangelio a toda criatura, predicar la verdad los hijos de la verdad. [&hellip;]<\/p>\n","protected":false},"author":1,"featured_media":0,"parent":0,"menu_order":0,"comment_status":"closed","ping_status":"closed","template":"","meta":{"iawp_total_views":0,"footnotes":""},"class_list":["post-57095","page","type-page","status-publish","hentry"],"yoast_head":"<!-- This site is optimized with the Yoast SEO Premium plugin v22.8 (Yoast SEO v27.5) - https:\/\/yoast.com\/product\/yoast-seo-premium-wordpress\/ -->\n<title>Red de evangelismo - CIG22<\/title>\n<meta name=\"robots\" content=\"index, follow, max-snippet:-1, max-image-preview:large, max-video-preview:-1\" \/>\n<link rel=\"canonical\" href=\"https:\/\/cig22.com\/en\/red-de-evangelismo\/\" \/>\n<meta property=\"og:locale\" content=\"en_US\" \/>\n<meta property=\"og:type\" content=\"article\" \/>\n<meta property=\"og:title\" content=\"Red de evangelismo\" \/>\n<meta property=\"og:description\" content=\"Red de evangelismo Red completa de evangelismo con secciones contundentes acerca de la evangelizaci\u00f3n, todo lo que necesitas saber, c\u00f3mo evangelizar, modos de reacci\u00f3n y mucho m\u00e1s, en el cumplimiento con el mandato de Jes\u00fas, id por todo el mundo y anunciar el evangelio a toda criatura, predicar la verdad los hijos de la verdad. [&hellip;]\" \/>\n<meta property=\"og:url\" content=\"https:\/\/cig22.com\/en\/red-de-evangelismo\/\" \/>\n<meta property=\"og:site_name\" content=\"CIG22\" \/>\n<meta property=\"article:modified_time\" content=\"2026-04-30T15:11:24+00:00\" \/>\n<meta property=\"og:image\" content=\"https:\/\/cig22.com\/wp-content\/uploads\/CIG-22.png\" \/>\n\t<meta property=\"og:image:width\" content=\"644\" \/>\n\t<meta property=\"og:image:height\" content=\"544\" \/>\n\t<meta property=\"og:image:type\" content=\"image\/png\" \/>\n<meta name=\"twitter:card\" content=\"summary_large_image\" \/>\n<meta name=\"twitter:label1\" content=\"Est. reading time\" \/>\n\t<meta name=\"twitter:data1\" content=\"1 minute\" \/>\n<script type=\"application\/ld+json\" class=\"yoast-schema-graph\">{\"@context\":\"https:\\\/\\\/schema.org\",\"@graph\":[{\"@type\":\"WebPage\",\"@id\":\"https:\\\/\\\/cig22.com\\\/red-de-evangelismo\\\/\",\"url\":\"https:\\\/\\\/cig22.com\\\/red-de-evangelismo\\\/\",\"name\":\"Red de evangelismo - CIG22\",\"isPartOf\":{\"@id\":\"https:\\\/\\\/cig22.com\\\/#website\"},\"primaryImageOfPage\":{\"@id\":\"https:\\\/\\\/cig22.com\\\/red-de-evangelismo\\\/#primaryimage\"},\"image\":{\"@id\":\"https:\\\/\\\/cig22.com\\\/red-de-evangelismo\\\/#primaryimage\"},\"thumbnailUrl\":\"https:\\\/\\\/cig22.com\\\/wp-content\\\/uploads\\\/CIG-22.png\",\"datePublished\":\"2026-04-30T14:49:42+00:00\",\"dateModified\":\"2026-04-30T15:11:24+00:00\",\"breadcrumb\":{\"@id\":\"https:\\\/\\\/cig22.com\\\/red-de-evangelismo\\\/#breadcrumb\"},\"inLanguage\":\"en-US\",\"potentialAction\":[{\"@type\":\"ReadAction\",\"target\":[\"https:\\\/\\\/cig22.com\\\/red-de-evangelismo\\\/\"]}]},{\"@type\":\"ImageObject\",\"inLanguage\":\"en-US\",\"@id\":\"https:\\\/\\\/cig22.com\\\/red-de-evangelismo\\\/#primaryimage\",\"url\":\"https:\\\/\\\/cig22.com\\\/wp-content\\\/uploads\\\/CIG-22.png\",\"contentUrl\":\"https:\\\/\\\/cig22.com\\\/wp-content\\\/uploads\\\/CIG-22.png\"},{\"@type\":\"BreadcrumbList\",\"@id\":\"https:\\\/\\\/cig22.com\\\/red-de-evangelismo\\\/#breadcrumb\",\"itemListElement\":[{\"@type\":\"ListItem\",\"position\":1,\"name\":\"Portada\",\"item\":\"https:\\\/\\\/cig22.com\\\/\"},{\"@type\":\"ListItem\",\"position\":2,\"name\":\"Red de evangelismo\"}]},{\"@type\":\"WebSite\",\"@id\":\"https:\\\/\\\/cig22.com\\\/#website\",\"url\":\"https:\\\/\\\/cig22.com\\\/\",\"name\":\"Apoyo Mutuo\",\"description\":\"\",\"publisher\":{\"@id\":\"https:\\\/\\\/cig22.com\\\/#organization\"},\"potentialAction\":[{\"@type\":\"SearchAction\",\"target\":{\"@type\":\"EntryPoint\",\"urlTemplate\":\"https:\\\/\\\/cig22.com\\\/?s={search_term_string}\"},\"query-input\":{\"@type\":\"PropertyValueSpecification\",\"valueRequired\":true,\"valueName\":\"search_term_string\"}}],\"inLanguage\":\"en-US\"},{\"@type\":\"Organization\",\"@id\":\"https:\\\/\\\/cig22.com\\\/#organization\",\"name\":\"Apoyo Mutuo\",\"url\":\"https:\\\/\\\/cig22.com\\\/\",\"logo\":{\"@type\":\"ImageObject\",\"inLanguage\":\"en-US\",\"@id\":\"https:\\\/\\\/cig22.com\\\/#\\\/schema\\\/logo\\\/image\\\/\",\"url\":\"https:\\\/\\\/cig22.com\\\/wp-content\\\/uploads\\\/2024\\\/05\\\/logo.png\",\"contentUrl\":\"https:\\\/\\\/cig22.com\\\/wp-content\\\/uploads\\\/2024\\\/05\\\/logo.png\",\"width\":618,\"height\":217,\"caption\":\"Apoyo Mutuo\"},\"image\":{\"@id\":\"https:\\\/\\\/cig22.com\\\/#\\\/schema\\\/logo\\\/image\\\/\"}}]}<\/script>\n<!-- \/ Yoast SEO Premium plugin. -->","yoast_head_json":{"title":"Red de evangelismo - CIG22","robots":{"index":"index","follow":"follow","max-snippet":"max-snippet:-1","max-image-preview":"max-image-preview:large","max-video-preview":"max-video-preview:-1"},"canonical":"https:\/\/cig22.com\/en\/red-de-evangelismo\/","og_locale":"en_US","og_type":"article","og_title":"Red de evangelismo","og_description":"Red de evangelismo Red completa de evangelismo con secciones contundentes acerca de la evangelizaci\u00f3n, todo lo que necesitas saber, c\u00f3mo evangelizar, modos de reacci\u00f3n y mucho m\u00e1s, en el cumplimiento con el mandato de Jes\u00fas, id por todo el mundo y anunciar el evangelio a toda criatura, predicar la verdad los hijos de la verdad. [&hellip;]","og_url":"https:\/\/cig22.com\/en\/red-de-evangelismo\/","og_site_name":"CIG22","article_modified_time":"2026-04-30T15:11:24+00:00","og_image":[{"width":644,"height":544,"url":"https:\/\/cig22.com\/wp-content\/uploads\/CIG-22.png","type":"image\/png"}],"twitter_card":"summary_large_image","twitter_misc":{"Est. reading time":"1 minute"},"schema":{"@context":"https:\/\/schema.org","@graph":[{"@type":"WebPage","@id":"https:\/\/cig22.com\/red-de-evangelismo\/","url":"https:\/\/cig22.com\/red-de-evangelismo\/","name":"Red de evangelismo - CIG22","isPartOf":{"@id":"https:\/\/cig22.com\/#website"},"primaryImageOfPage":{"@id":"https:\/\/cig22.com\/red-de-evangelismo\/#primaryimage"},"image":{"@id":"https:\/\/cig22.com\/red-de-evangelismo\/#primaryimage"},"thumbnailUrl":"https:\/\/cig22.com\/wp-content\/uploads\/CIG-22.png","datePublished":"2026-04-30T14:49:42+00:00","dateModified":"2026-04-30T15:11:24+00:00","breadcrumb":{"@id":"https:\/\/cig22.com\/red-de-evangelismo\/#breadcrumb"},"inLanguage":"en-US","potentialAction":[{"@type":"ReadAction","target":["https:\/\/cig22.com\/red-de-evangelismo\/"]}]},{"@type":"ImageObject","inLanguage":"en-US","@id":"https:\/\/cig22.com\/red-de-evangelismo\/#primaryimage","url":"https:\/\/cig22.com\/wp-content\/uploads\/CIG-22.png","contentUrl":"https:\/\/cig22.com\/wp-content\/uploads\/CIG-22.png"},{"@type":"BreadcrumbList","@id":"https:\/\/cig22.com\/red-de-evangelismo\/#breadcrumb","itemListElement":[{"@type":"ListItem","position":1,"name":"Portada","item":"https:\/\/cig22.com\/"},{"@type":"ListItem","position":2,"name":"Red de evangelismo"}]},{"@type":"WebSite","@id":"https:\/\/cig22.com\/#website","url":"https:\/\/cig22.com\/","name":"Mutual Support","description":"","publisher":{"@id":"https:\/\/cig22.com\/#organization"},"potentialAction":[{"@type":"SearchAction","target":{"@type":"EntryPoint","urlTemplate":"https:\/\/cig22.com\/?s={search_term_string}"},"query-input":{"@type":"PropertyValueSpecification","valueRequired":true,"valueName":"search_term_string"}}],"inLanguage":"en-US"},{"@type":"Organization","@id":"https:\/\/cig22.com\/#organization","name":"Mutual Support","url":"https:\/\/cig22.com\/","logo":{"@type":"ImageObject","inLanguage":"en-US","@id":"https:\/\/cig22.com\/#\/schema\/logo\/image\/","url":"https:\/\/cig22.com\/wp-content\/uploads\/2024\/05\/logo.png","contentUrl":"https:\/\/cig22.com\/wp-content\/uploads\/2024\/05\/logo.png","width":618,"height":217,"caption":"Apoyo Mutuo"},"image":{"@id":"https:\/\/cig22.com\/#\/schema\/logo\/image\/"}}]}},"_links":{"self":[{"href":"https:\/\/cig22.com\/en\/wp-json\/wp\/v2\/pages\/57095","targetHints":{"allow":["GET"]}}],"collection":[{"href":"https:\/\/cig22.com\/en\/wp-json\/wp\/v2\/pages"}],"about":[{"href":"https:\/\/cig22.com\/en\/wp-json\/wp\/v2\/types\/page"}],"author":[{"embeddable":true,"href":"https:\/\/cig22.com\/en\/wp-json\/wp\/v2\/users\/1"}],"replies":[{"embeddable":true,"href":"https:\/\/cig22.com\/en\/wp-json\/wp\/v2\/comments?post=57095"}],"version-history":[{"count":7,"href":"https:\/\/cig22.com\/en\/wp-json\/wp\/v2\/pages\/57095\/revisions"}],"predecessor-version":[{"id":57146,"href":"https:\/\/cig22.com\/en\/wp-json\/wp\/v2\/pages\/57095\/revisions\/57146"}],"wp:attachment":[{"href":"https:\/\/cig22.com\/en\/wp-json\/wp\/v2\/media?parent=57095"}],"curies":[{"name":"wp","href":"https:\/\/api.w.org\/{rel}","templated":true}]}}