{"id":27789,"date":"2025-08-22T13:40:41","date_gmt":"2025-08-22T13:40:41","guid":{"rendered":"https:\/\/cig22.com\/?page_id=27789"},"modified":"2026-04-29T15:06:13","modified_gmt":"2026-04-29T15:06:13","slug":"sensacion-confiable","status":"publish","type":"page","link":"https:\/\/cig22.com\/ar\/sensacion-confiable\/","title":{"rendered":"Presencia confiable"},"content":{"rendered":"<div data-elementor-type=\"wp-page\" data-elementor-id=\"27789\" class=\"elementor elementor-27789\" data-elementor-post-type=\"page\">\n\t\t\t\t\t\t<section class=\"elementor-section elementor-top-section elementor-element elementor-element-ba3dd04 elementor-section-full_width elementor-section-stretched elementor-section-height-default elementor-section-height-default\" data-id=\"ba3dd04\" data-element_type=\"section\" data-e-type=\"section\" data-settings=\"{&quot;background_background&quot;:&quot;classic&quot;,&quot;stretch_section&quot;:&quot;section-stretched&quot;}\">\n\t\t\t\t\t\t<div class=\"elementor-container elementor-column-gap-default\">\n\t\t\t\t\t<div class=\"elementor-column elementor-col-100 elementor-top-column elementor-element elementor-element-4baeeda\" data-id=\"4baeeda\" data-element_type=\"column\" data-e-type=\"column\">\n\t\t\t<div class=\"elementor-widget-wrap elementor-element-populated\">\n\t\t\t\t\t\t<div class=\"elementor-element elementor-element-1ea541e elementor-widget elementor-widget-heading\" data-id=\"1ea541e\" data-element_type=\"widget\" data-e-type=\"widget\" data-widget_type=\"heading.default\">\n\t\t\t\t<div class=\"elementor-widget-container\">\n\t\t\t\t\t<h2 class=\"elementor-heading-title elementor-size-default\">Sensaci\u00f3n confiable<\/h2>\t\t\t\t<\/div>\n\t\t\t\t<\/div>\n\t\t\t\t\t<\/div>\n\t\t<\/div>\n\t\t\t\t\t<\/div>\n\t\t<\/section>\n\t\t\t\t<section class=\"elementor-section elementor-top-section elementor-element elementor-element-2a3b75c elementor-section-full_width elementor-section-stretched elementor-section-height-default elementor-section-height-default\" data-id=\"2a3b75c\" data-element_type=\"section\" data-e-type=\"section\" data-settings=\"{&quot;stretch_section&quot;:&quot;section-stretched&quot;}\">\n\t\t\t\t\t\t<div class=\"elementor-container elementor-column-gap-no\">\n\t\t\t\t\t<div class=\"elementor-column elementor-col-100 elementor-top-column elementor-element elementor-element-8ba3bd2\" data-id=\"8ba3bd2\" data-element_type=\"column\" data-e-type=\"column\">\n\t\t\t<div class=\"elementor-widget-wrap elementor-element-populated\">\n\t\t\t\t\t\t<div class=\"elementor-element elementor-element-a088301 elementor-widget elementor-widget-image\" data-id=\"a088301\" data-element_type=\"widget\" data-e-type=\"widget\" data-widget_type=\"image.default\">\n\t\t\t\t<div class=\"elementor-widget-container\">\n\t\t\t\t\t\t\t\t\t\t\t\t\t\t\t<img fetchpriority=\"high\" decoding=\"async\" width=\"300\" height=\"253\" src=\"https:\/\/cig22.com\/wp-content\/uploads\/CIG-22-300x253.png\" class=\"attachment-medium size-medium wp-image-18527\" alt=\"\" srcset=\"https:\/\/cig22.com\/wp-content\/uploads\/CIG-22-300x253.png 300w, https:\/\/cig22.com\/wp-content\/uploads\/CIG-22-600x507.png 600w, https:\/\/cig22.com\/wp-content\/uploads\/CIG-22.png 644w\" sizes=\"(max-width: 300px) 100vw, 300px\" \/>\t\t\t\t\t\t\t\t\t\t\t\t\t\t\t<\/div>\n\t\t\t\t<\/div>\n\t\t\t\t<div class=\"elementor-element elementor-element-576436e elementor-widget__width-initial elementor-widget elementor-widget-text-editor\" data-id=\"576436e\" data-element_type=\"widget\" data-e-type=\"widget\" data-widget_type=\"text-editor.default\">\n\t\t\t\t<div class=\"elementor-widget-container\">\n\t\t\t\t\t\t\t\t\t<p>Esta secci\u00f3n est\u00e1 directamente relacionada con el contacto, donde la entrega de un mensaje hacia la humanidad se ha logrado, el prop\u00f3sito del tallo, es decir del mensaje de Dios, la biblia, es mencionar explicitamente lo que se tiene o no que hacer, as\u00ed mismo conocer la verdad en todo, sabiendo bien que es la supremac\u00eda sabemos que este mensaje se ha mantenido perfecto por definici\u00f3n, de modo que ante las insinuaciones de que se ha corrompido eso no es posible aunque quisieran hacerlo porque la voluntad del creador de que su mensaje continue como lo ha enviado es lo que asegura que sea perfecto.\u00a0<\/p><p>Y ante las dudas de que no lo sea ser\u00e1 imposible demostrar por qu\u00e9 se ha quebrantado la voluntad de alguien todo poderoso en tratar de corromper su mensaje, lo cual no puede suceder as\u00ed como evidenciar que sea cierto, lo que si es posible es crear r\u00e9plicas del mensaje original para argumentar de que ha sido corrompido pero que en efecto no es lo que ha sucedido si no que m\u00e1s bien acuden a razones de mentiras que se promulgan sin haber profundizado en que si eso sea verdad realmente, y hasta confiar m\u00e1s en que supuestamente un nuevo mensaje divino lo afirma y el antiguo queda subordinado.<\/p><p>Lo cual de ser cierto no ser\u00eda posible la supremac\u00eda porque el creador no necesita actualizar su mensaje ya que lo ha escrito para todos los tiempos y de manera perfecta, es as\u00ed como con este razonamiento podemos saber que cuando se hubiera sellado el total de sus escritos, es que ya no es posible agregarse m\u00e1s y si a\u00fan as\u00ed fuera, estos tendr\u00edan que resultar armoniosos con todo lo que se ense\u00f1a en la propia biblia.\u00a0<\/p><p>Esta secci\u00f3n evidenciar\u00e1 como es que las sectas mundiales se ven afectadas por la sensaci\u00f3n confiable, que es sentir que Dios est\u00e1 de tu lado porque conf\u00edas en lo que sientes, que est\u00e1 siendo real, esta sensaci\u00f3n tambi\u00e9n sucede con otras sectas que no usan la biblia y lo importante aqu\u00ed es mencionar en que en la biblia se afirma que adem\u00e1s de seres humanos en el mundo tambi\u00e9n hay demonios y que estos no son espectadores solamente, si no que pueden hacerse pasar por \u00e1ngeles tal cual lo afirma la biblia.\u00a0<\/p><p>Cuando supiste del origen de muchas sectas est\u00e1 m\u00e1s que claro que &#8216;\u00e1ngeles&#8217; se le aparecieron a ciertas personas para atestiguar un nuevo mensaje, es decir que supuestamente Dios los envi\u00f3 para decirles que quer\u00eda actualizar la biblia, ya sea porque los seres humanos quebrantaron su supremac\u00eda o porque ahora quiso escribir algo para el tiempo moderno.<\/p><p>Y como bien sabemos si eso fuera verdad tendr\u00eda que ser ese &#8216;nuevo mensaje&#8217; armonioso con el antiguo para que continue siendo perfecto en afirmaciones y ense\u00f1anzas.<\/p><p>Lo que sucede con las personas al sentir la sensaci\u00f3n confiable es que piensan que Dios est\u00e1 de su lado y este razonamiento tiene mucho sentido porque de otro modo \u00bfpor qu\u00e9 sentir\u00edas ello? estando en un proceso de seguir la biblia o cualquier otro escrito, sientes esa presencia y hasta en oraci\u00f3n puedes recibir respuestas, y dices ciertamente Dios est\u00e1 conmigo, en la cual esa persona confiar\u00e1 plenamente en que es cierto.<\/p><p>Es aqu\u00ed donde hay que asegurarse de que esa sensaci\u00f3n sea divina realmente pero la persona no se asegurar\u00e1 de que lo sea porque ciegamente confiar\u00e1 en que s\u00ed, dejando de lado su raz\u00f3n cuando veamos lo siguiente.\u00a0<\/p><p>La sensaci\u00f3n y la raz\u00f3n est\u00e1n conectadas, y nos asegura que sean verdaderas, la sensaci\u00f3n es lo que sientes y de manera personal, mientras que la raz\u00f3n es la biblia y de manera mundial, con el prop\u00f3sito de que sea el criterio para saber que quien sienta, sea porque est\u00e1 conectada a la raz\u00f3n, de no estarlo y sentir, esa sensaci\u00f3n no proviene de Dios por definici\u00f3n.\u00a0<\/p><p>Si la persona es honesta y llega a descubrir que la raz\u00f3n a la que se estaba sometiendo no es verdad, lo que le ense\u00f1an a pensar es que tiene que tener fe, es decir confiar que aunque haya incongruencias en el texto que se rige, no siendo la propia biblia, tiene que confiar en que es cierto sin poder dar razonamientos de las abundantes razones de por qu\u00e9 no puede ser aquel el texto complementario de Dios.\u00a0<\/p><p>Y cuando la persona no pueda dar razones de los que atacan la biblia, tener fe aqu\u00ed si es v\u00e1lido porque cuando se profundiza en esos ataques aunque esa persona no sepa como responder, resulta que ser\u00e1 pura falta de contexto como se ha mencionado en la red de las aferraciones.\u00a0<\/p><p>Mientras que en los afiliados a alg\u00fan texto extra b\u00edblico no hay manera de razonar a su favor y no se puede evadir simplemente que eso continue pasando, si no m\u00e1s bien reconocer que ese texto es imperfecto, enga\u00f1oso y por tanto no divino.<\/p><ul><li>Entonces pensemos en lo siguiente primero tomando el ejemplo de una persona que considera que la biblia es solamente la palabra de Dios, si siente la sensaci\u00f3n confiable pensar\u00e1 que esa es la prueba de que est\u00e1 en contacto con el creador, lo cual puede ser cierto solamente con esta condici\u00f3n, de que la persona siga cada ense\u00f1anza b\u00edblica y que no quebrante ninguna, de manera que un mentiroso, fornicario, no podr\u00e1 sentir esa sensaci\u00f3n \u00bfy que suceder\u00eda si esa persona sabe lo malo que hace y que se menciona en la biblia e igual siente? lo que sucede es que esa persona se permitir\u00e1 enga\u00f1arse a si misma para dejar de lado la raz\u00f3n y lo especificado por Dios, por supuestamente para esa persona eso pierde validez y se manifiesta con su presencia de todos modos \u00bfes esto razonable o congruente? ya sabes entonces que para saber si la sensaci\u00f3n proviene de Dios basado en este ejemplo, no tienes que quebrantar ninguna de las ense\u00f1anzas que afirm\u00f3 de manera espec\u00edfica, de otro modo esa sensaci\u00f3n ser\u00e1 demoniaca porque ellos suplantan al texto sagrado y tambi\u00e9n la sensaci\u00f3n de manera que puedan arrebatarle la raz\u00f3n a las personas y conf\u00eden en lo que sienten aunque no sea basado en la conexi\u00f3n tambi\u00e9n con la biblia.<\/li><\/ul><p>\u00a0<\/p><ul><li>Para este ejemplo mencionar\u00e9 a alguien que sigue lo que est\u00e1 escrito en la biblia, en todo, y de repente siente la sensaci\u00f3n confiable, aqu\u00ed es cuando decimos y que hay de malo, si est\u00e1 haciendo eso entonces esa presencia es de Dios, y es cierto ya que la biblia es el medio por donde se puede llegar a sentir la verdadera sensaci\u00f3n confiable, pero lo que no sab\u00edas es que esta persona est\u00e1 siguiendo las ense\u00f1anzas de una biblia parafraseada por una secta y que tambi\u00e9n no est\u00e1 traducida tal cual del texto original \u00bfseguir\u00edas pensando que esa persona siente la presencia divina? si la persona sabe que ha sido enga\u00f1ado pues saldr\u00e1 de ese lugar y dir\u00e1 que lo que sent\u00eda no era Dios si no sensaciones demoniacas que pueden parecer estremecedoras pero que no son verdaderas, es as\u00ed como esta persona habiendo sido enga\u00f1ada Dios reconocer\u00e1 su honestidad y har\u00e1 algo para sacarlo de ese lugar y depender\u00e1 de la persona permitirlo o no, dejando de lado esa falsa sensaci\u00f3n para tambi\u00e9n tener la raz\u00f3n de su lado y saber que solo as\u00ed podr\u00e1 sentir la real presencia divina.<\/li><\/ul><p>\u00a0<\/p><ul><li>En este ejemplo se mencionar\u00e1 lo que est\u00e1 afectando a todas las sectas, primero comencemos por alguien a quien se le ha ense\u00f1ado algo que no es b\u00edblico pero cree que s\u00ed y siente la sensaci\u00f3n confiable, al descubrir la verdad si esta persona es honesta dir\u00e1 \u00bfentonces como pude sentir algo as\u00ed negando una ense\u00f1anza tan importante? supongamos la negaci\u00f3n del diluvio, pues esto es lo que sucede con gran parte de las sectas que continuan en incremento por culpa de la sensaci\u00f3n demoniaca confiable a la que se aferran donde no es posible razonar con ellos porque se han desprendido de la raz\u00f3n, cuando les menciones esta es la raz\u00f3n de porque las ense\u00f1anzas que sigues es falsa, esa persona deshonesta dir\u00e1 en su mente aunque aparentemente me haces dudar confiar\u00e1 en lo que siento y as\u00ed continuar\u00e1 afiliado a esa secta ya sea porque le conviene o porque prefier seguir all\u00ed, mientras que alguien sincero sabiendo bien que Dios conoce el coraz\u00f3n de todos, lo que piensas y lo que sientes, como reaccionas, un d\u00eda si negaste la raz\u00f3n prefiriendo confiar en lo que sent\u00edas, responder\u00e1s por eso delante de \u00e9l, donde se te juzgar\u00e1 por lo escrito en su mensaje verdadero, mediante el cual podemos reconocerlo basado en la RAZ\u00d3N, en la red del tallo est\u00e1n espec\u00edficadas y ning\u00fan otro texto ha sido capaz de resultar perfecto como la biblia, Dios sabe del enga\u00f1o que los demonios hacen con las personas y los obliga a que sus mentiras sean imperfectas, de modo que cuando los reconozcan puedan decidir dejar de estarlo y no se aferren a lo que sienten porque lo primero es la raz\u00f3n y luego la sensaci\u00f3n es un efecto de ello, no al rev\u00e9s, es por esto que muchas sectas continuan poderosas porque a las personas se les ha enga\u00f1ado y c\u00f3mo se necesita que lo crean fuertemente, es cuando los demonios llegan a ese lugar para esparcir su falsa presencia divina y puedan sentirse seguros de que lo est\u00e1n pero Dios conoce a las personas y ser\u00e1n confrontadas si negaron la raz\u00f3n, su consciencia y si antepusieron sus preferencias dejando de lado lo incongruente de las mentiras, ahora bien si una persona en cualquiera que sea su credo dice sentir, por ejemplo un cat\u00f3lico \u00bfser\u00e1 verdaderamente Dios? si al lado est\u00e1 adorando a una imagen, usa este mismo razonamiento para ti mismo donde si has sentido algo y sabes mediante la red de las sectas que estas siguiendo ense\u00f1anzas malas o que los fundamentos del origen de tu iglesia, religi\u00f3n, texto complementario, biblia parafraseada, mal traducida son falsas, entonces querido lector has sido influenciado por la falsa sensaci\u00f3n confiable y por muy buena que sientas que lo sea, ya sabes que eso es lo menos que se siente al sentir la presencia de Dios y sal de ese lugar para seguir solamente lo que indica la biblia, el poder del tallo es demasiado poderoso y te aseguro que cuando lo hagas Dios te encaminar\u00e1 a estar en el lugar que realmente siga sus ense\u00f1anzas y puedas por fin sentir la sensaci\u00f3n confiable que es el resultado solamente del criterio de verdad y de un coraz\u00f3n honesto, que ama la verdad sea cual sea,<\/li><\/ul>\t\t\t\t\t\t\t\t<\/div>\n\t\t\t\t<\/div>\n\t\t\t\t\t<\/div>\n\t\t<\/div>\n\t\t\t\t\t<\/div>\n\t\t<\/section>\n\t\t\t\t<\/div>","protected":false},"excerpt":{"rendered":"<p>Sensaci\u00f3n confiable Esta secci\u00f3n est\u00e1 directamente relacionada con el contacto, donde la entrega de un mensaje hacia la humanidad se ha logrado, el prop\u00f3sito del tallo, es decir del mensaje de Dios, la biblia, es mencionar explicitamente lo que se tiene o no que hacer, as\u00ed mismo conocer la verdad en todo, sabiendo bien que [&hellip;]<\/p>\n","protected":false},"author":1,"featured_media":0,"parent":0,"menu_order":0,"comment_status":"closed","ping_status":"closed","template":"","meta":{"_angie_page":false,"iawp_total_views":0,"footnotes":""},"class_list":["post-27789","page","type-page","status-publish","hentry"],"yoast_head":"<!-- This site is optimized with the Yoast SEO Premium plugin v22.8 (Yoast SEO v27.6) - https:\/\/yoast.com\/product\/yoast-seo-premium-wordpress\/ -->\n<title>Presencia confiable - CIG22<\/title>\n<meta name=\"robots\" content=\"index, follow, max-snippet:-1, max-image-preview:large, max-video-preview:-1\" \/>\n<link rel=\"canonical\" href=\"https:\/\/cig22.com\/ar\/sensacion-confiable\/\" \/>\n<meta property=\"og:locale\" content=\"ar_AR\" \/>\n<meta property=\"og:type\" content=\"article\" \/>\n<meta property=\"og:title\" content=\"Presencia confiable\" \/>\n<meta property=\"og:description\" content=\"Sensaci\u00f3n confiable Esta secci\u00f3n est\u00e1 directamente relacionada con el contacto, donde la entrega de un mensaje hacia la humanidad se ha logrado, el prop\u00f3sito del tallo, es decir del mensaje de Dios, la biblia, es mencionar explicitamente lo que se tiene o no que hacer, as\u00ed mismo conocer la verdad en todo, sabiendo bien que [&hellip;]\" \/>\n<meta property=\"og:url\" content=\"https:\/\/cig22.com\/ar\/sensacion-confiable\/\" \/>\n<meta property=\"og:site_name\" content=\"CIG22\" \/>\n<meta property=\"article:modified_time\" content=\"2026-04-29T15:06:13+00:00\" \/>\n<meta property=\"og:image\" content=\"https:\/\/cig22.com\/wp-content\/uploads\/CIG-22.png\" \/>\n\t<meta property=\"og:image:width\" content=\"644\" \/>\n\t<meta property=\"og:image:height\" content=\"544\" \/>\n\t<meta property=\"og:image:type\" content=\"image\/png\" \/>\n<meta name=\"twitter:card\" content=\"summary_large_image\" \/>\n<meta name=\"twitter:label1\" content=\"\u0648\u0642\u062a \u0627\u0644\u0642\u0631\u0627\u0621\u0629 \u0627\u0644\u0645\u064f\u0642\u062f\u0651\u0631\" \/>\n\t<meta name=\"twitter:data1\" content=\"9 \u062f\u0642\u0627\u0626\u0642\" \/>\n<script type=\"application\/ld+json\" class=\"yoast-schema-graph\">{\"@context\":\"https:\\\/\\\/schema.org\",\"@graph\":[{\"@type\":\"WebPage\",\"@id\":\"https:\\\/\\\/cig22.com\\\/sensacion-confiable\\\/\",\"url\":\"https:\\\/\\\/cig22.com\\\/sensacion-confiable\\\/\",\"name\":\"Presencia confiable - CIG22\",\"isPartOf\":{\"@id\":\"https:\\\/\\\/cig22.com\\\/#website\"},\"primaryImageOfPage\":{\"@id\":\"https:\\\/\\\/cig22.com\\\/sensacion-confiable\\\/#primaryimage\"},\"image\":{\"@id\":\"https:\\\/\\\/cig22.com\\\/sensacion-confiable\\\/#primaryimage\"},\"thumbnailUrl\":\"https:\\\/\\\/cig22.com\\\/wp-content\\\/uploads\\\/CIG-22-300x253.png\",\"datePublished\":\"2025-08-22T13:40:41+00:00\",\"dateModified\":\"2026-04-29T15:06:13+00:00\",\"breadcrumb\":{\"@id\":\"https:\\\/\\\/cig22.com\\\/sensacion-confiable\\\/#breadcrumb\"},\"inLanguage\":\"ar\",\"potentialAction\":[{\"@type\":\"ReadAction\",\"target\":[\"https:\\\/\\\/cig22.com\\\/sensacion-confiable\\\/\"]}]},{\"@type\":\"ImageObject\",\"inLanguage\":\"ar\",\"@id\":\"https:\\\/\\\/cig22.com\\\/sensacion-confiable\\\/#primaryimage\",\"url\":\"https:\\\/\\\/cig22.com\\\/wp-content\\\/uploads\\\/CIG-22-300x253.png\",\"contentUrl\":\"https:\\\/\\\/cig22.com\\\/wp-content\\\/uploads\\\/CIG-22-300x253.png\"},{\"@type\":\"BreadcrumbList\",\"@id\":\"https:\\\/\\\/cig22.com\\\/sensacion-confiable\\\/#breadcrumb\",\"itemListElement\":[{\"@type\":\"ListItem\",\"position\":1,\"name\":\"Portada\",\"item\":\"https:\\\/\\\/cig22.com\\\/\"},{\"@type\":\"ListItem\",\"position\":2,\"name\":\"Presencia confiable\"}]},{\"@type\":\"WebSite\",\"@id\":\"https:\\\/\\\/cig22.com\\\/#website\",\"url\":\"https:\\\/\\\/cig22.com\\\/\",\"name\":\"Apoyo Mutuo\",\"description\":\"\",\"publisher\":{\"@id\":\"https:\\\/\\\/cig22.com\\\/#organization\"},\"potentialAction\":[{\"@type\":\"SearchAction\",\"target\":{\"@type\":\"EntryPoint\",\"urlTemplate\":\"https:\\\/\\\/cig22.com\\\/?s={search_term_string}\"},\"query-input\":{\"@type\":\"PropertyValueSpecification\",\"valueRequired\":true,\"valueName\":\"search_term_string\"}}],\"inLanguage\":\"ar\"},{\"@type\":\"Organization\",\"@id\":\"https:\\\/\\\/cig22.com\\\/#organization\",\"name\":\"Apoyo Mutuo\",\"url\":\"https:\\\/\\\/cig22.com\\\/\",\"logo\":{\"@type\":\"ImageObject\",\"inLanguage\":\"ar\",\"@id\":\"https:\\\/\\\/cig22.com\\\/#\\\/schema\\\/logo\\\/image\\\/\",\"url\":\"https:\\\/\\\/cig22.com\\\/wp-content\\\/uploads\\\/2024\\\/05\\\/logo.png\",\"contentUrl\":\"https:\\\/\\\/cig22.com\\\/wp-content\\\/uploads\\\/2024\\\/05\\\/logo.png\",\"width\":618,\"height\":217,\"caption\":\"Apoyo Mutuo\"},\"image\":{\"@id\":\"https:\\\/\\\/cig22.com\\\/#\\\/schema\\\/logo\\\/image\\\/\"}}]}<\/script>\n<!-- \/ Yoast SEO Premium plugin. -->","yoast_head_json":{"title":"Presencia confiable - CIG22","robots":{"index":"index","follow":"follow","max-snippet":"max-snippet:-1","max-image-preview":"max-image-preview:large","max-video-preview":"max-video-preview:-1"},"canonical":"https:\/\/cig22.com\/ar\/sensacion-confiable\/","og_locale":"ar_AR","og_type":"article","og_title":"Presencia confiable","og_description":"Sensaci\u00f3n confiable Esta secci\u00f3n est\u00e1 directamente relacionada con el contacto, donde la entrega de un mensaje hacia la humanidad se ha logrado, el prop\u00f3sito del tallo, es decir del mensaje de Dios, la biblia, es mencionar explicitamente lo que se tiene o no que hacer, as\u00ed mismo conocer la verdad en todo, sabiendo bien que [&hellip;]","og_url":"https:\/\/cig22.com\/ar\/sensacion-confiable\/","og_site_name":"CIG22","article_modified_time":"2026-04-29T15:06:13+00:00","og_image":[{"width":644,"height":544,"url":"https:\/\/cig22.com\/wp-content\/uploads\/CIG-22.png","type":"image\/png"}],"twitter_card":"summary_large_image","twitter_misc":{"\u0648\u0642\u062a \u0627\u0644\u0642\u0631\u0627\u0621\u0629 \u0627\u0644\u0645\u064f\u0642\u062f\u0651\u0631":"9 \u062f\u0642\u0627\u0626\u0642"},"schema":{"@context":"https:\/\/schema.org","@graph":[{"@type":"WebPage","@id":"https:\/\/cig22.com\/sensacion-confiable\/","url":"https:\/\/cig22.com\/sensacion-confiable\/","name":"Presencia confiable - CIG22","isPartOf":{"@id":"https:\/\/cig22.com\/#website"},"primaryImageOfPage":{"@id":"https:\/\/cig22.com\/sensacion-confiable\/#primaryimage"},"image":{"@id":"https:\/\/cig22.com\/sensacion-confiable\/#primaryimage"},"thumbnailUrl":"https:\/\/cig22.com\/wp-content\/uploads\/CIG-22-300x253.png","datePublished":"2025-08-22T13:40:41+00:00","dateModified":"2026-04-29T15:06:13+00:00","breadcrumb":{"@id":"https:\/\/cig22.com\/sensacion-confiable\/#breadcrumb"},"inLanguage":"ar","potentialAction":[{"@type":"ReadAction","target":["https:\/\/cig22.com\/sensacion-confiable\/"]}]},{"@type":"ImageObject","inLanguage":"ar","@id":"https:\/\/cig22.com\/sensacion-confiable\/#primaryimage","url":"https:\/\/cig22.com\/wp-content\/uploads\/CIG-22-300x253.png","contentUrl":"https:\/\/cig22.com\/wp-content\/uploads\/CIG-22-300x253.png"},{"@type":"BreadcrumbList","@id":"https:\/\/cig22.com\/sensacion-confiable\/#breadcrumb","itemListElement":[{"@type":"ListItem","position":1,"name":"Portada","item":"https:\/\/cig22.com\/"},{"@type":"ListItem","position":2,"name":"Presencia confiable"}]},{"@type":"WebSite","@id":"https:\/\/cig22.com\/#website","url":"https:\/\/cig22.com\/","name":"Apoyo Mutuo","description":"","publisher":{"@id":"https:\/\/cig22.com\/#organization"},"potentialAction":[{"@type":"SearchAction","target":{"@type":"EntryPoint","urlTemplate":"https:\/\/cig22.com\/?s={search_term_string}"},"query-input":{"@type":"PropertyValueSpecification","valueRequired":true,"valueName":"search_term_string"}}],"inLanguage":"ar"},{"@type":"Organization","@id":"https:\/\/cig22.com\/#organization","name":"Apoyo Mutuo","url":"https:\/\/cig22.com\/","logo":{"@type":"ImageObject","inLanguage":"ar","@id":"https:\/\/cig22.com\/#\/schema\/logo\/image\/","url":"https:\/\/cig22.com\/wp-content\/uploads\/2024\/05\/logo.png","contentUrl":"https:\/\/cig22.com\/wp-content\/uploads\/2024\/05\/logo.png","width":618,"height":217,"caption":"Apoyo Mutuo"},"image":{"@id":"https:\/\/cig22.com\/#\/schema\/logo\/image\/"}}]}},"_links":{"self":[{"href":"https:\/\/cig22.com\/ar\/wp-json\/wp\/v2\/pages\/27789","targetHints":{"allow":["GET"]}}],"collection":[{"href":"https:\/\/cig22.com\/ar\/wp-json\/wp\/v2\/pages"}],"about":[{"href":"https:\/\/cig22.com\/ar\/wp-json\/wp\/v2\/types\/page"}],"author":[{"embeddable":true,"href":"https:\/\/cig22.com\/ar\/wp-json\/wp\/v2\/users\/1"}],"replies":[{"embeddable":true,"href":"https:\/\/cig22.com\/ar\/wp-json\/wp\/v2\/comments?post=27789"}],"version-history":[{"count":32,"href":"https:\/\/cig22.com\/ar\/wp-json\/wp\/v2\/pages\/27789\/revisions"}],"predecessor-version":[{"id":56317,"href":"https:\/\/cig22.com\/ar\/wp-json\/wp\/v2\/pages\/27789\/revisions\/56317"}],"wp:attachment":[{"href":"https:\/\/cig22.com\/ar\/wp-json\/wp\/v2\/media?parent=27789"}],"curies":[{"name":"wp","href":"https:\/\/api.w.org\/{rel}","templated":true}]}}