{"id":27626,"date":"2025-08-14T20:59:00","date_gmt":"2025-08-14T20:59:00","guid":{"rendered":"https:\/\/cig22.com\/?page_id=27626"},"modified":"2025-08-18T21:30:58","modified_gmt":"2025-08-18T21:30:58","slug":"ultra-contexto","status":"publish","type":"page","link":"https:\/\/cig22.com\/ar\/ultra-contexto\/","title":{"rendered":"Ultra contexto"},"content":{"rendered":"<div data-elementor-type=\"wp-page\" data-elementor-id=\"27626\" class=\"elementor elementor-27626\" data-elementor-post-type=\"page\">\n\t\t\t\t\t\t<section class=\"elementor-section elementor-top-section elementor-element elementor-element-50df5ae elementor-section-full_width elementor-section-stretched elementor-section-height-default elementor-section-height-default\" data-id=\"50df5ae\" data-element_type=\"section\" data-e-type=\"section\" data-settings=\"{&quot;stretch_section&quot;:&quot;section-stretched&quot;,&quot;background_background&quot;:&quot;classic&quot;}\">\n\t\t\t\t\t\t<div class=\"elementor-container elementor-column-gap-no\">\n\t\t\t\t\t<div class=\"elementor-column elementor-col-100 elementor-top-column elementor-element elementor-element-03c87f4\" data-id=\"03c87f4\" data-element_type=\"column\" data-e-type=\"column\">\n\t\t\t<div class=\"elementor-widget-wrap elementor-element-populated\">\n\t\t\t\t\t\t<div class=\"elementor-element elementor-element-4025f7f elementor-widget elementor-widget-heading\" data-id=\"4025f7f\" data-element_type=\"widget\" data-e-type=\"widget\" data-widget_type=\"heading.default\">\n\t\t\t\t<div class=\"elementor-widget-container\">\n\t\t\t\t\t<h2 class=\"elementor-heading-title elementor-size-default\">Ultra contexto<\/h2>\t\t\t\t<\/div>\n\t\t\t\t<\/div>\n\t\t\t\t\t<\/div>\n\t\t<\/div>\n\t\t\t\t\t<\/div>\n\t\t<\/section>\n\t\t\t\t<section class=\"elementor-section elementor-top-section elementor-element elementor-element-15f1d52 elementor-section-full_width elementor-section-height-default elementor-section-height-default\" data-id=\"15f1d52\" data-element_type=\"section\" data-e-type=\"section\">\n\t\t\t\t\t\t<div class=\"elementor-container elementor-column-gap-no\">\n\t\t\t\t\t<div class=\"elementor-column elementor-col-100 elementor-top-column elementor-element elementor-element-b1e4133\" data-id=\"b1e4133\" data-element_type=\"column\" data-e-type=\"column\">\n\t\t\t<div class=\"elementor-widget-wrap elementor-element-populated\">\n\t\t\t\t\t\t<div class=\"elementor-element elementor-element-9426681 elementor-widget elementor-widget-text-editor\" data-id=\"9426681\" data-element_type=\"widget\" data-e-type=\"widget\" data-widget_type=\"text-editor.default\">\n\t\t\t\t<div class=\"elementor-widget-container\">\n\t\t\t\t\t\t\t\t\t<p>Lo que hacemos al ser conscientes de saber que existimos en este mundo es permitir que la influencia de nuestro entorno nos moldee tanto para bien como para mal, haciendo que aquello que entendemos sea transmitido a trav\u00e9s de quienes nos han educado, todos quieren ser felices y se complacen cuando pueden hacer el bien o recibirlo de alguna manera, se piensa que casi toda la poblaci\u00f3n mundial es buena y que los que hacen el mal son minor\u00eda, lo cual puede motivarnos a que esto continue as\u00ed pero \u00bfy si no fuera verdad? es cuando tenemos que hacer algo para enfrentar la verdadera realidad.<\/p><p>Recuerdate a ti mismo cuando eras un infante, recibiste influencia de las personas cercanas que te han transmitido las acciones de sus generaciones pasadas si es que simplemente dieron lo que se les entreg\u00f3 y si m\u00e1s bien algunos entre ellos decidieron hacer el bien rompiendo las cadenas, pudiste ser afortunado de recibir el mejor ejemplo y en cualquier situaci\u00f3n que hayas pasado en referencia a tu crianza, siempre tomaste tus propias descisiones de permitir hacer el mal cuando eso recibiste o m\u00e1s bien no hacer que otros pasen por lo mismo que pasaste.\u00a0<\/p><p>Al llegar a ser m\u00e1s conscientes de lo que nos rodea lo usual en la poblaci\u00f3n mundial es hacer lo siguiente.\u00a0<\/p><ul><li>Ocuparse de sus problemas<\/li><li>Entretenerse<\/li><li>Ser bueno con quienes amas<\/li><li>Trazarse metas a cumplir\u00a0<\/li><li>Querer pr\u00f3sperar<\/li><li>Ser amado<\/li><\/ul><p>Hacer todo esto no est\u00e1 mal mientras que no represente todo lo que haces, porque hay mucho m\u00e1s, como bien sabemos habiendo completado el primer bloque de la red de todo, existe la eternidad y tambi\u00e9n quien nos quiere quitar nuestra esencia de existir, de modo que lo anteriormente mencionado est\u00e1 conectado con las aspiraciones comunes de las personas comunes y sabemos que sin el criterio de verdad, aunque consiguieran todo lo que quisiesen, perder\u00e1n todo aquello.<\/p><p>Veamos un breve repaso de c\u00f3mo es que se le quita la esencia de existir a alguien y el criterio de verdad.<\/p><ul><li>Haz que su influencia cercana sea poderosa a fin de que acepte sus ense\u00f1anzas directas e indirectas sin profundizar en si sea cierto o bueno<\/li><li>Hazle sentir que necesita ser como los dem\u00e1s, en lo que escucha, sigue, mira y siente<\/li><li>Satura su mente de distracciones para entenebrecer su raz\u00f3n\u00a0<\/li><li>Haz que prefiera buscar de todo menos la esencia de existir<\/li><li>Ense\u00f1ale que la ra\u00edz de todo no existe con razonamientos descontextualizados<\/li><li>Si eso falla haz que caiga en sectas para hacer que acept\u00f3 el criterio de verdad<\/li><li>Seducelo con placeres a fin de que no quiera f\u00e1cilmente abandonarlos aunque sepa que no tiene la raz\u00f3n<\/li><li>Bombardea su mente con propaganda ficticia para que no le preocupen las consecuencias\u00a0<\/li><li>Ll\u00e9nalo de aferraciones ADLR para que sienta menos remordimiento de estar equivocado e impide que alguien pueda destruirlos<\/li><li>Hazle sentir que es bueno para que no sea culpable de nada<\/li><li>Usa los errores de las personas que son mal ejemplo al decir que han aceptado el criterio de verdad para que no lo hagan<\/li><li>Usar la red de espionaje demoniaca para conspirar y asegurarse de que continue en su poder, usando todos sus medios de influencia para que sepan que han sido enga\u00f1ados cuando sea tarde<\/li><li>Lo esencial, cambia su raz\u00f3n por la sensaci\u00f3n, para que no quieran aceptar lo que no les conviene sensitivamente\u00a0<\/li><li>Hazlos sentir marginados e incomprendidos si es que quieren ser verdaderamente buenos y no dejes de tentarlos hasta que ya no se pueda<\/li><li>Haz que sepan que no existe nada m\u00e1s que el presente y que tienen que perseguir sus propios deseos y beneficios<\/li><\/ul><p>Estas son algunas de las menciones que se hacen en la red de todo II y posteriores, para comprender c\u00f3mo es que se le quita la esencia de existir a las personas al negarle la ra\u00edz y el tallo, es importante mencionar que cuando se use la afirmaci\u00f3n \u00abellos\u00bb me refiero a ciertos tipos de ADLR, los que son enga\u00f1ados y creen honestamente en esas mentiras, los que saben que es mentira pero que les permite hacer lo que quiera por lo que no lo confesar\u00e1n y los demonios que desde el principio lo saben y est\u00e1n cerca de cada persona desde que nace para examinarlos y planear c\u00f3mo destruirlos.\u00a0<\/p><p>Existe otro tipo de ADLR que son los que est\u00e1n en la c\u00faspide del gobierno mundial y ellos est\u00e1n afiliados a la completa adoraci\u00f3n de demonios e inclusive creyendo que no lo sean, prefieren seguir a una deidad que les permita hacer el mal y tambi\u00e9n sentir que son buenas personas.<\/p><p>Aunque se piense que los que controlan al mundo son este tipo de personas que con todo su poder no pueden quebrantar el criterio de verdad, quien est\u00e1 detr\u00e1s de cada suceso importante en el mundo sirve a un plan estrat\u00e9gico que no es de origen humano y que quienes sirven de instrumento muchas veces no saben que simplemente son activos de ese plan, siendo los ADLR la principal fuerza de su poder porque hacen que cada vez m\u00e1s afecten a nuevas personas.<\/p><p>Sabiendo que el mundo tiene un rey invisible, este a\u00fan no puede hacer todo lo que quisiera hacer como por ejemplo manifestarse a trav\u00e9s de un ser humano para ser adorado, sabiendo que se ha encargado de crear sectas, estas lo reconocer\u00e1n como su salvador y habiendo creado problemas, las personas seculares lo reconocer\u00e1n como su salvador tambi\u00e9n, porque resolver\u00e1 todos los problemas del mundo a cambio de quitarte tu esencia de existir.\u00a0<\/p><p>En ciertas ocaciones Dios quebranta al rey para que se haga lo que es su voluntad en el mundo por los planes que tiene para que las personas vuelvan como al principio y sean salvadas, recuerda muy bien esta frase, aunque el rey tenga toda la influencia, su legi\u00f3n y a casi todas las personas, Dios tiene la raz\u00f3n de su lado y obliga al rey a que sus enga\u00f1os sean imperfectos de manera que las personas honestas acepten la realidad en cuanto lo conozcan.<\/p><p>Hemos visto esos efectos en la red de todo en donde quien quiera enga\u00f1ar a alguien dir\u00eda por qu\u00e9 no ocultan mejor toda esa informaci\u00f3n que no es conveniente y ello es porque all\u00ed se ve que el rey est\u00e1 limitado a no poder hacer que su enga\u00f1o sea perfecto, de modo que todos puedan conocer la verdad.<\/p><p>Por ello lo esencial para lograr el efecto de que alguien no llegue a saberlo es mantenerla ocupada, distra\u00edda y sentir que sea informada, asegurandose bien de incrustar en su mente aferraciones ADLR de varios niveles para que no sientan que est\u00e1 equivocados.<\/p><p>Lo bueno de esto es que Dios conoce todos los pensamientos y sabe cuando alguien teme de querer profundizar porque no quiere descubrir algo que no le convenga, lo cual lo convierte en una persona deshonesta y sabemos que en cuanto alguien sienta ese inter\u00e9s por querer ser curioso y profundizar, esa persona descubrir\u00e1 informaciones ocultas que tradicionalmente tendr\u00e1 que esforzarse por llegar a saber pero que ahora mediante la red de todo, ya est\u00e1 todo all\u00ed.\u00a0<\/p>\t\t\t\t\t\t\t\t<\/div>\n\t\t\t\t<\/div>\n\t\t\t\t\t<\/div>\n\t\t<\/div>\n\t\t\t\t\t<\/div>\n\t\t<\/section>\n\t\t\t\t<section class=\"elementor-section elementor-top-section elementor-element elementor-element-697dda9 elementor-section-boxed elementor-section-height-default elementor-section-height-default\" data-id=\"697dda9\" data-element_type=\"section\" data-e-type=\"section\">\n\t\t\t\t\t\t<div class=\"elementor-container elementor-column-gap-default\">\n\t\t\t\t\t<div class=\"elementor-column elementor-col-100 elementor-top-column elementor-element elementor-element-a76e576\" data-id=\"a76e576\" data-element_type=\"column\" data-e-type=\"column\">\n\t\t\t<div class=\"elementor-widget-wrap elementor-element-populated\">\n\t\t\t\t\t\t<div class=\"elementor-element elementor-element-c013c8e elementor-widget elementor-widget-heading\" data-id=\"c013c8e\" data-element_type=\"widget\" data-e-type=\"widget\" data-widget_type=\"heading.default\">\n\t\t\t\t<div class=\"elementor-widget-container\">\n\t\t\t\t\t<h2 class=\"elementor-heading-title elementor-size-default\">Acerca del mundo<\/h2>\t\t\t\t<\/div>\n\t\t\t\t<\/div>\n\t\t\t\t<div class=\"elementor-element elementor-element-8887426 elementor-widget elementor-widget-text-editor\" data-id=\"8887426\" data-element_type=\"widget\" data-e-type=\"widget\" data-widget_type=\"text-editor.default\">\n\t\t\t\t<div class=\"elementor-widget-container\">\n\t\t\t\t\t\t\t\t\t<p>Hay que recordar algo muy importante, en que al mundo lo hacen las personas en su conjunto, por tanto lo que hacemos afecta a todos los dem\u00e1s por efecto domin\u00f3, esto significa que si solamente queremos nuestro propio bienestar y el de nuestras personas cercanas \u00bfque podemos hacer por los que no conocemos? al mencionar esta pregunta pareciera que no es posible ni necesario pero si que lo es.<\/p><p>Veamos lo que ha sucedido en el mundo desde su inicio, los primeros seres humanos se enfrentaban a las desventajas de la sobrevivencia en medio de grandes desaf\u00edos para subsistir, siendo el m\u00e1s grande el ponerse de acuerdo y las buenas predisposiciones, si el ser humano no se hubiera separado de Dios, reinar\u00eda por siempre en las acciones humanas haciendo que sean buenas y el ambiente ser\u00eda el perfecto.\u00a0<\/p><p>Desde el principio del ser humano cuando estos comenzaron a multiplicarse las malas acciones era relativamente bajas y cada vez que pasaba m\u00e1s tiempo esto se acrecentaba, hasta que lleg\u00f3 a un nivel donde Dios mismo tuvo que intervenir al provocar el diluvio.<\/p><p>Luego de ello de nuevo el mal comenz\u00f3 su iniciaci\u00f3n hasta nuestros tiempos modernos, si conoces ya la esencia irreal, pues es m\u00e1s real que siempre y tienes que hacer algo para que eso ya se termine, lo cual es posible y de ese modo estar\u00e1s enfrentando al mal para ti mismo, quienes amas y todos los dem\u00e1s.\u00a0<\/p><p>Porque la existencia de muchos niveles de maldad en el mundo es el resultado de un fracaso colectivo humano donde casi todos han sido ADLR al negar el criterio de verdad, que en aquellos tiempos era m\u00e1s complicado de conseguir pero existe algo igual de importante que ello lo cual se llama consciencia, que nos permite saber que acciones est\u00e1n mal o bien y que es imposible negarla.<\/p><p>Ahora sabes que es importante preocuparte por hacer algo para detener el mal, lo har\u00e1s de forma m\u00e1s visible en tu entorno y tambi\u00e9n de forma indirecta con otras personas por tu influencia aunque no puedas ver esos efectos, de esta manera podr\u00e1s atacar a quienes han destruido a tantas personas y a ti misma habiendolo intentado pero preferiste lo que es infinitamente mejor.<\/p><p>Si sientes que comprender el mundo es complicado depende de cuanto quieras llegar a comprenderlo y cuando lo necesites pero no es lo ideal hacerlo a un nivel muy preciso m\u00e1s de lo esencial, si no m\u00e1s bien conocer perfectamente si el tallo, porque es todo lo que necesitas.\u00a0<\/p><p>Si alguna vez sentiste que quer\u00edas maltratar\u00a0 a quien hace el mal o quien enga\u00f1a, no puedes hacerlo de manera f\u00edsica, porque existe una mejor manera de hacerlo, es hacer conocer el criterio de verdad a muchas m\u00e1s personas, de ese modo los demonios quienes est\u00e1n detr\u00e1s de esas acciones malvadas se irritar\u00e1n y les habr\u00e1s arrebatado de su poder a quienes ya ten\u00edan.<\/p><p>\u00a0<\/p>\t\t\t\t\t\t\t\t<\/div>\n\t\t\t\t<\/div>\n\t\t\t\t\t<\/div>\n\t\t<\/div>\n\t\t\t\t\t<\/div>\n\t\t<\/section>\n\t\t\t\t<section class=\"elementor-section elementor-top-section elementor-element elementor-element-a686c85 elementor-section-boxed elementor-section-height-default elementor-section-height-default\" data-id=\"a686c85\" data-element_type=\"section\" data-e-type=\"section\">\n\t\t\t\t\t\t<div class=\"elementor-container elementor-column-gap-default\">\n\t\t\t\t\t<div class=\"elementor-column elementor-col-100 elementor-top-column elementor-element elementor-element-e6850ba\" data-id=\"e6850ba\" data-element_type=\"column\" data-e-type=\"column\">\n\t\t\t<div class=\"elementor-widget-wrap elementor-element-populated\">\n\t\t\t\t\t\t<div class=\"elementor-element elementor-element-2ab38ed elementor-widget elementor-widget-heading\" data-id=\"2ab38ed\" data-element_type=\"widget\" data-e-type=\"widget\" data-widget_type=\"heading.default\">\n\t\t\t\t<div class=\"elementor-widget-container\">\n\t\t\t\t\t<h2 class=\"elementor-heading-title elementor-size-default\">Contexto profundo<\/h2>\t\t\t\t<\/div>\n\t\t\t\t<\/div>\n\t\t\t\t<div class=\"elementor-element elementor-element-c925b80 elementor-widget elementor-widget-text-editor\" data-id=\"c925b80\" data-element_type=\"widget\" data-e-type=\"widget\" data-widget_type=\"text-editor.default\">\n\t\t\t\t<div class=\"elementor-widget-container\">\n\t\t\t\t\t\t\t\t\t<p>Cuando alguien deja de ser infante lo que hace es simplemente confiar, no duda de las malas intenciones hasta que descubre que existen, lo cual parece ser un efecto natural pero esto no sucede con lo que tampoco no tiene que confiar y que tiene que la etiqueta \u00absomos la verdad\u00bb, siendo as\u00ed la persona comenzar\u00e1 a simplemente aceptar lo que se le ense\u00f1e porque antes de hacerlo, ya se le condicionar\u00e1 a las distracciones y mensajes subliminales, para que solamente busque su bienestar y no quiera descubrir el mundo tal cual es.\u00a0<\/p><p>Porque intuir\u00e1 que es como les dijeron que es y que eso est\u00e1 bien porque tiene cosas m\u00e1s importantes que hacer, distraerse, ocuparse de problemas y dem\u00e1s.<\/p><p>En lo primero que alguien es enga\u00f1ado es de esta manera.<\/p><p>Aunque la persona no sepa la importancia de la ra\u00edz de todo, en eso es que se le miente porque para los enga\u00f1adores es muy importante que no lo sepa.\u00a0<\/p><ul><li>Se le ense\u00f1ar\u00e1 que el origen de todo es circunstancial oficialmente, quiere decir que los mismos que afirman com funciona la lluvia, dicen que no hay un creador<\/li><li>La persona creer\u00e1 en esa mentira porque lo dice la instituci\u00f3n mundial del conocimiento y no porque haya profundizado en por qu\u00e9 eso es verdad y cuales son las informaciones que afirman que no\u00a0<\/li><li>Si se le ense\u00f1a que el origen de todo es creaci\u00f3n, se le ense\u00f1ar\u00e1 tambi\u00e9n que tiene que pertenecer a una secta porque la idea es seguir siendo ateo.<\/li><li>\u00a0<\/li><\/ul>\t\t\t\t\t\t\t\t<\/div>\n\t\t\t\t<\/div>\n\t\t\t\t\t<\/div>\n\t\t<\/div>\n\t\t\t\t\t<\/div>\n\t\t<\/section>\n\t\t\t\t<\/div>","protected":false},"excerpt":{"rendered":"<p>Ultra contexto Lo que hacemos al ser conscientes de saber que existimos en este mundo es permitir que la influencia de nuestro entorno nos moldee tanto para bien como para mal, haciendo que aquello que entendemos sea transmitido a trav\u00e9s de quienes nos han educado, todos quieren ser felices y se complacen cuando pueden hacer [&hellip;]<\/p>\n","protected":false},"author":1,"featured_media":0,"parent":0,"menu_order":0,"comment_status":"closed","ping_status":"closed","template":"","meta":{"_angie_page":false,"iawp_total_views":1,"footnotes":""},"class_list":["post-27626","page","type-page","status-publish","hentry"],"yoast_head":"<!-- This site is optimized with the Yoast SEO Premium plugin v22.8 (Yoast SEO v27.6) - https:\/\/yoast.com\/product\/yoast-seo-premium-wordpress\/ -->\n<title>Ultra contexto - CIG22<\/title>\n<meta name=\"robots\" content=\"index, follow, max-snippet:-1, max-image-preview:large, max-video-preview:-1\" \/>\n<link rel=\"canonical\" href=\"https:\/\/cig22.com\/ar\/ultra-contexto\/\" \/>\n<meta property=\"og:locale\" content=\"ar_AR\" \/>\n<meta property=\"og:type\" content=\"article\" \/>\n<meta property=\"og:title\" content=\"Ultra contexto\" \/>\n<meta property=\"og:description\" content=\"Ultra contexto Lo que hacemos al ser conscientes de saber que existimos en este mundo es permitir que la influencia de nuestro entorno nos moldee tanto para bien como para mal, haciendo que aquello que entendemos sea transmitido a trav\u00e9s de quienes nos han educado, todos quieren ser felices y se complacen cuando pueden hacer [&hellip;]\" \/>\n<meta property=\"og:url\" content=\"https:\/\/cig22.com\/ar\/ultra-contexto\/\" \/>\n<meta property=\"og:site_name\" content=\"CIG22\" \/>\n<meta property=\"article:modified_time\" content=\"2025-08-18T21:30:58+00:00\" \/>\n<meta name=\"twitter:card\" content=\"summary_large_image\" \/>\n<meta name=\"twitter:label1\" content=\"\u0648\u0642\u062a \u0627\u0644\u0642\u0631\u0627\u0621\u0629 \u0627\u0644\u0645\u064f\u0642\u062f\u0651\u0631\" \/>\n\t<meta name=\"twitter:data1\" content=\"9 \u062f\u0642\u0627\u0626\u0642\" \/>\n<script type=\"application\/ld+json\" class=\"yoast-schema-graph\">{\"@context\":\"https:\\\/\\\/schema.org\",\"@graph\":[{\"@type\":\"WebPage\",\"@id\":\"https:\\\/\\\/cig22.com\\\/ultra-contexto\\\/\",\"url\":\"https:\\\/\\\/cig22.com\\\/ultra-contexto\\\/\",\"name\":\"Ultra contexto - CIG22\",\"isPartOf\":{\"@id\":\"https:\\\/\\\/cig22.com\\\/#website\"},\"datePublished\":\"2025-08-14T20:59:00+00:00\",\"dateModified\":\"2025-08-18T21:30:58+00:00\",\"breadcrumb\":{\"@id\":\"https:\\\/\\\/cig22.com\\\/ultra-contexto\\\/#breadcrumb\"},\"inLanguage\":\"ar\",\"potentialAction\":[{\"@type\":\"ReadAction\",\"target\":[\"https:\\\/\\\/cig22.com\\\/ultra-contexto\\\/\"]}]},{\"@type\":\"BreadcrumbList\",\"@id\":\"https:\\\/\\\/cig22.com\\\/ultra-contexto\\\/#breadcrumb\",\"itemListElement\":[{\"@type\":\"ListItem\",\"position\":1,\"name\":\"Portada\",\"item\":\"https:\\\/\\\/cig22.com\\\/\"},{\"@type\":\"ListItem\",\"position\":2,\"name\":\"Ultra contexto\"}]},{\"@type\":\"WebSite\",\"@id\":\"https:\\\/\\\/cig22.com\\\/#website\",\"url\":\"https:\\\/\\\/cig22.com\\\/\",\"name\":\"Apoyo Mutuo\",\"description\":\"\",\"publisher\":{\"@id\":\"https:\\\/\\\/cig22.com\\\/#organization\"},\"potentialAction\":[{\"@type\":\"SearchAction\",\"target\":{\"@type\":\"EntryPoint\",\"urlTemplate\":\"https:\\\/\\\/cig22.com\\\/?s={search_term_string}\"},\"query-input\":{\"@type\":\"PropertyValueSpecification\",\"valueRequired\":true,\"valueName\":\"search_term_string\"}}],\"inLanguage\":\"ar\"},{\"@type\":\"Organization\",\"@id\":\"https:\\\/\\\/cig22.com\\\/#organization\",\"name\":\"Apoyo Mutuo\",\"url\":\"https:\\\/\\\/cig22.com\\\/\",\"logo\":{\"@type\":\"ImageObject\",\"inLanguage\":\"ar\",\"@id\":\"https:\\\/\\\/cig22.com\\\/#\\\/schema\\\/logo\\\/image\\\/\",\"url\":\"https:\\\/\\\/cig22.com\\\/wp-content\\\/uploads\\\/2024\\\/05\\\/logo.png\",\"contentUrl\":\"https:\\\/\\\/cig22.com\\\/wp-content\\\/uploads\\\/2024\\\/05\\\/logo.png\",\"width\":618,\"height\":217,\"caption\":\"Apoyo Mutuo\"},\"image\":{\"@id\":\"https:\\\/\\\/cig22.com\\\/#\\\/schema\\\/logo\\\/image\\\/\"}}]}<\/script>\n<!-- \/ Yoast SEO Premium plugin. -->","yoast_head_json":{"title":"Ultra contexto - CIG22","robots":{"index":"index","follow":"follow","max-snippet":"max-snippet:-1","max-image-preview":"max-image-preview:large","max-video-preview":"max-video-preview:-1"},"canonical":"https:\/\/cig22.com\/ar\/ultra-contexto\/","og_locale":"ar_AR","og_type":"article","og_title":"Ultra contexto","og_description":"Ultra contexto Lo que hacemos al ser conscientes de saber que existimos en este mundo es permitir que la influencia de nuestro entorno nos moldee tanto para bien como para mal, haciendo que aquello que entendemos sea transmitido a trav\u00e9s de quienes nos han educado, todos quieren ser felices y se complacen cuando pueden hacer [&hellip;]","og_url":"https:\/\/cig22.com\/ar\/ultra-contexto\/","og_site_name":"CIG22","article_modified_time":"2025-08-18T21:30:58+00:00","twitter_card":"summary_large_image","twitter_misc":{"\u0648\u0642\u062a \u0627\u0644\u0642\u0631\u0627\u0621\u0629 \u0627\u0644\u0645\u064f\u0642\u062f\u0651\u0631":"9 \u062f\u0642\u0627\u0626\u0642"},"schema":{"@context":"https:\/\/schema.org","@graph":[{"@type":"WebPage","@id":"https:\/\/cig22.com\/ultra-contexto\/","url":"https:\/\/cig22.com\/ultra-contexto\/","name":"Ultra contexto - CIG22","isPartOf":{"@id":"https:\/\/cig22.com\/#website"},"datePublished":"2025-08-14T20:59:00+00:00","dateModified":"2025-08-18T21:30:58+00:00","breadcrumb":{"@id":"https:\/\/cig22.com\/ultra-contexto\/#breadcrumb"},"inLanguage":"ar","potentialAction":[{"@type":"ReadAction","target":["https:\/\/cig22.com\/ultra-contexto\/"]}]},{"@type":"BreadcrumbList","@id":"https:\/\/cig22.com\/ultra-contexto\/#breadcrumb","itemListElement":[{"@type":"ListItem","position":1,"name":"Portada","item":"https:\/\/cig22.com\/"},{"@type":"ListItem","position":2,"name":"Ultra contexto"}]},{"@type":"WebSite","@id":"https:\/\/cig22.com\/#website","url":"https:\/\/cig22.com\/","name":"Apoyo Mutuo","description":"","publisher":{"@id":"https:\/\/cig22.com\/#organization"},"potentialAction":[{"@type":"SearchAction","target":{"@type":"EntryPoint","urlTemplate":"https:\/\/cig22.com\/?s={search_term_string}"},"query-input":{"@type":"PropertyValueSpecification","valueRequired":true,"valueName":"search_term_string"}}],"inLanguage":"ar"},{"@type":"Organization","@id":"https:\/\/cig22.com\/#organization","name":"Apoyo Mutuo","url":"https:\/\/cig22.com\/","logo":{"@type":"ImageObject","inLanguage":"ar","@id":"https:\/\/cig22.com\/#\/schema\/logo\/image\/","url":"https:\/\/cig22.com\/wp-content\/uploads\/2024\/05\/logo.png","contentUrl":"https:\/\/cig22.com\/wp-content\/uploads\/2024\/05\/logo.png","width":618,"height":217,"caption":"Apoyo Mutuo"},"image":{"@id":"https:\/\/cig22.com\/#\/schema\/logo\/image\/"}}]}},"_links":{"self":[{"href":"https:\/\/cig22.com\/ar\/wp-json\/wp\/v2\/pages\/27626","targetHints":{"allow":["GET"]}}],"collection":[{"href":"https:\/\/cig22.com\/ar\/wp-json\/wp\/v2\/pages"}],"about":[{"href":"https:\/\/cig22.com\/ar\/wp-json\/wp\/v2\/types\/page"}],"author":[{"embeddable":true,"href":"https:\/\/cig22.com\/ar\/wp-json\/wp\/v2\/users\/1"}],"replies":[{"embeddable":true,"href":"https:\/\/cig22.com\/ar\/wp-json\/wp\/v2\/comments?post=27626"}],"version-history":[{"count":43,"href":"https:\/\/cig22.com\/ar\/wp-json\/wp\/v2\/pages\/27626\/revisions"}],"predecessor-version":[{"id":27760,"href":"https:\/\/cig22.com\/ar\/wp-json\/wp\/v2\/pages\/27626\/revisions\/27760"}],"wp:attachment":[{"href":"https:\/\/cig22.com\/ar\/wp-json\/wp\/v2\/media?parent=27626"}],"curies":[{"name":"wp","href":"https:\/\/api.w.org\/{rel}","templated":true}]}}